{"id":16468,"date":"2022-09-12T11:12:56","date_gmt":"2022-09-12T11:12:56","guid":{"rendered":"https:\/\/www.zillian.co.ao\/\/?page_id=16468"},"modified":"2023-06-29T21:08:23","modified_gmt":"2023-06-29T21:08:23","slug":"saude","status":"publish","type":"page","link":"https:\/\/www.zillian.co.ao\/en\/saude\/","title":{"rendered":"Medical"},"content":{"rendered":"<div data-elementor-type=\"wp-page\" data-elementor-id=\"16468\" class=\"elementor elementor-16468\">\n\t\t\t\t\t\t\t\t\t<section class=\"elementor-section elementor-top-section elementor-element elementor-element-9ad39a8 elementor-section-stretched elementor-section-boxed elementor-section-height-default elementor-section-height-default jltma-glass-effect-no wpr-particle-no wpr-jarallax-no wpr-parallax-no wpr-sticky-section-no\" data-id=\"9ad39a8\" data-element_type=\"section\" data-settings=\"{&quot;background_background&quot;:&quot;classic&quot;,&quot;stretch_section&quot;:&quot;section-stretched&quot;}\">\n\t\t\t\t\t\t\t<div class=\"elementor-background-overlay\"><\/div>\n\t\t\t\t\t\t\t<div class=\"elementor-container elementor-column-gap-default\">\n\t\t\t\t\t<div class=\"elementor-column elementor-col-100 elementor-top-column elementor-element elementor-element-5291402 jltma-glass-effect-no\" data-id=\"5291402\" data-element_type=\"column\" data-settings=\"{&quot;animation&quot;:&quot;none&quot;,&quot;animation_delay&quot;:200}\">\n\t\t\t<div class=\"elementor-widget-wrap elementor-element-populated\">\n\t\t\t\t\t\t\t\t<div class=\"elementor-element elementor-element-3a129ba elementor-widget__width-initial elementor-widget-tablet__width-initial jltma-glass-effect-no elementor-widget elementor-widget-wgl-double-heading\" data-id=\"3a129ba\" data-element_type=\"widget\" data-widget_type=\"wgl-double-heading.default\">\n\t\t\t\t<div class=\"elementor-widget-container\">\n\t\t\t<div class=\"wgl-double-heading\"><h5 class=\"dblh__title-wrapper\"><span class=\"dblh__title dblh__title-1\">Medical<\/span><\/h5><\/div>\t\t<\/div>\n\t\t\t\t<\/div>\n\t\t\t\t<div class=\"elementor-element elementor-element-142eec1 elementor-widget-tablet__width-initial elementor-widget-mobile__width-inherit elementor-hidden-tablet elementor-hidden-mobile jltma-glass-effect-no elementor-widget elementor-widget-text-editor\" data-id=\"142eec1\" data-element_type=\"widget\" data-widget_type=\"text-editor.default\">\n\t\t\t\t<div class=\"elementor-widget-container\">\n\t\t\t<style>\/*! elementor - v3.14.0 - 26-06-2023 *\/\n.elementor-widget-text-editor.elementor-drop-cap-view-stacked .elementor-drop-cap{background-color:#69727d;color:#fff}.elementor-widget-text-editor.elementor-drop-cap-view-framed .elementor-drop-cap{color:#69727d;border:3px solid;background-color:transparent}.elementor-widget-text-editor:not(.elementor-drop-cap-view-default) .elementor-drop-cap{margin-top:8px}.elementor-widget-text-editor:not(.elementor-drop-cap-view-default) .elementor-drop-cap-letter{width:1em;height:1em}.elementor-widget-text-editor .elementor-drop-cap{float:left;text-align:center;line-height:1;font-size:50px}.elementor-widget-text-editor .elementor-drop-cap-letter{display:inline-block}<\/style>\t\t\t\t<p class=\"p1\"><span style=\"color: #ffffff;\"><a href=\"https:\/\/www.zillian.co.ao\/en\/o_que_fazemos\/\" style=\"color: #ffffff;\">What We Do<\/a>\u00a0 \u00a0&gt;\u00a0 \u00a0<a href=\"https:\/\/www.zillian.co.ao\/en\/o_que_fazemos\/\" style=\"color: #ffffff;\">Insurance<\/a>\u00a0 &gt;\u00a0 \u00a0<a href=\"https:\/\/www.zillian.co.ao\/en\/o_que_fazemos\/\" style=\"color: #ffffff;\">By Class<\/a>\u00a0 &gt;\u00a0 \u00a0<a href=\"https:\/\/www.zillian.co.ao\/en\/saude\/\" style=\"color: #ffffff;\">Medical<\/a><\/span><\/p>\t\t\t\t\t\t<\/div>\n\t\t\t\t<\/div>\n\t\t\t\t\t<\/div>\n\t\t<\/div>\n\t\t\t\t\t\t\t<\/div>\n\t\t<\/section>\n\t\t\t\t<section class=\"elementor-section elementor-top-section elementor-element elementor-element-74081d1 elementor-section-content-top elementor-section-stretched elementor-section-boxed elementor-section-height-default elementor-section-height-default jltma-glass-effect-no wpr-particle-no wpr-jarallax-no wpr-parallax-no wpr-sticky-section-no\" data-id=\"74081d1\" data-element_type=\"section\" data-settings=\"{&quot;stretch_section&quot;:&quot;section-stretched&quot;}\">\n\t\t\t\t\t\t<div class=\"elementor-container elementor-column-gap-default\">\n\t\t\t\t\t<div class=\"elementor-column elementor-col-100 elementor-top-column elementor-element elementor-element-fc1761c jltma-glass-effect-no\" data-id=\"fc1761c\" data-element_type=\"column\">\n\t\t\t<div class=\"elementor-widget-wrap elementor-element-populated\">\n\t\t\t\t\t\t\t\t<div class=\"elementor-element elementor-element-f000698 elementor-widget__width-inherit elementor-widget-tablet__width-inherit jltma-glass-effect-no elementor-widget elementor-widget-wgl-double-heading\" data-id=\"f000698\" data-element_type=\"widget\" data-widget_type=\"wgl-double-heading.default\">\n\t\t\t\t<div class=\"elementor-widget-container\">\n\t\t\t<div class=\"wgl-double-heading\"><div class=\"dblh__subtitle\">Medical<\/div><h5 class=\"dblh__title-wrapper\"><span class=\"dblh__title dblh__title-1\">Explore the solutions we offer for your business<\/span><\/h5><\/div>\t\t<\/div>\n\t\t\t\t<\/div>\n\t\t\t\t<div class=\"elementor-element elementor-element-2c0e674 jltma-glass-effect-no elementor-widget elementor-widget-ma-tabs\" data-id=\"2c0e674\" data-element_type=\"widget\" data-widget_type=\"ma-tabs.default\">\n\t\t\t\t<div class=\"elementor-widget-container\">\n\t\t\t\n\n\t\t<div id=\"jltma--advance-tabs-2c0e674\" class=\"jltma--advance-tab four\" data-tab-effect=\"click\" data-tabs>\n\n\t\t\t\n\t\t\t\t<ul class=\"jltma--advance-tab-nav\">\n\t\t\t\t\t\t\t\t\t\t\t<li class=\"active\" data-tab data-tab-id=\"jltma-tab-2c0e6740\">\n\t\t\t\t\t\t\t<i aria-hidden=\"true\" class=\"simple-line-icons icon-arrow-right\"><\/i>\t\t\t\t\t\t\t\t\t\t\t\t\t\t\t<span class=\"jltma--tab-title\">\n\t\t\t\t\t\t\t\tMedical Insurance\t\t\t\t\t\t\t<\/span>\n\t\t\t\t\t\t<\/li>\n\t\t\t\t\t\t\t\t\t\t\t<li class=\"\" data-tab data-tab-id=\"jltma-tab-2c0e6741\">\n\t\t\t\t\t\t\t<i aria-hidden=\"true\" class=\"simple-line-icons icon-arrow-right\"><\/i>\t\t\t\t\t\t\t\t\t\t\t\t\t\t\t<span class=\"jltma--tab-title\">\n\t\t\t\t\t\t\t\tMedical Plan\t\t\t\t\t\t\t<\/span>\n\t\t\t\t\t\t<\/li>\n\t\t\t\t\t\t\t\t\t<\/ul>\n\n\t\t\t\t\n\t\t\t\t<div class=\"tab-content\">\n\t\t\t\t\t\t\t\t\t\t\t<div id=\"jltma-tab-2c0e6740\" class=\"jltma--advance-tab-content tab-pane active\">\n\t\t\t\t\t\t\t<p><span style=\"font-size: 14pt; color: #bc0008;\"><strong>Medical Insurance<\/strong><\/span><\/p><p>Medical Insurance protects your employees and their dependents against the risk of illness or accident. The most common benefits are In-Patient, Out-Patient, Prescribed Medication, Maternity and Emergency Evacuation.<\/p><p>It can also include Dental and Vision benefits.<\/p><p><b>Contact our experts for quotes from multiple insurers and a complete comparison.<\/b><\/p><p><strong><p style=\"color:transparent\">.<p> <\/strong><\/p><p><a href=\"\/en\/#popmake-17431\"><button class=\"primary-btn primary-btn_success\">Learn More<\/button><\/a><\/p>\t\t\t\t\t\t<\/div><!-- jltma--advance-tab-content -->\n\t\t\t\t\t\t\t\t\t\t\t<div id=\"jltma-tab-2c0e6741\" class=\"jltma--advance-tab-content tab-pane\">\n\t\t\t\t\t\t\t<p><span><span style=\"font-size: 14pt; color: #bc0008;\"><strong>Medical Plan<\/strong><\/span><\/span><\/p><p><span>In terms of its benefits to employees and dependents, a Medical Plan\ncan be very similar to a Medical Insurance.<\/span><\/p><p><span>However, because it usually\nincludes a self-insurance component, this type of solution can be more\nflexible when designing benefits and financially more advantageous for\nlarge groups.<\/span><\/p><p><strong><p style=\"color:transparent\">.<p> <\/strong><\/p><p><a href=\"\/en\/#popmake-17431\"><button class=\"primary-btn primary-btn_success\">Learn More<\/button><\/a><\/p>\t\t\t\t\t\t<\/div><!-- jltma--advance-tab-content -->\n\t\t\t\t\t\t\t\t\t<\/div> <!-- tab-content -->\n\n\n\t\t\t\t\n\t\t<\/div>\n\t\t<\/div>\n\t\t\t\t<\/div>\n\t\t\t\t\t<\/div>\n\t\t<\/div>\n\t\t\t\t\t\t\t<\/div>\n\t\t<\/section>\n\t\t\t\t\t\t\t<\/div>","protected":false},"excerpt":{"rendered":"<p>Sa\u00fade O Que Fazemos\u00a0 \u00a0&gt;\u00a0 \u00a0Seguro\u00a0 &gt;\u00a0 \u00a0Por Ramo\u00a0 &gt;\u00a0 \u00a0Sa\u00fade Sa\u00fade Explore as solu\u00e7\u00f5es que oferecemos para o seu neg\u00f3cio Seguro de Sa\u00fade Plano de Sa\u00fade Seguro de Sa\u00fade O Seguro de Sa\u00fade protege os seus colaboradores e respectivas fam\u00edlias do risco de doen\u00e7a ou acidente. Entre os benef\u00edcios mais comuns podemos encontrar Internamento e Cirurgia, Consultas e Exames, Medicamentos, Maternidade e Evacua\u00e7\u00e3o de Emerg\u00eancia para o Estrangeiro. Tamb\u00e9m pode incluir os benef\u00edcios de Estomatologia\/Dentista e Oftalmologia\/Vis\u00e3o. Contacte os nossos especialistas para obter cota\u00e7\u00f5es de v\u00e1rias seguradoras e um comparativo completo. Saber mais Plano de Sa\u00fade Em termos dos seus benef\u00edcios para colaboradores e dependentes, um Plano de Sa\u00fade pode ser muito semelhante a um Seguro de Sa\u00fade. No entanto, uma vez que normalmente inclui uma componente de auto-seguro, este tipo de solu\u00e7\u00e3o \u00e9 normalmente mais flex\u00edvel no desenho de benef\u00edcios e pode ser financeiramente mais vantajoso para grupos grandes. Contacte os nossos especialistas para obter cota\u00e7\u00f5es de v\u00e1rias seguradoras e um comparativo completo. Saber mais<\/p>","protected":false},"author":3,"featured_media":0,"parent":0,"menu_order":0,"comment_status":"closed","ping_status":"closed","template":"","meta":{"nf_dc_page":"","om_disable_all_campaigns":false,"loftloader_page_shortcode":"","footnotes":""},"class_list":["post-16468","page","type-page","status-publish","hentry"],"_links":{"self":[{"href":"https:\/\/www.zillian.co.ao\/en\/wp-json\/wp\/v2\/pages\/16468","targetHints":{"allow":["GET"]}}],"collection":[{"href":"https:\/\/www.zillian.co.ao\/en\/wp-json\/wp\/v2\/pages"}],"about":[{"href":"https:\/\/www.zillian.co.ao\/en\/wp-json\/wp\/v2\/types\/page"}],"author":[{"embeddable":true,"href":"https:\/\/www.zillian.co.ao\/en\/wp-json\/wp\/v2\/users\/3"}],"replies":[{"embeddable":true,"href":"https:\/\/www.zillian.co.ao\/en\/wp-json\/wp\/v2\/comments?post=16468"}],"version-history":[{"count":0,"href":"https:\/\/www.zillian.co.ao\/en\/wp-json\/wp\/v2\/pages\/16468\/revisions"}],"wp:attachment":[{"href":"https:\/\/www.zillian.co.ao\/en\/wp-json\/wp\/v2\/media?parent=16468"}],"curies":[{"name":"wp","href":"https:\/\/api.w.org\/{rel}","templated":true}]}}