{"id":16639,"date":"2022-09-12T16:14:11","date_gmt":"2022-09-12T16:14:11","guid":{"rendered":"https:\/\/www.zillian.co.ao\/\/?page_id=16639"},"modified":"2023-06-29T21:17:30","modified_gmt":"2023-06-29T21:17:30","slug":"maritimo","status":"publish","type":"page","link":"https:\/\/www.zillian.co.ao\/en\/maritimo\/","title":{"rendered":"Marine"},"content":{"rendered":"<div data-elementor-type=\"wp-page\" data-elementor-id=\"16639\" class=\"elementor elementor-16639\">\n\t\t\t\t\t\t\t\t\t<section class=\"elementor-section elementor-top-section elementor-element elementor-element-d509eec elementor-section-stretched elementor-section-boxed elementor-section-height-default elementor-section-height-default jltma-glass-effect-no wpr-particle-no wpr-jarallax-no wpr-parallax-no wpr-sticky-section-no\" data-id=\"d509eec\" data-element_type=\"section\" data-settings=\"{&quot;background_background&quot;:&quot;classic&quot;,&quot;stretch_section&quot;:&quot;section-stretched&quot;}\">\n\t\t\t\t\t\t\t<div class=\"elementor-background-overlay\"><\/div>\n\t\t\t\t\t\t\t<div class=\"elementor-container elementor-column-gap-default\">\n\t\t\t\t\t<div class=\"elementor-column elementor-col-100 elementor-top-column elementor-element elementor-element-b3fcdd5 jltma-glass-effect-no\" data-id=\"b3fcdd5\" data-element_type=\"column\" data-settings=\"{&quot;animation&quot;:&quot;none&quot;,&quot;animation_delay&quot;:200}\">\n\t\t\t<div class=\"elementor-widget-wrap elementor-element-populated\">\n\t\t\t\t\t\t\t\t<div class=\"elementor-element elementor-element-6a2ee6e elementor-widget__width-initial elementor-widget-tablet__width-initial jltma-glass-effect-no elementor-widget elementor-widget-wgl-double-heading\" data-id=\"6a2ee6e\" data-element_type=\"widget\" data-widget_type=\"wgl-double-heading.default\">\n\t\t\t\t<div class=\"elementor-widget-container\">\n\t\t\t<div class=\"wgl-double-heading\"><h5 class=\"dblh__title-wrapper\"><span class=\"dblh__title dblh__title-1\">Marine<\/span><\/h5><\/div>\t\t<\/div>\n\t\t\t\t<\/div>\n\t\t\t\t<div class=\"elementor-element elementor-element-ecced2a elementor-widget-tablet__width-initial elementor-widget-mobile__width-inherit elementor-hidden-tablet elementor-hidden-mobile jltma-glass-effect-no elementor-widget elementor-widget-text-editor\" data-id=\"ecced2a\" data-element_type=\"widget\" data-widget_type=\"text-editor.default\">\n\t\t\t\t<div class=\"elementor-widget-container\">\n\t\t\t<style>\/*! elementor - v3.14.0 - 26-06-2023 *\/\n.elementor-widget-text-editor.elementor-drop-cap-view-stacked .elementor-drop-cap{background-color:#69727d;color:#fff}.elementor-widget-text-editor.elementor-drop-cap-view-framed .elementor-drop-cap{color:#69727d;border:3px solid;background-color:transparent}.elementor-widget-text-editor:not(.elementor-drop-cap-view-default) .elementor-drop-cap{margin-top:8px}.elementor-widget-text-editor:not(.elementor-drop-cap-view-default) .elementor-drop-cap-letter{width:1em;height:1em}.elementor-widget-text-editor .elementor-drop-cap{float:left;text-align:center;line-height:1;font-size:50px}.elementor-widget-text-editor .elementor-drop-cap-letter{display:inline-block}<\/style>\t\t\t\t<p class=\"p1\"><span style=\"color: #ffffff;\"><a href=\"https:\/\/www.zillian.co.ao\/en\/o_que_fazemos\/\" style=\"color: #ffffff;\">What We Do<\/a>\u00a0 \u00a0&gt;\u00a0 \u00a0<a href=\"https:\/\/www.zillian.co.ao\/en\/o_que_fazemos\/\" style=\"color: #ffffff;\">Insurance<\/a>\u00a0 &gt;\u00a0 \u00a0<a href=\"https:\/\/www.zillian.co.ao\/en\/o_que_fazemos\/\" style=\"color: #ffffff;\">By Industry<\/a>\u00a0 &gt;\u00a0 \u00a0<a href=\"https:\/\/www.zillian.co.ao\/en\/maritimo\/\" style=\"color: #ffffff;\">Marine<\/a><\/span><\/p>\t\t\t\t\t\t<\/div>\n\t\t\t\t<\/div>\n\t\t\t\t\t<\/div>\n\t\t<\/div>\n\t\t\t\t\t\t\t<\/div>\n\t\t<\/section>\n\t\t\t\t<section class=\"elementor-section elementor-top-section elementor-element elementor-element-399fd1f elementor-section-content-top elementor-section-stretched elementor-section-boxed elementor-section-height-default elementor-section-height-default jltma-glass-effect-no wpr-particle-no wpr-jarallax-no wpr-parallax-no wpr-sticky-section-no\" data-id=\"399fd1f\" data-element_type=\"section\" data-settings=\"{&quot;stretch_section&quot;:&quot;section-stretched&quot;}\">\n\t\t\t\t\t\t<div class=\"elementor-container elementor-column-gap-default\">\n\t\t\t\t\t<div class=\"elementor-column elementor-col-100 elementor-top-column elementor-element elementor-element-0cc0d53 jltma-glass-effect-no\" data-id=\"0cc0d53\" data-element_type=\"column\">\n\t\t\t<div class=\"elementor-widget-wrap elementor-element-populated\">\n\t\t\t\t\t\t\t\t<div class=\"elementor-element elementor-element-6ee9c6b elementor-widget__width-inherit elementor-widget-tablet__width-inherit jltma-glass-effect-no elementor-widget elementor-widget-wgl-double-heading\" data-id=\"6ee9c6b\" data-element_type=\"widget\" data-widget_type=\"wgl-double-heading.default\">\n\t\t\t\t<div class=\"elementor-widget-container\">\n\t\t\t<div class=\"wgl-double-heading\"><div class=\"dblh__subtitle\">Marine<\/div><h5 class=\"dblh__title-wrapper\"><span class=\"dblh__title dblh__title-1\">Explore the solutions we offer for your business<\/span><\/h5><\/div>\t\t<\/div>\n\t\t\t\t<\/div>\n\t\t\t\t<div class=\"elementor-element elementor-element-4e8b025 jltma-glass-effect-no elementor-widget elementor-widget-ma-tabs\" data-id=\"4e8b025\" data-element_type=\"widget\" data-widget_type=\"ma-tabs.default\">\n\t\t\t\t<div class=\"elementor-widget-container\">\n\t\t\t\n\n\t\t<div id=\"jltma--advance-tabs-4e8b025\" class=\"jltma--advance-tab four\" data-tab-effect=\"click\" data-tabs>\n\n\t\t\t\n\t\t\t\t<ul class=\"jltma--advance-tab-nav\">\n\t\t\t\t\t\t\t\t\t\t\t<li class=\"active\" data-tab data-tab-id=\"jltma-tab-4e8b0250\">\n\t\t\t\t\t\t\t<i aria-hidden=\"true\" class=\"simple-line-icons icon-arrow-right\"><\/i>\t\t\t\t\t\t\t\t\t\t\t\t\t\t\t<span class=\"jltma--tab-title\">\n\t\t\t\t\t\t\t\tHull and Hull War\t\t\t\t\t\t\t<\/span>\n\t\t\t\t\t\t<\/li>\n\t\t\t\t\t\t\t\t\t\t\t<li class=\"\" data-tab data-tab-id=\"jltma-tab-4e8b0251\">\n\t\t\t\t\t\t\t<i aria-hidden=\"true\" class=\"simple-line-icons icon-arrow-right\"><\/i>\t\t\t\t\t\t\t\t\t\t\t\t\t\t\t<span class=\"jltma--tab-title\">\n\t\t\t\t\t\t\t\tMarine Liability\t\t\t\t\t\t\t<\/span>\n\t\t\t\t\t\t<\/li>\n\t\t\t\t\t\t\t\t\t\t\t<li class=\"\" data-tab data-tab-id=\"jltma-tab-4e8b0252\">\n\t\t\t\t\t\t\t<i aria-hidden=\"true\" class=\"simple-line-icons icon-arrow-right\"><\/i>\t\t\t\t\t\t\t\t\t\t\t\t\t\t\t<span class=\"jltma--tab-title\">\n\t\t\t\t\t\t\t\tP&#038;I \u2013 Protection &#038; Indemnity\t\t\t\t\t\t\t<\/span>\n\t\t\t\t\t\t<\/li>\n\t\t\t\t\t\t\t\t\t<\/ul>\n\n\t\t\t\t\n\t\t\t\t<div class=\"tab-content\">\n\t\t\t\t\t\t\t\t\t\t\t<div id=\"jltma-tab-4e8b0250\" class=\"jltma--advance-tab-content tab-pane active\">\n\t\t\t\t\t\t\t<p><span style=\"font-size: 14pt; color: #bc0008;\"><strong>Hull and Hull War<\/strong><\/span><\/p><p class=\"p1\"><span>Hull War Insurance covers physical damage to various types of marine vessels,\nincluding passenger, cargo, leisure, and others. With the addition of Hull War cover, it\nis possible to buy hull protection for losses incurred as a result of political instability,\nriots and war.<\/span><\/p><p><strong><p style=\"color:transparent\">.<p> <\/strong><\/p><p><a href=\"\/en\/#popmake-17431\"><button class=\"primary-btn primary-btn_success\">Learn More<\/button><\/a><\/p>\t\t\t\t\t\t<\/div><!-- jltma--advance-tab-content -->\n\t\t\t\t\t\t\t\t\t\t\t<div id=\"jltma-tab-4e8b0251\" class=\"jltma--advance-tab-content tab-pane\">\n\t\t\t\t\t\t\t<p><span style=\"font-size: 14pt; color: #bc0008;\"><strong>Marine Liability<\/strong><\/span><\/p><p class=\"p1\"><span>Marine Liability Insurance protects the insured in case of damage caused to third\nparties, in the context of marine operations. It is tailored to a wide range of activities,\nincluding terminal operators, port authorities, stevedoring, and ship builders and\nrepairers.<\/span><\/p><p>Also, in the context of insurance for fishing vessels and leisure craft, \u201cMarine Liability\u201d\nalso refers to the cover which protects the insured against damage caused to third\nparties by the vessel or craft.<\/p><p><strong><p style=\"color:transparent\">.<p> <\/strong><\/p><p><a href=\"\/en\/#popmake-17431\"><button class=\"primary-btn primary-btn_success\">Learn More<\/button><\/a><\/p>\t\t\t\t\t\t<\/div><!-- jltma--advance-tab-content -->\n\t\t\t\t\t\t\t\t\t\t\t<div id=\"jltma-tab-4e8b0252\" class=\"jltma--advance-tab-content tab-pane\">\n\t\t\t\t\t\t\t<p><span style=\"font-size: 14pt; color: #bc0008;\"><strong>P&amp;I \u2013 Protection &amp; Indemnity<\/strong><\/span><\/p><p class=\"p1\"><span>Protection &amp; Indemnity (P&amp;I) Insurance protects shipowners and operators of\ncommercial vessels against a wide range of liability risks, including bodily damage to\ncrews, passengers and other third parties, collision, pollution, damage to transported\ncargo, wreck removal, fines, etc.<\/span><\/p><p><span>It differs from traditional insurance because it is offered by mutual associations called\nP&amp;I Clubs (instead of traditional insurers), and by the scope of cover, which is\nsubstantially wider than what would be offered by the traditional insurance market.<\/span><\/p><p><strong><p style=\"color:transparent\">.<p> <\/strong><\/p><p><a href=\"\/en\/#popmake-17431\"><button class=\"primary-btn primary-btn_success\">Learn More<\/button><\/a><\/p>\t\t\t\t\t\t<\/div><!-- jltma--advance-tab-content -->\n\t\t\t\t\t\t\t\t\t<\/div> <!-- tab-content -->\n\n\n\t\t\t\t\n\t\t<\/div>\n\t\t<\/div>\n\t\t\t\t<\/div>\n\t\t\t\t\t<\/div>\n\t\t<\/div>\n\t\t\t\t\t\t\t<\/div>\n\t\t<\/section>\n\t\t\t\t\t\t\t<\/div>","protected":false},"excerpt":{"rendered":"<p>Mar\u00edtimo O Que Fazemos\u00a0 \u00a0&gt;\u00a0 \u00a0Seguro\u00a0 &gt;\u00a0 \u00a0Por Ind\u00fastria\u00a0 &gt;\u00a0 \u00a0Mar\u00edtimo Mar\u00edtimo Explore as solu\u00e7\u00f5es que oferecemos para o seu neg\u00f3cio Casco e Guerra Responsabilidade Civil Mar\u00edtima P&#038;I \u2013 Protection &#038; Indemnity Casco e Guerra O Seguro de Casco cobre os danos f\u00edsicos a embarca\u00e7\u00f5es de transporte de passageiros, de carga, de recreio, e outras. A cobertura adicional de Casco Guerra fornece protec\u00e7\u00e3o do casco para perdas ocorridas durante instabilidades pol\u00edticas, tumultos e guerras. Contacte os nossos especialistas para obter cota\u00e7\u00f5es de v\u00e1rias seguradoras e um comparativo completo. Saber mais Responsabilidade Civil Mar\u00edtima O Seguro de Responsabilidade Civil Mar\u00edtima protege o segurado em caso de danos causados a terceiros, no \u00e2mbito da actividade mar\u00edtima. Destina-se a um leque alargado de actividades, incluindo operadores de terminais, autoridades portu\u00e1rias, estivadores, e empresas de constru\u00e7\u00e3o e repara\u00e7\u00e3o naval. Por outro lado, no contexto do seguro de embarca\u00e7\u00f5es de pesca e de recreio, tamb\u00e9m se utiliza o termo \u201cResponsabilidade Civil Mar\u00edtima\u201d para designar a cobertura que protege o segurado contra danos causados a terceiros pela embarca\u00e7\u00e3o. Contacte os nossos especialistas para obter cota\u00e7\u00f5es de v\u00e1rias seguradoras e um comparativo completo. Saber mais P&amp;I \u2013 Protection &amp; Indemnity O Seguro de Protection &amp; Indemnity (P&amp;I) protege os propriet\u00e1rios ou operadores de embarca\u00e7\u00f5es mar\u00edtimas comerciais contra um leque alargado de riscos de responsabilidade perante terceiros, incluindo danos corporais \u00e0 tripula\u00e7\u00e3o, passageiros e outros terceiros, colis\u00e3o, polui\u00e7\u00e3o, danos \u00e0 carga transportada, remo\u00e7\u00e3o de destro\u00e7os, multas, etc. Difere dos seguros tradicionais pelo facto de ser disponibilizado por associa\u00e7\u00f5es mutualistas designadas Clubes P&amp;I (em vez de seguradoras tradicionais), e pelo facto de o \u00e2mbito de cobertura ser substancialmente mais alargado do que seria tipicamente oferecido pelo mercado tradicional de seguros. Contacte os nossos especialistas para obter cota\u00e7\u00f5es de v\u00e1rias seguradoras e um comparativo completo. Saber mais<\/p>","protected":false},"author":3,"featured_media":0,"parent":0,"menu_order":0,"comment_status":"closed","ping_status":"closed","template":"","meta":{"nf_dc_page":"","om_disable_all_campaigns":false,"loftloader_page_shortcode":"","footnotes":""},"class_list":["post-16639","page","type-page","status-publish","hentry"],"_links":{"self":[{"href":"https:\/\/www.zillian.co.ao\/en\/wp-json\/wp\/v2\/pages\/16639","targetHints":{"allow":["GET"]}}],"collection":[{"href":"https:\/\/www.zillian.co.ao\/en\/wp-json\/wp\/v2\/pages"}],"about":[{"href":"https:\/\/www.zillian.co.ao\/en\/wp-json\/wp\/v2\/types\/page"}],"author":[{"embeddable":true,"href":"https:\/\/www.zillian.co.ao\/en\/wp-json\/wp\/v2\/users\/3"}],"replies":[{"embeddable":true,"href":"https:\/\/www.zillian.co.ao\/en\/wp-json\/wp\/v2\/comments?post=16639"}],"version-history":[{"count":0,"href":"https:\/\/www.zillian.co.ao\/en\/wp-json\/wp\/v2\/pages\/16639\/revisions"}],"wp:attachment":[{"href":"https:\/\/www.zillian.co.ao\/en\/wp-json\/wp\/v2\/media?parent=16639"}],"curies":[{"name":"wp","href":"https:\/\/api.w.org\/{rel}","templated":true}]}}