{"id":16655,"date":"2022-09-12T16:23:31","date_gmt":"2022-09-12T16:23:31","guid":{"rendered":"https:\/\/www.zillian.co.ao\/\/?page_id=16655"},"modified":"2023-06-29T21:16:11","modified_gmt":"2023-06-29T21:16:11","slug":"petroleo_gas","status":"publish","type":"page","link":"https:\/\/www.zillian.co.ao\/en\/petroleo_gas\/","title":{"rendered":"Oil &amp; Gas"},"content":{"rendered":"<div data-elementor-type=\"wp-page\" data-elementor-id=\"16655\" class=\"elementor elementor-16655\">\n\t\t\t\t\t\t\t\t\t<section class=\"elementor-section elementor-top-section elementor-element elementor-element-b11c2e3 elementor-section-stretched elementor-section-boxed elementor-section-height-default elementor-section-height-default jltma-glass-effect-no wpr-particle-no wpr-jarallax-no wpr-parallax-no wpr-sticky-section-no\" data-id=\"b11c2e3\" data-element_type=\"section\" data-settings=\"{&quot;background_background&quot;:&quot;classic&quot;,&quot;stretch_section&quot;:&quot;section-stretched&quot;}\">\n\t\t\t\t\t\t\t<div class=\"elementor-background-overlay\"><\/div>\n\t\t\t\t\t\t\t<div class=\"elementor-container elementor-column-gap-default\">\n\t\t\t\t\t<div class=\"elementor-column elementor-col-100 elementor-top-column elementor-element elementor-element-682d6a9 jltma-glass-effect-no\" data-id=\"682d6a9\" data-element_type=\"column\" data-settings=\"{&quot;animation&quot;:&quot;none&quot;,&quot;animation_delay&quot;:200}\">\n\t\t\t<div class=\"elementor-widget-wrap elementor-element-populated\">\n\t\t\t\t\t\t\t\t<div class=\"elementor-element elementor-element-bcf0c0c elementor-widget__width-initial elementor-widget-tablet__width-initial jltma-glass-effect-no elementor-widget elementor-widget-wgl-double-heading\" data-id=\"bcf0c0c\" data-element_type=\"widget\" data-widget_type=\"wgl-double-heading.default\">\n\t\t\t\t<div class=\"elementor-widget-container\">\n\t\t\t<div class=\"wgl-double-heading\"><h5 class=\"dblh__title-wrapper\"><span class=\"dblh__title dblh__title-1\">Oil &amp; Gas<\/span><\/h5><\/div>\t\t<\/div>\n\t\t\t\t<\/div>\n\t\t\t\t<div class=\"elementor-element elementor-element-b01deac elementor-widget-tablet__width-initial elementor-widget-mobile__width-inherit elementor-hidden-tablet elementor-hidden-mobile jltma-glass-effect-no elementor-widget elementor-widget-text-editor\" data-id=\"b01deac\" data-element_type=\"widget\" data-widget_type=\"text-editor.default\">\n\t\t\t\t<div class=\"elementor-widget-container\">\n\t\t\t<style>\/*! elementor - v3.14.0 - 26-06-2023 *\/\n.elementor-widget-text-editor.elementor-drop-cap-view-stacked .elementor-drop-cap{background-color:#69727d;color:#fff}.elementor-widget-text-editor.elementor-drop-cap-view-framed .elementor-drop-cap{color:#69727d;border:3px solid;background-color:transparent}.elementor-widget-text-editor:not(.elementor-drop-cap-view-default) .elementor-drop-cap{margin-top:8px}.elementor-widget-text-editor:not(.elementor-drop-cap-view-default) .elementor-drop-cap-letter{width:1em;height:1em}.elementor-widget-text-editor .elementor-drop-cap{float:left;text-align:center;line-height:1;font-size:50px}.elementor-widget-text-editor .elementor-drop-cap-letter{display:inline-block}<\/style>\t\t\t\t<p class=\"p1\"><span style=\"color: #ffffff;\"><a href=\"https:\/\/www.zillian.co.ao\/en\/o_que_fazemos\/\" style=\"color: #ffffff;\">What We Do<\/a>\u00a0 \u00a0&gt;\u00a0 \u00a0<a href=\"https:\/\/www.zillian.co.ao\/en\/o_que_fazemos\/\" style=\"color: #ffffff;\">Insurance<\/a>\u00a0 &gt;\u00a0 \u00a0<a href=\"https:\/\/www.zillian.co.ao\/en\/o_que_fazemos\/\" style=\"color: #ffffff;\">By Industry<\/a>\u00a0 &gt;\u00a0 \u00a0<a href=\"https:\/\/www.zillian.co.ao\/en\/petroleo_gas\/\" style=\"color: #ffffff;\">Oil &amp; Gas<\/a><\/span><\/p>\t\t\t\t\t\t<\/div>\n\t\t\t\t<\/div>\n\t\t\t\t\t<\/div>\n\t\t<\/div>\n\t\t\t\t\t\t\t<\/div>\n\t\t<\/section>\n\t\t\t\t<section class=\"elementor-section elementor-top-section elementor-element elementor-element-5062072 elementor-section-content-top elementor-section-stretched elementor-section-boxed elementor-section-height-default elementor-section-height-default jltma-glass-effect-no wpr-particle-no wpr-jarallax-no wpr-parallax-no wpr-sticky-section-no\" data-id=\"5062072\" data-element_type=\"section\" data-settings=\"{&quot;stretch_section&quot;:&quot;section-stretched&quot;}\">\n\t\t\t\t\t\t<div class=\"elementor-container elementor-column-gap-default\">\n\t\t\t\t\t<div class=\"elementor-column elementor-col-100 elementor-top-column elementor-element elementor-element-b6ac1e3 jltma-glass-effect-no\" data-id=\"b6ac1e3\" data-element_type=\"column\">\n\t\t\t<div class=\"elementor-widget-wrap elementor-element-populated\">\n\t\t\t\t\t\t\t\t<div class=\"elementor-element elementor-element-b41bbaa elementor-widget__width-inherit elementor-widget-tablet__width-inherit jltma-glass-effect-no elementor-widget elementor-widget-wgl-double-heading\" data-id=\"b41bbaa\" data-element_type=\"widget\" data-widget_type=\"wgl-double-heading.default\">\n\t\t\t\t<div class=\"elementor-widget-container\">\n\t\t\t<div class=\"wgl-double-heading\"><div class=\"dblh__subtitle\">Oil &amp; Gas<\/div><h5 class=\"dblh__title-wrapper\"><span class=\"dblh__title dblh__title-1\">Explore the solutions we offer for your business<\/span><\/h5><\/div>\t\t<\/div>\n\t\t\t\t<\/div>\n\t\t\t\t<div class=\"elementor-element elementor-element-1375362 jltma-glass-effect-no elementor-widget elementor-widget-ma-tabs\" data-id=\"1375362\" data-element_type=\"widget\" data-widget_type=\"ma-tabs.default\">\n\t\t\t\t<div class=\"elementor-widget-container\">\n\t\t\t\n\n\t\t<div id=\"jltma--advance-tabs-1375362\" class=\"jltma--advance-tab four\" data-tab-effect=\"click\" data-tabs>\n\n\t\t\t\n\t\t\t\t<ul class=\"jltma--advance-tab-nav\">\n\t\t\t\t\t\t\t\t\t\t\t<li class=\"active\" data-tab data-tab-id=\"jltma-tab-13753620\">\n\t\t\t\t\t\t\t<i aria-hidden=\"true\" class=\"simple-line-icons icon-arrow-right\"><\/i>\t\t\t\t\t\t\t\t\t\t\t\t\t\t\t<span class=\"jltma--tab-title\">\n\t\t\t\t\t\t\t\tEnergy Operational\t\t\t\t\t\t\t<\/span>\n\t\t\t\t\t\t<\/li>\n\t\t\t\t\t\t\t\t\t\t\t<li class=\"\" data-tab data-tab-id=\"jltma-tab-13753621\">\n\t\t\t\t\t\t\t<i aria-hidden=\"true\" class=\"simple-line-icons icon-arrow-right\"><\/i>\t\t\t\t\t\t\t\t\t\t\t\t\t\t\t<span class=\"jltma--tab-title\">\n\t\t\t\t\t\t\t\tOffshore Construction\t\t\t\t\t\t\t<\/span>\n\t\t\t\t\t\t<\/li>\n\t\t\t\t\t\t\t\t\t<\/ul>\n\n\t\t\t\t\n\t\t\t\t<div class=\"tab-content\">\n\t\t\t\t\t\t\t\t\t\t\t<div id=\"jltma-tab-13753620\" class=\"jltma--advance-tab-content tab-pane active\">\n\t\t\t\t\t\t\t<p><span style=\"font-size: 14pt; color: #bc0008;\"><strong>Energy Operational<\/strong><\/span><\/p><p class=\"p1\">Energy Operational Insurance covers risks associated with oil &amp; gas operations, both\non-shore and off-shore.<\/p><p>In general, these policies and divided into the following sections:<\/p><ul><li class=\"p1\"><strong>Section I<\/strong><span>\u00a0<\/span>- Property Damage: covers physical damage to the platform structure\nand accessories, up to the stated limit.<\/li><li class=\"p1\"><strong>Section II<\/strong><span>\u00a0<\/span>- Control of Well (or Operator\u2019s Extra Expenses): covers the costs\nassociated with re-taking control of the well and redrilling it, after a blow-out\nincident.<\/li><li class=\"p1\"><strong>Section III<\/strong><span>\u00a0<\/span>- Liability: Covers bodily damage to third parties and damage to third\nparty property.<\/li><\/ul><p class=\"p1\">It is also possible to complement the protection provided by operational policies with\ncovers such as Business Interruption, Machinery Breakdown, Terrorism\/War, Pollution,\netc.<\/p><p><strong><p style=\"color:transparent\">.<p> <\/strong><\/p><p><a href=\"\/en\/#popmake-17431\"><button class=\"primary-btn primary-btn_success\">Learn More<\/button><\/a><\/p>\t\t\t\t\t\t<\/div><!-- jltma--advance-tab-content -->\n\t\t\t\t\t\t\t\t\t\t\t<div id=\"jltma-tab-13753621\" class=\"jltma--advance-tab-content tab-pane\">\n\t\t\t\t\t\t\t<p><span style=\"font-size: 14pt; color: #bc0008;\"><strong>Offshore Construction<\/strong><\/span><\/p><p class=\"p1\">Offshore Construction Insurance (also known as Offshore CAR \u2013 Contractor\u2019s All Risks\nInsurance) covers the risks associated with the various stages of an offshore\nconstruction project, including initial costs with design and engineering, project\nmanagement and procurement\/fabrication, storage and transit costs both on land and\nat sea, and installation, hook-up and commissions costs.<\/p><p>The structure of these policies is generally based on the WELCAR2001 form, with adhoc adaptations according to specific risks and other improvements, and contains the\nfollowing sections:<\/p><ul><li class=\"p1\"><strong>Section I<\/strong><span>\u00a0<\/span>- Covers physical loss or physical damage to\nproject works arising within the project period. Covers all works (regardless of\nlocation) in respect of the project, provided works are destined to be part of the\nproject and are declared within the Estimated Contract Value.<\/li><li class=\"p1\"><strong>Section II<\/strong><span>\u00a0<\/span>- Liability: covers third party liability (for which the assured is obliged\nby law or express contractual liability) for bodily injury and physical damage\ncaused by an occurrence resulting from the project works and within the project\nperiod.<\/li><\/ul><p><strong><p style=\"color:transparent\">.<p> <\/strong><\/p><p><a href=\"\/en\/#popmake-17431\"><button class=\"primary-btn primary-btn_success\">Learn More<\/button><\/a><\/p>\t\t\t\t\t\t<\/div><!-- jltma--advance-tab-content -->\n\t\t\t\t\t\t\t\t\t<\/div> <!-- tab-content -->\n\n\n\t\t\t\t\n\t\t<\/div>\n\t\t<\/div>\n\t\t\t\t<\/div>\n\t\t\t\t\t<\/div>\n\t\t<\/div>\n\t\t\t\t\t\t\t<\/div>\n\t\t<\/section>\n\t\t\t\t\t\t\t<\/div>","protected":false},"excerpt":{"rendered":"<p>Petr\u00f3leo e G\u00e1s O Que Fazemos\u00a0 \u00a0&gt;\u00a0 \u00a0Seguro\u00a0 &gt;\u00a0 \u00a0Por Ind\u00fastria\u00a0 &gt;\u00a0 \u00a0Petr\u00f3leo e G\u00e1s Petr\u00f3leo e G\u00e1s Explore as solu\u00e7\u00f5es que oferecemos para o seu neg\u00f3cio Seguro Operacional de Energia Constru\u00e7\u00e3o Offshore Seguro Operacional de Energia O Seguro Operacional de Energia cobre os riscos inerentes \u00e0s opera\u00e7\u00f5es petrol\u00edferas, tanto em terra como no mar. Geralmente, estas ap\u00f3lices s\u00e3o compostas pelas seguintes sec\u00e7\u00f5es: Sec\u00e7\u00e3o I\u00a0\u2013 Danos Patrimoniais: cobre os danos f\u00edsicos \u00e0 estrutura da plataforma e acess\u00f3rios, at\u00e9 ao limite declarado. Sec\u00e7\u00e3o II\u00a0\u2013 Controle do Po\u00e7o (OEE): cobre os custos associados a reassumir o controle do po\u00e7o e perfur\u00e1-lo novamente, ap\u00f3s um incidente de blow-out. Sec\u00e7\u00e3o III\u00a0\u2013 Responsabilidade Civil: cobre os danos corporais causados a terceiros e os danos materiais causados a propriedade de terceiros. \u00c9 ainda poss\u00edvel complementar a cobertura da ap\u00f3lice operacional com seguros de Perdas de Explora\u00e7\u00e3o, Avaria de M\u00e1quinas, Terrorismo\/Guerra, Polui\u00e7\u00e3o, etc. Contacte os nossos especialistas para obter cota\u00e7\u00f5es de v\u00e1rias seguradoras e um comparativo completo. Saber mais Constru\u00e7\u00e3o Offshore O Seguro de Constru\u00e7\u00e3o Offshore (tamb\u00e9m conhecido por seguro Offshore CAR \u2013 Contractor\u2019s All Risks) cobre os riscos inerentes \u00e0s diversas fases de um projecto de constru\u00e7\u00e3o no mar, incluindo os custos iniciais com desenho e engenharia, gest\u00e3o de projecto, procurement e fabrico, custos de armazenamento e transporte em terra e no mar, e custos de montagem no mar, liga\u00e7\u00e3o e comissionamento. A estrutura destas ap\u00f3lices baseia-se, geralmente, no formato WELCAR2001, com adapta\u00e7\u00f5es pontuais relacionadas com os riscos espec\u00edficos e outras melhorias que v\u00e3o sendo introduzidas, e \u00e9 composta pelas seguintes sec\u00e7\u00f5es: Sec\u00e7\u00e3o I\u00a0\u2013 Danos Patrimoniais: cobre perdas e danos materiais aos trabalhos, que ocorram durante o per\u00edodo do projecto. Cobre todos os trabalhos relacionados com o projecto (independentemente da localiza\u00e7\u00e3o), desde que os trabalhos se destinem a fazer parte do projecto e estejam declarados no Valor Estimado do Contrato. Sec\u00e7\u00e3o II\u00a0\u2013 Responsabilidade Civil: cobre a responsabilidade perante terceiros (\u00e0 qual o segurado seja obrigado por lei ou condi\u00e7\u00e3o contratual) por danos corporais ou materiais causados por uma ocorr\u00eancia que resulte dos trabalhos do projecto, durante o per\u00edodo do projecto. Contacte os nossos especialistas para obter cota\u00e7\u00f5es de v\u00e1rias seguradoras e um comparativo completo. Saber mais<\/p>","protected":false},"author":3,"featured_media":0,"parent":0,"menu_order":0,"comment_status":"closed","ping_status":"closed","template":"","meta":{"nf_dc_page":"","om_disable_all_campaigns":false,"loftloader_page_shortcode":"","footnotes":""},"class_list":["post-16655","page","type-page","status-publish","hentry"],"_links":{"self":[{"href":"https:\/\/www.zillian.co.ao\/en\/wp-json\/wp\/v2\/pages\/16655","targetHints":{"allow":["GET"]}}],"collection":[{"href":"https:\/\/www.zillian.co.ao\/en\/wp-json\/wp\/v2\/pages"}],"about":[{"href":"https:\/\/www.zillian.co.ao\/en\/wp-json\/wp\/v2\/types\/page"}],"author":[{"embeddable":true,"href":"https:\/\/www.zillian.co.ao\/en\/wp-json\/wp\/v2\/users\/3"}],"replies":[{"embeddable":true,"href":"https:\/\/www.zillian.co.ao\/en\/wp-json\/wp\/v2\/comments?post=16655"}],"version-history":[{"count":0,"href":"https:\/\/www.zillian.co.ao\/en\/wp-json\/wp\/v2\/pages\/16655\/revisions"}],"wp:attachment":[{"href":"https:\/\/www.zillian.co.ao\/en\/wp-json\/wp\/v2\/media?parent=16655"}],"curies":[{"name":"wp","href":"https:\/\/api.w.org\/{rel}","templated":true}]}}