{"id":20525,"date":"2023-04-28T15:38:23","date_gmt":"2023-04-28T15:38:23","guid":{"rendered":"https:\/\/www.zillian.co.ao\/\/?page_id=20525"},"modified":"2023-06-29T22:46:28","modified_gmt":"2023-06-29T22:46:28","slug":"reforma","status":"publish","type":"page","link":"https:\/\/www.zillian.co.ao\/en\/reforma\/","title":{"rendered":"Retirement"},"content":{"rendered":"<div data-elementor-type=\"wp-page\" data-elementor-id=\"20525\" class=\"elementor elementor-20525\">\n\t\t\t\t\t\t\t\t\t<section class=\"elementor-section elementor-top-section elementor-element elementor-element-9ad39a8 elementor-section-stretched elementor-section-boxed elementor-section-height-default elementor-section-height-default jltma-glass-effect-no wpr-particle-no wpr-jarallax-no wpr-parallax-no wpr-sticky-section-no\" data-id=\"9ad39a8\" data-element_type=\"section\" data-settings=\"{&quot;background_background&quot;:&quot;classic&quot;,&quot;stretch_section&quot;:&quot;section-stretched&quot;}\">\n\t\t\t\t\t\t\t<div class=\"elementor-background-overlay\"><\/div>\n\t\t\t\t\t\t\t<div class=\"elementor-container elementor-column-gap-default\">\n\t\t\t\t\t<div class=\"elementor-column elementor-col-100 elementor-top-column elementor-element elementor-element-5291402 jltma-glass-effect-no\" data-id=\"5291402\" data-element_type=\"column\" data-settings=\"{&quot;animation&quot;:&quot;none&quot;,&quot;animation_delay&quot;:200}\">\n\t\t\t<div class=\"elementor-widget-wrap elementor-element-populated\">\n\t\t\t\t\t\t\t\t<div class=\"elementor-element elementor-element-3a129ba elementor-widget__width-initial elementor-widget-tablet__width-initial jltma-glass-effect-no elementor-widget elementor-widget-wgl-double-heading\" data-id=\"3a129ba\" data-element_type=\"widget\" data-widget_type=\"wgl-double-heading.default\">\n\t\t\t\t<div class=\"elementor-widget-container\">\n\t\t\t<div class=\"wgl-double-heading\"><h5 class=\"dblh__title-wrapper\"><span class=\"dblh__title dblh__title-1\">What We Do<\/span><\/h5><\/div>\t\t<\/div>\n\t\t\t\t<\/div>\n\t\t\t\t\t<\/div>\n\t\t<\/div>\n\t\t\t\t\t\t\t<\/div>\n\t\t<\/section>\n\t\t\t\t<section class=\"elementor-section elementor-top-section elementor-element elementor-element-0c9a077 elementor-section-boxed elementor-section-height-default elementor-section-height-default jltma-glass-effect-no wpr-particle-no wpr-jarallax-no wpr-parallax-no wpr-sticky-section-no\" data-id=\"0c9a077\" data-element_type=\"section\">\n\t\t\t\t\t\t<div class=\"elementor-container elementor-column-gap-default\">\n\t\t\t\t\t<div class=\"elementor-column elementor-col-100 elementor-top-column elementor-element elementor-element-1be21f3 jltma-glass-effect-no\" data-id=\"1be21f3\" data-element_type=\"column\">\n\t\t\t<div class=\"elementor-widget-wrap elementor-element-populated\">\n\t\t\t\t\t\t\t\t<div class=\"elementor-element elementor-element-b640aa2 layout-top elementor-widget-icon-box wgl-icon-box elementor-view-default aleft elementor-widget-icon-box wgl-icon-box button-animation-enabled jltma-glass-effect-no elementor-widget elementor-widget-wgl-info-box\" data-id=\"b640aa2\" data-element_type=\"widget\" data-widget_type=\"wgl-info-box.default\">\n\t\t\t\t<div class=\"elementor-widget-container\">\n\t\t\t<div class=\"wgl-infobox\"><a class=\"infobox__link\" href=\"\/en\/#popmake-17431\"><\/a><div class=\"infobox__container wgl-layout-top\"><div class=\"media-wrapper icon-wrapper\"><span class=\"wgl-icon\" ><i class=\"icon elementor-icon flaticon flaticon-shield\" aria-hidden=\"true\"><\/i><\/span><\/div><div class=\"content__wrapper\"><div class=\"infobox__titles\"><h3 class=\"titles__title\"><span class=\"title__text\">Retirement<\/span><\/h3><\/div><div class=\"infobox__content\"><p>We assist your organisation in the design, implementation and administration of\nretirement solutions for your employees, such as pension plans.<br><br \/><br \/><br \/><\/p><p>\u00a0<\/p><\/div><div class=\"infobox__button\"><a  class=\"wgl-button btn-size-sm\" role=\"button\"><div class=\"button__content align-icon-right\"><div class=\"media-wrapper icon-wrapper\"><span class=\"wgl-icon\" ><i class=\"icon elementor-icon flaticon flaticon-arrow-point-to-right\" aria-hidden=\"true\"><\/i><\/span><\/div><span class=\"button__text\">Learn More<\/span><\/div><\/a><\/div><\/div><\/div><\/div>\t\t<\/div>\n\t\t\t\t<\/div>\n\t\t\t\t\t<\/div>\n\t\t<\/div>\n\t\t\t\t\t\t\t<\/div>\n\t\t<\/section>\n\t\t\t\t\t\t\t<\/div>","protected":false},"excerpt":{"rendered":"<p>O Que Fazemos Reforma Assistimos a sua organiza\u00e7\u00e3o no desenho, implementa\u00e7\u00e3o e administra\u00e7\u00e3o de solu\u00e7\u00f5es de protec\u00e7\u00e3o na reforma para os seus trabalhadores, tais como planos de pens\u00f5es. \u00a0 Saber mais<\/p>","protected":false},"author":3,"featured_media":0,"parent":0,"menu_order":0,"comment_status":"closed","ping_status":"closed","template":"","meta":{"nf_dc_page":"","om_disable_all_campaigns":false,"loftloader_page_shortcode":"","footnotes":""},"class_list":["post-20525","page","type-page","status-publish","hentry"],"_links":{"self":[{"href":"https:\/\/www.zillian.co.ao\/en\/wp-json\/wp\/v2\/pages\/20525","targetHints":{"allow":["GET"]}}],"collection":[{"href":"https:\/\/www.zillian.co.ao\/en\/wp-json\/wp\/v2\/pages"}],"about":[{"href":"https:\/\/www.zillian.co.ao\/en\/wp-json\/wp\/v2\/types\/page"}],"author":[{"embeddable":true,"href":"https:\/\/www.zillian.co.ao\/en\/wp-json\/wp\/v2\/users\/3"}],"replies":[{"embeddable":true,"href":"https:\/\/www.zillian.co.ao\/en\/wp-json\/wp\/v2\/comments?post=20525"}],"version-history":[{"count":0,"href":"https:\/\/www.zillian.co.ao\/en\/wp-json\/wp\/v2\/pages\/20525\/revisions"}],"wp:attachment":[{"href":"https:\/\/www.zillian.co.ao\/en\/wp-json\/wp\/v2\/media?parent=20525"}],"curies":[{"name":"wp","href":"https:\/\/api.w.org\/{rel}","templated":true}]}}