{"id":20543,"date":"2023-04-28T16:08:37","date_gmt":"2023-04-28T16:08:37","guid":{"rendered":"https:\/\/www.zillian.co.ao\/\/?page_id=20543"},"modified":"2023-05-16T23:38:37","modified_gmt":"2023-05-16T23:38:37","slug":"correspondente-exclusivo-aon","status":"publish","type":"page","link":"https:\/\/www.zillian.co.ao\/en\/correspondente-exclusivo-aon\/","title":{"rendered":"Aon Global Network Correspondent"},"content":{"rendered":"<div data-elementor-type=\"wp-page\" data-elementor-id=\"20543\" class=\"elementor elementor-20543\">\n\t\t\t\t\t\t\t\t\t<section class=\"elementor-section elementor-top-section elementor-element elementor-element-61263b1 elementor-section-stretched elementor-section-boxed elementor-section-height-default elementor-section-height-default jltma-glass-effect-no wpr-particle-no wpr-jarallax-no wpr-parallax-no wpr-sticky-section-no\" data-id=\"61263b1\" data-element_type=\"section\" data-settings=\"{&quot;background_background&quot;:&quot;classic&quot;,&quot;stretch_section&quot;:&quot;section-stretched&quot;}\">\n\t\t\t\t\t\t\t<div class=\"elementor-background-overlay\"><\/div>\n\t\t\t\t\t\t\t<div class=\"elementor-container elementor-column-gap-default\">\n\t\t\t\t\t<div class=\"elementor-column elementor-col-100 elementor-top-column elementor-element elementor-element-093fad5 jltma-glass-effect-no\" data-id=\"093fad5\" data-element_type=\"column\" data-settings=\"{&quot;animation&quot;:&quot;none&quot;,&quot;animation_delay&quot;:200}\">\n\t\t\t<div class=\"elementor-widget-wrap elementor-element-populated\">\n\t\t\t\t\t\t\t\t<div class=\"elementor-element elementor-element-77f74c3 elementor-widget__width-initial elementor-widget-tablet__width-initial jltma-glass-effect-no elementor-widget elementor-widget-wgl-double-heading\" data-id=\"77f74c3\" data-element_type=\"widget\" data-widget_type=\"wgl-double-heading.default\">\n\t\t\t\t<div class=\"elementor-widget-container\">\n\t\t\t<div class=\"wgl-double-heading\"><h5 class=\"dblh__title-wrapper\"><span class=\"dblh__title dblh__title-1\">Why Zillian<\/span><\/h5><\/div>\t\t<\/div>\n\t\t\t\t<\/div>\n\t\t\t\t\t<\/div>\n\t\t<\/div>\n\t\t\t\t\t\t\t<\/div>\n\t\t<\/section>\n\t\t\t\t<section class=\"elementor-section elementor-top-section elementor-element elementor-element-7a64ee5 elementor-section-stretched elementor-section-boxed elementor-section-height-default elementor-section-height-default jltma-glass-effect-no wpr-particle-no wpr-jarallax-no wpr-parallax-no wpr-sticky-section-no\" data-id=\"7a64ee5\" data-element_type=\"section\" data-settings=\"{&quot;background_background&quot;:&quot;classic&quot;,&quot;stretch_section&quot;:&quot;section-stretched&quot;}\">\n\t\t\t\t\t\t<div class=\"elementor-container elementor-column-gap-default\">\n\t\t\t\t\t<div class=\"elementor-column elementor-col-50 elementor-top-column elementor-element elementor-element-4a895e7 jltma-glass-effect-no\" data-id=\"4a895e7\" data-element_type=\"column\" data-settings=\"{&quot;background_background&quot;:&quot;classic&quot;}\">\n\t\t\t<div class=\"elementor-widget-wrap elementor-element-populated\">\n\t\t\t\t\t\t\t\t<div class=\"elementor-element elementor-element-7c4fce9 elementor-widget__width-inherit elementor-widget-tablet__width-inherit jltma-glass-effect-no elementor-widget elementor-widget-wgl-double-heading\" data-id=\"7c4fce9\" data-element_type=\"widget\" data-widget_type=\"wgl-double-heading.default\">\n\t\t\t\t<div class=\"elementor-widget-container\">\n\t\t\t<div class=\"wgl-double-heading\"><div class=\"dblh__subtitle\">Why Zillian<\/div><h5 class=\"dblh__title-wrapper\"><span class=\"dblh__title dblh__title-1\">Aon Global Network Correspondent<\/span><\/h5><\/div>\t\t<\/div>\n\t\t\t\t<\/div>\n\t\t\t\t<div class=\"elementor-element elementor-element-c586480 elementor-widget-tablet__width-initial elementor-widget-mobile__width-inherit jltma-glass-effect-no elementor-widget elementor-widget-text-editor\" data-id=\"c586480\" data-element_type=\"widget\" data-widget_type=\"text-editor.default\">\n\t\t\t\t<div class=\"elementor-widget-container\">\n\t\t\t<style>\/*! elementor - v3.14.0 - 26-06-2023 *\/\n.elementor-widget-text-editor.elementor-drop-cap-view-stacked .elementor-drop-cap{background-color:#69727d;color:#fff}.elementor-widget-text-editor.elementor-drop-cap-view-framed .elementor-drop-cap{color:#69727d;border:3px solid;background-color:transparent}.elementor-widget-text-editor:not(.elementor-drop-cap-view-default) .elementor-drop-cap{margin-top:8px}.elementor-widget-text-editor:not(.elementor-drop-cap-view-default) .elementor-drop-cap-letter{width:1em;height:1em}.elementor-widget-text-editor .elementor-drop-cap{float:left;text-align:center;line-height:1;font-size:50px}.elementor-widget-text-editor .elementor-drop-cap-letter{display:inline-block}<\/style>\t\t\t\t<p><span><\/span><span style=\"color: #bc0008;\"><a href=\"https:\/\/www.aon.com\/home\/index\" style=\"color: #bc0008;\" target=\"_blank\" rel=\"noopener\"> Aon Plc <\/a><a href=\"https:\/\/www.aon.com\/home\/index\" style=\"color: #bc0008;\" target=\"_blank\" rel=\"noopener\">(NYSE: AON)<\/a><\/span> is a leading global professional services firm providing a broad range of risk, retirement and health solutions. Aon\u2019s 50,000 colleagues in 120 countries empower results for clients by using proprietary data and analytics to deliver insights that reduce volatility and improve performance.<\/p><p>Zillian is <strong>Aon\u2019s exclusive correspondent in Angola.<\/strong> We are responsible for\nmanaging the insurance programmes of Aon\u2019s multinational clients that operate in\nAngola, which is a testament to the quality and reliability of our teams and our service\ndelivery.<\/p>\t\t\t\t\t\t<\/div>\n\t\t\t\t<\/div>\n\t\t\t\t\t<\/div>\n\t\t<\/div>\n\t\t\t\t<div class=\"elementor-column elementor-col-50 elementor-top-column elementor-element elementor-element-cf8b20a jltma-glass-effect-no\" data-id=\"cf8b20a\" data-element_type=\"column\">\n\t\t\t<div class=\"elementor-widget-wrap elementor-element-populated\">\n\t\t\t\t\t\t\t\t<div class=\"elementor-element elementor-element-0eadeae jltma-glass-effect-no elementor-widget elementor-widget-image\" data-id=\"0eadeae\" data-element_type=\"widget\" data-widget_type=\"image.default\">\n\t\t\t\t<div class=\"elementor-widget-container\">\n\t\t\t<style>\/*! elementor - v3.14.0 - 26-06-2023 *\/\n.elementor-widget-image{text-align:center}.elementor-widget-image a{display:inline-block}.elementor-widget-image a img[src$=\".svg\"]{width:48px}.elementor-widget-image img{vertical-align:middle;display:inline-block}<\/style>\t\t\t\t\t\t\t\t\t\t\t\t<img decoding=\"async\" loading=\"lazy\" width=\"89\" height=\"33\" src=\"https:\/\/www.zillian.co.ao\/wp-content\/uploads\/2022\/07\/aon-logo.svg\" class=\"attachment-full size-full wp-image-15638\" alt=\"\" \/>\t\t\t\t\t\t\t\t\t\t\t\t\t\t\t<\/div>\n\t\t\t\t<\/div>\n\t\t\t\t<section class=\"elementor-section elementor-inner-section elementor-element elementor-element-dc00ef7 elementor-section-boxed elementor-section-height-default elementor-section-height-default jltma-glass-effect-no wpr-particle-no wpr-jarallax-no wpr-parallax-no wpr-sticky-section-no\" data-id=\"dc00ef7\" data-element_type=\"section\">\n\t\t\t\t\t\t<div class=\"elementor-container elementor-column-gap-default\">\n\t\t\t\t\t<div class=\"elementor-column elementor-col-100 elementor-inner-column elementor-element elementor-element-d09d72f jltma-glass-effect-no\" data-id=\"d09d72f\" data-element_type=\"column\">\n\t\t\t<div class=\"elementor-widget-wrap elementor-element-populated\">\n\t\t\t\t\t\t\t\t<div class=\"elementor-element elementor-element-638b946 aleft elementor-widget__width-auto elementor-widget-icon-box wgl-icon-box jltma-glass-effect-no elementor-widget elementor-widget-wgl-counter\" data-id=\"638b946\" data-element_type=\"widget\" data-widget_type=\"wgl-counter.default\">\n\t\t\t\t<div class=\"elementor-widget-container\">\n\t\t\t<div class=\"wgl-counter\"><div class=\"counter__container title-inline wgl-layout-left\"><div class=\"counter__media\"><div class=\"media-wrapper icon-wrapper\"><span class=\"wgl-icon\" ><i class=\"icon elementor-icon simple-line-icons icon-people\" aria-hidden=\"true\"><\/i><\/span><\/div><\/div><div class=\"counter__content\"><div class=\"content__value\"><div class=\"value__wrapper\"><span class=\"value__placeholder\">50.000<\/span><span class=\"value__text\" data-start-value=\"0\" data-end-value=\"50000\" data-separator=\".\">0<\/span><\/div><\/div><h3 class=\"content__title\">Colleagues<\/h3><\/div><\/div><\/div>\t\t<\/div>\n\t\t\t\t<\/div>\n\t\t\t\t\t<\/div>\n\t\t<\/div>\n\t\t\t\t\t\t\t<\/div>\n\t\t<\/section>\n\t\t\t\t<section class=\"elementor-section elementor-inner-section elementor-element elementor-element-012f418 elementor-section-boxed elementor-section-height-default elementor-section-height-default jltma-glass-effect-no wpr-particle-no wpr-jarallax-no wpr-parallax-no wpr-sticky-section-no\" data-id=\"012f418\" data-element_type=\"section\">\n\t\t\t\t\t\t<div class=\"elementor-container elementor-column-gap-default\">\n\t\t\t\t\t<div class=\"elementor-column elementor-col-100 elementor-inner-column elementor-element elementor-element-b268c84 jltma-glass-effect-no\" data-id=\"b268c84\" data-element_type=\"column\">\n\t\t\t<div class=\"elementor-widget-wrap elementor-element-populated\">\n\t\t\t\t\t\t\t\t<div class=\"elementor-element elementor-element-0ea382f aleft elementor-widget__width-auto elementor-widget-icon-box wgl-icon-box jltma-glass-effect-no elementor-widget elementor-widget-wgl-counter\" data-id=\"0ea382f\" data-element_type=\"widget\" data-widget_type=\"wgl-counter.default\">\n\t\t\t\t<div class=\"elementor-widget-container\">\n\t\t\t<div class=\"wgl-counter\"><div class=\"counter__container title-inline wgl-layout-left\"><div class=\"counter__media\"><div class=\"media-wrapper icon-wrapper\"><span class=\"wgl-icon\" ><i class=\"icon elementor-icon lnr lnr-earth\" aria-hidden=\"true\"><\/i><\/span><\/div><\/div><div class=\"counter__content\"><div class=\"content__value\"><div class=\"value__wrapper\"><span class=\"value__placeholder\">120<\/span><span class=\"value__text\" data-start-value=\"0\" data-end-value=\"120\" data-separator=\",\">0<\/span><\/div><\/div><h3 class=\"content__title\">Countries<\/h3><\/div><\/div><\/div>\t\t<\/div>\n\t\t\t\t<\/div>\n\t\t\t\t\t<\/div>\n\t\t<\/div>\n\t\t\t\t\t\t\t<\/div>\n\t\t<\/section>\n\t\t\t\t\t<\/div>\n\t\t<\/div>\n\t\t\t\t\t\t\t<\/div>\n\t\t<\/section>\n\t\t\t\t\t\t\t<\/div>","protected":false},"excerpt":{"rendered":"<p>Porqu\u00ea a Zillian Porqu\u00ea a Zillian Correspondente Exclusivo Aon A Aon Plc (NYSE: AON) \u00e9 uma empresa l\u00edder mundial de servi\u00e7os profissionais que disp\u00f5e de uma ampla gama de solu\u00e7\u00f5es de Risco, Reforma e Sa\u00fade. Com 50.000 colegas em 120 pa\u00edses tem como objetivo oferecer os melhores insights, atrav\u00e9s de Proprietary Data &amp; Analytics, que reduzem a volatilidade e melhoram o desempenho dos seus clientes. A Zillian \u00e9 o correspondente exclusivo em Angola da Rede Global Aon. Temos a responsabilidade de gerir as carteiras de seguros dos clientes multinacionais da Aon que operam em Angola, o que \u00e9 demonstrativo da qualidade e consist\u00eancia das nossas equipas e da nossa entrega de servi\u00e7o. 50.0000 Colegas 1200 Pa\u00edses<\/p>","protected":false},"author":3,"featured_media":0,"parent":0,"menu_order":0,"comment_status":"closed","ping_status":"closed","template":"","meta":{"nf_dc_page":"","om_disable_all_campaigns":false,"loftloader_page_shortcode":"","footnotes":""},"class_list":["post-20543","page","type-page","status-publish","hentry"],"_links":{"self":[{"href":"https:\/\/www.zillian.co.ao\/en\/wp-json\/wp\/v2\/pages\/20543","targetHints":{"allow":["GET"]}}],"collection":[{"href":"https:\/\/www.zillian.co.ao\/en\/wp-json\/wp\/v2\/pages"}],"about":[{"href":"https:\/\/www.zillian.co.ao\/en\/wp-json\/wp\/v2\/types\/page"}],"author":[{"embeddable":true,"href":"https:\/\/www.zillian.co.ao\/en\/wp-json\/wp\/v2\/users\/3"}],"replies":[{"embeddable":true,"href":"https:\/\/www.zillian.co.ao\/en\/wp-json\/wp\/v2\/comments?post=20543"}],"version-history":[{"count":0,"href":"https:\/\/www.zillian.co.ao\/en\/wp-json\/wp\/v2\/pages\/20543\/revisions"}],"wp:attachment":[{"href":"https:\/\/www.zillian.co.ao\/en\/wp-json\/wp\/v2\/media?parent=20543"}],"curies":[{"name":"wp","href":"https:\/\/api.w.org\/{rel}","templated":true}]}}