{"id":20553,"date":"2023-04-28T16:12:23","date_gmt":"2023-04-28T16:12:23","guid":{"rendered":"https:\/\/www.zillian.co.ao\/\/?page_id=20553"},"modified":"2023-05-16T23:43:07","modified_gmt":"2023-05-16T23:43:07","slug":"responsabilidade-civil-profissional","status":"publish","type":"page","link":"https:\/\/www.zillian.co.ao\/en\/responsabilidade-civil-profissional\/","title":{"rendered":"Professional Indemnity"},"content":{"rendered":"<div data-elementor-type=\"wp-page\" data-elementor-id=\"20553\" class=\"elementor elementor-20553\">\n\t\t\t\t\t\t\t\t\t<section class=\"elementor-section elementor-top-section elementor-element elementor-element-61263b1 elementor-section-stretched elementor-section-boxed elementor-section-height-default elementor-section-height-default jltma-glass-effect-no wpr-particle-no wpr-jarallax-no wpr-parallax-no wpr-sticky-section-no\" data-id=\"61263b1\" data-element_type=\"section\" data-settings=\"{&quot;background_background&quot;:&quot;classic&quot;,&quot;stretch_section&quot;:&quot;section-stretched&quot;}\">\n\t\t\t\t\t\t\t<div class=\"elementor-background-overlay\"><\/div>\n\t\t\t\t\t\t\t<div class=\"elementor-container elementor-column-gap-default\">\n\t\t\t\t\t<div class=\"elementor-column elementor-col-100 elementor-top-column elementor-element elementor-element-093fad5 jltma-glass-effect-no\" data-id=\"093fad5\" data-element_type=\"column\" data-settings=\"{&quot;animation&quot;:&quot;none&quot;,&quot;animation_delay&quot;:200}\">\n\t\t\t<div class=\"elementor-widget-wrap elementor-element-populated\">\n\t\t\t\t\t\t\t\t<div class=\"elementor-element elementor-element-77f74c3 elementor-widget__width-initial elementor-widget-tablet__width-initial jltma-glass-effect-no elementor-widget elementor-widget-wgl-double-heading\" data-id=\"77f74c3\" data-element_type=\"widget\" data-widget_type=\"wgl-double-heading.default\">\n\t\t\t\t<div class=\"elementor-widget-container\">\n\t\t\t<div class=\"wgl-double-heading\"><h5 class=\"dblh__title-wrapper\"><span class=\"dblh__title dblh__title-1\">Why Zillian<\/span><\/h5><\/div>\t\t<\/div>\n\t\t\t\t<\/div>\n\t\t\t\t\t<\/div>\n\t\t<\/div>\n\t\t\t\t\t\t\t<\/div>\n\t\t<\/section>\n\t\t\t\t<section class=\"elementor-section elementor-top-section elementor-element elementor-element-a369947 elementor-section-stretched elementor-section-boxed elementor-section-height-default elementor-section-height-default jltma-glass-effect-no wpr-particle-no wpr-jarallax-no wpr-parallax-no wpr-sticky-section-no\" data-id=\"a369947\" data-element_type=\"section\" data-settings=\"{&quot;stretch_section&quot;:&quot;section-stretched&quot;}\">\n\t\t\t\t\t\t<div class=\"elementor-container elementor-column-gap-default\">\n\t\t\t\t\t<div class=\"elementor-column elementor-col-66 elementor-top-column elementor-element elementor-element-d7e9862 jltma-glass-effect-no\" data-id=\"d7e9862\" data-element_type=\"column\">\n\t\t\t<div class=\"elementor-widget-wrap elementor-element-populated\">\n\t\t\t\t\t\t\t\t<div class=\"elementor-element elementor-element-729a7a3 jltma-glass-effect-no elementor-widget elementor-widget-spacer\" data-id=\"729a7a3\" data-element_type=\"widget\" data-widget_type=\"spacer.default\">\n\t\t\t\t<div class=\"elementor-widget-container\">\n\t\t\t<style>\/*! elementor - v3.14.0 - 26-06-2023 *\/\n.elementor-column .elementor-spacer-inner{height:var(--spacer-size)}.e-con{--container-widget-width:100%}.e-con-inner>.elementor-widget-spacer,.e-con>.elementor-widget-spacer{width:var(--container-widget-width,var(--spacer-size));--align-self:var(--container-widget-align-self,initial);--flex-shrink:0}.e-con-inner>.elementor-widget-spacer>.elementor-widget-container,.e-con-inner>.elementor-widget-spacer>.elementor-widget-container>.elementor-spacer,.e-con>.elementor-widget-spacer>.elementor-widget-container,.e-con>.elementor-widget-spacer>.elementor-widget-container>.elementor-spacer{height:100%}.e-con-inner>.elementor-widget-spacer>.elementor-widget-container>.elementor-spacer>.elementor-spacer-inner,.e-con>.elementor-widget-spacer>.elementor-widget-container>.elementor-spacer>.elementor-spacer-inner{height:var(--container-widget-height,var(--spacer-size))}<\/style>\t\t<div class=\"elementor-spacer\">\n\t\t\t<div class=\"elementor-spacer-inner\"><\/div>\n\t\t<\/div>\n\t\t\t\t<\/div>\n\t\t\t\t<\/div>\n\t\t\t\t<div class=\"elementor-element elementor-element-2e19c11 elementor-widget__width-inherit elementor-widget-tablet__width-inherit jltma-glass-effect-no elementor-widget elementor-widget-wgl-double-heading\" data-id=\"2e19c11\" data-element_type=\"widget\" data-widget_type=\"wgl-double-heading.default\">\n\t\t\t\t<div class=\"elementor-widget-container\">\n\t\t\t<div class=\"wgl-double-heading\"><div class=\"dblh__subtitle\">Why Zillian<\/div><h5 class=\"dblh__title-wrapper\"><span class=\"dblh__title dblh__title-1\">Professional Indemnity<\/span><\/h5><\/div>\t\t<\/div>\n\t\t\t\t<\/div>\n\t\t\t\t<div class=\"elementor-element elementor-element-1bc9208 elementor-widget-tablet__width-initial elementor-widget-mobile__width-inherit jltma-glass-effect-no elementor-widget elementor-widget-text-editor\" data-id=\"1bc9208\" data-element_type=\"widget\" data-widget_type=\"text-editor.default\">\n\t\t\t\t<div class=\"elementor-widget-container\">\n\t\t\t<style>\/*! elementor - v3.14.0 - 26-06-2023 *\/\n.elementor-widget-text-editor.elementor-drop-cap-view-stacked .elementor-drop-cap{background-color:#69727d;color:#fff}.elementor-widget-text-editor.elementor-drop-cap-view-framed .elementor-drop-cap{color:#69727d;border:3px solid;background-color:transparent}.elementor-widget-text-editor:not(.elementor-drop-cap-view-default) .elementor-drop-cap{margin-top:8px}.elementor-widget-text-editor:not(.elementor-drop-cap-view-default) .elementor-drop-cap-letter{width:1em;height:1em}.elementor-widget-text-editor .elementor-drop-cap{float:left;text-align:center;line-height:1;font-size:50px}.elementor-widget-text-editor .elementor-drop-cap-letter{display:inline-block}<\/style>\t\t\t\t<p class=\"p1 translation-block\"><b>Our colleagues undergo the most comprehensive training<\/b> on insurance,\ncompliance, personal data protection, professional conduct and ethics, anti-money\nlaundering policies, anti-corruption, trade sanctions, etc.<\/p><p class=\"p1\">Nevertheless \u2013 and because errors are part of being human \u2013 there is still a low\nprobability of our teams committing an error or omission in the course of our\nprofessional activities.<\/p><p class=\"p1 translation-block\">Considering the volume and complexity of the risks we deal with, the demands of our\nclients, and the rigour with which we manage our business, our <b>Professional Indemnity insurance policy guarantees up to USD 1.000.000,<\/b> although the\nminimum limit required by law is only USD 300.000.<\/p><p class=\"p1 translation-block\">We believe this decision represents an <b>additional comfort factor for our clients,<\/b>\nwithout any additional cost for them.<\/p>\t\t\t\t\t\t<\/div>\n\t\t\t\t<\/div>\n\t\t\t\t<div class=\"elementor-element elementor-element-78dc189 jltma-glass-effect-no elementor-widget elementor-widget-spacer\" data-id=\"78dc189\" data-element_type=\"widget\" data-widget_type=\"spacer.default\">\n\t\t\t\t<div class=\"elementor-widget-container\">\n\t\t\t\t\t<div class=\"elementor-spacer\">\n\t\t\t<div class=\"elementor-spacer-inner\"><\/div>\n\t\t<\/div>\n\t\t\t\t<\/div>\n\t\t\t\t<\/div>\n\t\t\t\t\t<\/div>\n\t\t<\/div>\n\t\t\t\t<div class=\"elementor-column elementor-col-33 elementor-top-column elementor-element elementor-element-ddc60d1 jltma-glass-effect-no\" data-id=\"ddc60d1\" data-element_type=\"column\" data-settings=\"{&quot;background_background&quot;:&quot;classic&quot;}\">\n\t\t\t<div class=\"elementor-widget-wrap elementor-element-populated\">\n\t\t\t\t\t\t\t\t<div class=\"elementor-element elementor-element-ca8e5b2 elementor-widget__width-auto jltma-glass-effect-no elementor-invisible elementor-widget elementor-widget-image\" data-id=\"ca8e5b2\" data-element_type=\"widget\" data-settings=\"{&quot;_animation&quot;:&quot;zoomIn&quot;,&quot;_animation_delay&quot;:400}\" data-widget_type=\"image.default\">\n\t\t\t\t<div class=\"elementor-widget-container\">\n\t\t\t<style>\/*! elementor - v3.14.0 - 26-06-2023 *\/\n.elementor-widget-image{text-align:center}.elementor-widget-image a{display:inline-block}.elementor-widget-image a img[src$=\".svg\"]{width:48px}.elementor-widget-image img{vertical-align:middle;display:inline-block}<\/style>\t\t\t\t\t\t\t\t\t\t\t\t<img decoding=\"async\" loading=\"lazy\" width=\"344\" height=\"344\" src=\"https:\/\/www.zillian.co.ao\/wp-content\/uploads\/2022\/10\/Artboard-1.png\" class=\"attachment-full size-full wp-image-17514\" alt=\"\" srcset=\"https:\/\/www.zillian.co.ao\/wp-content\/uploads\/2022\/10\/Artboard-1.png 344w, https:\/\/www.zillian.co.ao\/wp-content\/uploads\/2022\/10\/Artboard-1-300x300.png 300w, https:\/\/www.zillian.co.ao\/wp-content\/uploads\/2022\/10\/Artboard-1-150x150.png 150w\" sizes=\"auto, (max-width: 344px) 100vw, 344px\" \/>\t\t\t\t\t\t\t\t\t\t\t\t\t\t\t<\/div>\n\t\t\t\t<\/div>\n\t\t\t\t<div class=\"elementor-element elementor-element-cb54470 elementor-widget__width-auto elementor-widget-mobile__width-auto jltma-glass-effect-no elementor-invisible elementor-widget elementor-widget-image\" data-id=\"cb54470\" data-element_type=\"widget\" data-settings=\"{&quot;_animation&quot;:&quot;zoomIn&quot;,&quot;_animation_delay&quot;:400}\" data-widget_type=\"image.default\">\n\t\t\t\t<div class=\"elementor-widget-container\">\n\t\t\t\t\t\t\t\t\t\t\t\t\t\t\t<img decoding=\"async\" loading=\"lazy\" width=\"344\" height=\"345\" src=\"https:\/\/www.zillian.co.ao\/wp-content\/uploads\/2022\/10\/Artboard-1-copy.png\" class=\"attachment-full size-full wp-image-17515\" alt=\"\" srcset=\"https:\/\/www.zillian.co.ao\/wp-content\/uploads\/2022\/10\/Artboard-1-copy.png 344w, https:\/\/www.zillian.co.ao\/wp-content\/uploads\/2022\/10\/Artboard-1-copy-300x300.png 300w, https:\/\/www.zillian.co.ao\/wp-content\/uploads\/2022\/10\/Artboard-1-copy-150x150.png 150w\" sizes=\"auto, (max-width: 344px) 100vw, 344px\" \/>\t\t\t\t\t\t\t\t\t\t\t\t\t\t\t<\/div>\n\t\t\t\t<\/div>\n\t\t\t\t\t<\/div>\n\t\t<\/div>\n\t\t\t\t\t\t\t<\/div>\n\t\t<\/section>\n\t\t\t\t\t\t\t<\/div>","protected":false},"excerpt":{"rendered":"<p>Porqu\u00ea a Zillian Porqu\u00ea a Zillian Responsabilidade Civil Profissional Os nossos profissionais recebem a mais completa forma\u00e7\u00e3o te\u00f3rica e pr\u00e1tica sobre seguros, compliance, protec\u00e7\u00e3o de dados pessoais, conduta e \u00e9tica profissional, pol\u00edticas de combate ao branqueamento de capitais e financiamento do terrorismo, anticorrup\u00e7\u00e3o, san\u00e7\u00f5es econ\u00f3micas, etc. N\u00e3o obstante \u2013 e como errar faz parte da condi\u00e7\u00e3o humana \u2013 existe a reduzida possibilidade de cometermos erros ou omiss\u00f5es no exerc\u00edcio da nossa actividade profissional. Atendendo ao volume e \u00e0 complexidade dos riscos com que lidamos, ao grau de exig\u00eancia dos clientes que representamos, bem como ao rigor com que gerimos o nosso neg\u00f3cio, temos contratado um limite de USD 1.000.000 na nossa ap\u00f3lice de Seguro de Responsabilidade Profissional, embora o limite m\u00ednimo obrigat\u00f3rio por lei se situe apenas nos USD 300.000. Acreditamos que esta decis\u00e3o traz um conforto adicional aos nossos clientes, sem que tal limite represente qualquer custo adicional.<\/p>","protected":false},"author":3,"featured_media":0,"parent":0,"menu_order":0,"comment_status":"closed","ping_status":"closed","template":"","meta":{"nf_dc_page":"","om_disable_all_campaigns":false,"loftloader_page_shortcode":"","footnotes":""},"class_list":["post-20553","page","type-page","status-publish","hentry"],"_links":{"self":[{"href":"https:\/\/www.zillian.co.ao\/en\/wp-json\/wp\/v2\/pages\/20553","targetHints":{"allow":["GET"]}}],"collection":[{"href":"https:\/\/www.zillian.co.ao\/en\/wp-json\/wp\/v2\/pages"}],"about":[{"href":"https:\/\/www.zillian.co.ao\/en\/wp-json\/wp\/v2\/types\/page"}],"author":[{"embeddable":true,"href":"https:\/\/www.zillian.co.ao\/en\/wp-json\/wp\/v2\/users\/3"}],"replies":[{"embeddable":true,"href":"https:\/\/www.zillian.co.ao\/en\/wp-json\/wp\/v2\/comments?post=20553"}],"version-history":[{"count":0,"href":"https:\/\/www.zillian.co.ao\/en\/wp-json\/wp\/v2\/pages\/20553\/revisions"}],"wp:attachment":[{"href":"https:\/\/www.zillian.co.ao\/en\/wp-json\/wp\/v2\/media?parent=20553"}],"curies":[{"name":"wp","href":"https:\/\/api.w.org\/{rel}","templated":true}]}}