{"id":16518,"date":"2022-09-12T11:47:43","date_gmt":"2022-09-12T11:47:43","guid":{"rendered":"https:\/\/www.zillian.co.ao\/\/?page_id=16518"},"modified":"2023-06-29T21:09:19","modified_gmt":"2023-06-29T21:09:19","slug":"acidentes","status":"publish","type":"page","link":"https:\/\/www.zillian.co.ao\/pt\/acidentes\/","title":{"rendered":"Acidentes"},"content":{"rendered":"\t\t<div data-elementor-type=\"wp-page\" data-elementor-id=\"16518\" class=\"elementor elementor-16518\">\n\t\t\t\t\t\t\t\t\t<section class=\"elementor-section elementor-top-section elementor-element elementor-element-c5c0f0a elementor-section-stretched elementor-section-boxed elementor-section-height-default elementor-section-height-default jltma-glass-effect-no wpr-particle-no wpr-jarallax-no wpr-parallax-no wpr-sticky-section-no\" data-id=\"c5c0f0a\" data-element_type=\"section\" data-settings=\"{&quot;background_background&quot;:&quot;classic&quot;,&quot;stretch_section&quot;:&quot;section-stretched&quot;}\">\n\t\t\t\t\t\t\t<div class=\"elementor-background-overlay\"><\/div>\n\t\t\t\t\t\t\t<div class=\"elementor-container elementor-column-gap-default\">\n\t\t\t\t\t<div class=\"elementor-column elementor-col-100 elementor-top-column elementor-element elementor-element-fc9b29c jltma-glass-effect-no\" data-id=\"fc9b29c\" data-element_type=\"column\" data-settings=\"{&quot;animation&quot;:&quot;none&quot;,&quot;animation_delay&quot;:200}\">\n\t\t\t<div class=\"elementor-widget-wrap elementor-element-populated\">\n\t\t\t\t\t\t\t\t<div class=\"elementor-element elementor-element-ac8a62a elementor-widget__width-initial elementor-widget-tablet__width-initial jltma-glass-effect-no elementor-widget elementor-widget-wgl-double-heading\" data-id=\"ac8a62a\" data-element_type=\"widget\" data-widget_type=\"wgl-double-heading.default\">\n\t\t\t\t<div class=\"elementor-widget-container\">\n\t\t\t<div class=\"wgl-double-heading\"><h5 class=\"dblh__title-wrapper\"><span class=\"dblh__title dblh__title-1\">Acidentes<\/span><\/h5><\/div>\t\t<\/div>\n\t\t\t\t<\/div>\n\t\t\t\t<div class=\"elementor-element elementor-element-e15a2dd elementor-widget-tablet__width-initial elementor-widget-mobile__width-inherit elementor-hidden-tablet elementor-hidden-mobile jltma-glass-effect-no elementor-widget elementor-widget-text-editor\" data-id=\"e15a2dd\" data-element_type=\"widget\" data-widget_type=\"text-editor.default\">\n\t\t\t\t<div class=\"elementor-widget-container\">\n\t\t\t<style>\/*! elementor - v3.14.0 - 26-06-2023 *\/\n.elementor-widget-text-editor.elementor-drop-cap-view-stacked .elementor-drop-cap{background-color:#69727d;color:#fff}.elementor-widget-text-editor.elementor-drop-cap-view-framed .elementor-drop-cap{color:#69727d;border:3px solid;background-color:transparent}.elementor-widget-text-editor:not(.elementor-drop-cap-view-default) .elementor-drop-cap{margin-top:8px}.elementor-widget-text-editor:not(.elementor-drop-cap-view-default) .elementor-drop-cap-letter{width:1em;height:1em}.elementor-widget-text-editor .elementor-drop-cap{float:left;text-align:center;line-height:1;font-size:50px}.elementor-widget-text-editor .elementor-drop-cap-letter{display:inline-block}<\/style>\t\t\t\t<p class=\"p1\"><span style=\"color: #ffffff;\"><a href=\"https:\/\/www.zillian.co.ao\/o_que_fazemos\/\" style=\"color: #ffffff;\">O Que Fazemos<\/a>\u00a0 \u00a0&gt;\u00a0 \u00a0<a href=\"https:\/\/www.zillian.co.ao\/o_que_fazemos\/\" style=\"color: #ffffff;\">Seguro<\/a>\u00a0 &gt;\u00a0 \u00a0<a href=\"https:\/\/www.zillian.co.ao\/o_que_fazemos\/\" style=\"color: #ffffff;\">Por Ramo<\/a>\u00a0 &gt;\u00a0 \u00a0<a href=\"https:\/\/www.zillian.co.ao\/acidentes\/\" style=\"color: #ffffff;\">Acidentes<\/a><\/span><\/p>\t\t\t\t\t\t<\/div>\n\t\t\t\t<\/div>\n\t\t\t\t\t<\/div>\n\t\t<\/div>\n\t\t\t\t\t\t\t<\/div>\n\t\t<\/section>\n\t\t\t\t<section class=\"elementor-section elementor-top-section elementor-element elementor-element-705f784 elementor-section-content-top elementor-section-stretched elementor-section-boxed elementor-section-height-default elementor-section-height-default jltma-glass-effect-no wpr-particle-no wpr-jarallax-no wpr-parallax-no wpr-sticky-section-no\" data-id=\"705f784\" data-element_type=\"section\" data-settings=\"{&quot;stretch_section&quot;:&quot;section-stretched&quot;}\">\n\t\t\t\t\t\t<div class=\"elementor-container elementor-column-gap-default\">\n\t\t\t\t\t<div class=\"elementor-column elementor-col-100 elementor-top-column elementor-element elementor-element-e0a9a20 jltma-glass-effect-no\" data-id=\"e0a9a20\" data-element_type=\"column\">\n\t\t\t<div class=\"elementor-widget-wrap elementor-element-populated\">\n\t\t\t\t\t\t\t\t<div class=\"elementor-element elementor-element-77f5f3c elementor-widget__width-inherit elementor-widget-tablet__width-inherit jltma-glass-effect-no elementor-widget elementor-widget-wgl-double-heading\" data-id=\"77f5f3c\" data-element_type=\"widget\" data-widget_type=\"wgl-double-heading.default\">\n\t\t\t\t<div class=\"elementor-widget-container\">\n\t\t\t<div class=\"wgl-double-heading\"><div class=\"dblh__subtitle\">Acidentes<\/div><h5 class=\"dblh__title-wrapper\"><span class=\"dblh__title dblh__title-1\">Explore as solu\u00e7\u00f5es que oferecemos para o seu neg\u00f3cio<\/span><\/h5><\/div>\t\t<\/div>\n\t\t\t\t<\/div>\n\t\t\t\t<div class=\"elementor-element elementor-element-3c72db5 jltma-glass-effect-no elementor-widget elementor-widget-ma-tabs\" data-id=\"3c72db5\" data-element_type=\"widget\" data-widget_type=\"ma-tabs.default\">\n\t\t\t\t<div class=\"elementor-widget-container\">\n\t\t\t\n\n\t\t<div id=\"jltma--advance-tabs-3c72db5\" class=\"jltma--advance-tab four \" data-tab-effect=\"click\" data-tabs>\n\n\t\t\t\n\t\t\t\t<ul class=\"jltma--advance-tab-nav\">\n\t\t\t\t\t\t\t\t\t\t\t<li class=\"active\" data-tab data-tab-id=\"jltma-tab-3c72db50\">\n\t\t\t\t\t\t\t<i aria-hidden=\"true\" class=\"simple-line-icons icon-arrow-right\"><\/i>\t\t\t\t\t\t\t\t\t\t\t\t\t\t\t<span class=\"jltma--tab-title\">\n\t\t\t\t\t\t\t\tAcidentes de Trabalho e Doen\u00e7as Profissionais\t\t\t\t\t\t\t<\/span>\n\t\t\t\t\t\t<\/li>\n\t\t\t\t\t\t\t\t\t\t\t<li class=\"\" data-tab data-tab-id=\"jltma-tab-3c72db51\">\n\t\t\t\t\t\t\t<i aria-hidden=\"true\" class=\"simple-line-icons icon-arrow-right\"><\/i>\t\t\t\t\t\t\t\t\t\t\t\t\t\t\t<span class=\"jltma--tab-title\">\n\t\t\t\t\t\t\t\tAcidentes Pessoais\t\t\t\t\t\t\t<\/span>\n\t\t\t\t\t\t<\/li>\n\t\t\t\t\t\t\t\t\t\t\t<li class=\"\" data-tab data-tab-id=\"jltma-tab-3c72db52\">\n\t\t\t\t\t\t\t<i aria-hidden=\"true\" class=\"simple-line-icons icon-arrow-right\"><\/i>\t\t\t\t\t\t\t\t\t\t\t\t\t\t\t<span class=\"jltma--tab-title\">\n\t\t\t\t\t\t\t\tAcidentes Pessoais Escolar\t\t\t\t\t\t\t<\/span>\n\t\t\t\t\t\t<\/li>\n\t\t\t\t\t\t\t\t\t\t\t<li class=\"\" data-tab data-tab-id=\"jltma-tab-3c72db53\">\n\t\t\t\t\t\t\t<i aria-hidden=\"true\" class=\"simple-line-icons icon-arrow-right\"><\/i>\t\t\t\t\t\t\t\t\t\t\t\t\t\t\t<span class=\"jltma--tab-title\">\n\t\t\t\t\t\t\t\tAcidentes Pessoais Viagem\t\t\t\t\t\t\t<\/span>\n\t\t\t\t\t\t<\/li>\n\t\t\t\t\t\t\t\t\t<\/ul>\n\n\t\t\t\t\n\t\t\t\t<div class=\"tab-content\">\n\t\t\t\t\t\t\t\t\t\t\t<div id=\"jltma-tab-3c72db50\" class=\"jltma--advance-tab-content tab-pane active\">\n\t\t\t\t\t\t\t<p><span style=\"font-size: 14pt; color: #bc0008;\"><strong>Acidentes de Trabalho e Doen\u00e7as Profissionais<\/strong><\/span><\/p><p class=\"p1\">O Seguro de Acidentes de Trabalho \u00e9 um dos seguros obrigat\u00f3rios por lei em Angola, conforme disposto no <span style=\"color: #bc0008;\"><a href=\"http:\/\/box2508.temp.domains\/~zilliancwp-content\/uploads\/2023\/02\/Decreto-53-05-acidentes-de-trabalho.pdf\" target=\"_blank\" rel=\"noopener\" style=\"color: #bc0008;\">Decreto n.\u00ba 53\/05 de 15 de Agosto<\/a> <\/span>(Regime Jur\u00eddico dos Acidentes de Trabalho e Doen\u00e7as Profissionais).<\/p><p>Este seguro cobre os trabalhadores contra os riscos de acidente de trabalho \u2013 incluindo no trajecto de casa para o local de trabalho e vice-versa \u2013 e doen\u00e7as profissionais.<\/p><p>Para al\u00e9m das despesas m\u00e9dicas, cobre tamb\u00e9m o pagamento de sal\u00e1rios durante per\u00edodos de incapacidade tempor\u00e1ria e o pagamento de pens\u00f5es por incapacidade permanente e morte.<\/p><p><strong>Contacte os nossos especialistas para obter cota\u00e7\u00f5es de v\u00e1rias seguradoras e um comparativo completo. <\/strong><\/p><p><a href=\"\/#popmake-17431\"><button class=\"primary-btn primary-btn_success\">Saber mais<\/button><\/a><\/p>\t\t\t\t\t\t<\/div><!-- jltma--advance-tab-content -->\n\t\t\t\t\t\t\t\t\t\t\t<div id=\"jltma-tab-3c72db51\" class=\"jltma--advance-tab-content tab-pane \">\n\t\t\t\t\t\t\t<p><span style=\"font-size: 14pt; color: #bc0008;\"><strong>Acidentes Pessoais<\/strong><\/span><\/p><p class=\"p1\">O Seguro de Acidentes Pessoais cobre os riscos de invalidez permanente e morte em caso de acidente, garantindo o pagamento de uma indemniza\u00e7\u00e3o \u00e0 Pessoa Segura ou, em caso de morte, aos seus benefici\u00e1rios.<\/p><p>Pode tamb\u00e9m garantir o pagamento de despesas de tratamento m\u00e9dico e repatriamento para o pa\u00eds de origem da Pessoa Segura.<\/p><p><strong>Contacte os nossos especialistas para obter cota\u00e7\u00f5es de v\u00e1rias seguradoras e um comparativo completo. <\/strong><\/p><p><a href=\"\/#popmake-17431\"><button class=\"primary-btn primary-btn_success\">Saber mais<\/button><\/a><\/p>\t\t\t\t\t\t<\/div><!-- jltma--advance-tab-content -->\n\t\t\t\t\t\t\t\t\t\t\t<div id=\"jltma-tab-3c72db52\" class=\"jltma--advance-tab-content tab-pane \">\n\t\t\t\t\t\t\t<p><span style=\"font-size: 14pt; color: #bc0008;\"><strong>Acidentes Pessoais Escolar<\/strong><\/span><\/p><p class=\"p1\">O Seguro de Acidentes Pessoais Escolar cobre estudantes, docentes e outros trabalhadores de institui\u00e7\u00f5es de ensino contra os riscos de invalidez permanente e morte, em resultado de acidente durante as actividades escolares ou outras actividades associadas, garantindo o pagamento de uma indemniza\u00e7\u00e3o \u00e0 Pessoa Segura ou, em caso de morte, aos seus benefici\u00e1rios.<\/p><p>Tamb\u00e9m pode incluir coberturas de responsabilidade civil que cobrem as institui\u00e7\u00f5es de ensino e respectivos alunos contra danos que possam causar a terceiros ou entre si.<\/p><p><strong>Contacte os nossos especialistas para obter cota\u00e7\u00f5es de v\u00e1rias seguradoras e um comparativo completo. <\/strong><\/p><p><a href=\"\/#popmake-17431\"><button class=\"primary-btn primary-btn_success\">Saber mais<\/button><\/a><\/p>\t\t\t\t\t\t<\/div><!-- jltma--advance-tab-content -->\n\t\t\t\t\t\t\t\t\t\t\t<div id=\"jltma-tab-3c72db53\" class=\"jltma--advance-tab-content tab-pane \">\n\t\t\t\t\t\t\t<p><span style=\"font-size: 14pt; color: #bc0008;\"><strong>Acidentes Pessoais Viagem<\/strong><\/span><\/p><p class=\"p1\">O Seguro de Acidentes Pessoais Viagem destina-se a pessoas que se deslocam em viagem ao estrangeiro, e cobre situa\u00e7\u00f5es de morte ou invalidez, despesas m\u00e9dicas incorridas durante a viagem e repatriamento de restos mortais, bem como assist\u00eancia em viagem (perda de bagagem, cancelamento de voo, etc.).<\/p><p class=\"p1\">\u00c9 um seguro obrigat\u00f3rio para desloca\u00e7\u00f5es a determinados pa\u00edses como, por exemplo, os integrantes do espa\u00e7o Schengen e outros pa\u00edses europeus.<\/p><p><strong>Contacte os nossos especialistas para obter cota\u00e7\u00f5es de v\u00e1rias seguradoras e um comparativo completo. <\/strong><\/p><p><a href=\"\/#popmake-17431\"><button class=\"primary-btn primary-btn_success\">Saber mais<\/button><\/a><\/p>\t\t\t\t\t\t<\/div><!-- jltma--advance-tab-content -->\n\t\t\t\t\t\t\t\t\t<\/div> <!-- tab-content -->\n\n\n\t\t\t\t\n\t\t<\/div>\n\t\t<\/div>\n\t\t\t\t<\/div>\n\t\t\t\t\t<\/div>\n\t\t<\/div>\n\t\t\t\t\t\t\t<\/div>\n\t\t<\/section>\n\t\t\t\t\t\t\t<\/div>\n\t\t","protected":false},"excerpt":{"rendered":"<p>Acidentes O Que Fazemos\u00a0 \u00a0&gt;\u00a0 \u00a0Seguro\u00a0 &gt;\u00a0 \u00a0Por Ramo\u00a0 &gt;\u00a0 \u00a0Acidentes Acidentes Explore as solu\u00e7\u00f5es que oferecemos para o seu neg\u00f3cio Acidentes de Trabalho e Doen\u00e7as Profissionais Acidentes Pessoais Acidentes Pessoais Escolar Acidentes Pessoais Viagem Acidentes de Trabalho e Doen\u00e7as Profissionais O Seguro de Acidentes de Trabalho \u00e9 um dos seguros obrigat\u00f3rios por lei em Angola, conforme disposto no Decreto n.\u00ba 53\/05 de 15 de Agosto (Regime Jur\u00eddico dos Acidentes de Trabalho e Doen\u00e7as Profissionais). Este seguro cobre os trabalhadores contra os riscos de acidente de trabalho \u2013 incluindo no trajecto de casa para o local de trabalho e vice-versa \u2013 e doen\u00e7as profissionais. Para al\u00e9m das despesas m\u00e9dicas, cobre tamb\u00e9m o pagamento de sal\u00e1rios durante per\u00edodos de incapacidade tempor\u00e1ria e o pagamento de pens\u00f5es por incapacidade permanente e morte. Contacte os nossos especialistas para obter cota\u00e7\u00f5es de v\u00e1rias seguradoras e um comparativo completo. Saber mais Acidentes Pessoais O Seguro de Acidentes Pessoais cobre os riscos de invalidez permanente e morte em caso de acidente, garantindo o pagamento de uma indemniza\u00e7\u00e3o \u00e0 Pessoa Segura ou, em caso de morte, aos seus benefici\u00e1rios. Pode tamb\u00e9m garantir o pagamento de despesas de tratamento m\u00e9dico e repatriamento para o pa\u00eds de origem da Pessoa Segura. Contacte os nossos especialistas para obter cota\u00e7\u00f5es de v\u00e1rias seguradoras e um comparativo completo. Saber mais Acidentes Pessoais Escolar O Seguro de Acidentes Pessoais Escolar cobre estudantes, docentes e outros trabalhadores de institui\u00e7\u00f5es de ensino contra os riscos de invalidez permanente e morte, em resultado de acidente durante as actividades escolares ou outras actividades associadas, garantindo o pagamento de uma indemniza\u00e7\u00e3o \u00e0 Pessoa Segura ou, em caso de morte, aos seus benefici\u00e1rios. Tamb\u00e9m pode incluir coberturas de responsabilidade civil que cobrem as institui\u00e7\u00f5es de ensino e respectivos alunos contra danos que possam causar a terceiros ou entre si. Contacte os nossos especialistas para obter cota\u00e7\u00f5es de v\u00e1rias seguradoras e um comparativo completo. Saber mais Acidentes Pessoais Viagem O Seguro de Acidentes Pessoais Viagem destina-se a pessoas que se deslocam em viagem ao estrangeiro, e cobre situa\u00e7\u00f5es de morte ou invalidez, despesas m\u00e9dicas incorridas durante a viagem e repatriamento de restos mortais, bem como assist\u00eancia em viagem (perda de bagagem, cancelamento de voo, etc.). \u00c9 um seguro obrigat\u00f3rio para desloca\u00e7\u00f5es a determinados pa\u00edses como, por exemplo, os integrantes do espa\u00e7o Schengen e outros pa\u00edses europeus. Contacte os nossos especialistas para obter cota\u00e7\u00f5es de v\u00e1rias seguradoras e um comparativo completo. Saber mais<\/p>\n","protected":false},"author":3,"featured_media":0,"parent":0,"menu_order":0,"comment_status":"closed","ping_status":"closed","template":"","meta":{"nf_dc_page":"","om_disable_all_campaigns":false,"loftloader_page_shortcode":"","footnotes":""},"class_list":["post-16518","page","type-page","status-publish","hentry"],"_links":{"self":[{"href":"https:\/\/www.zillian.co.ao\/pt\/wp-json\/wp\/v2\/pages\/16518","targetHints":{"allow":["GET"]}}],"collection":[{"href":"https:\/\/www.zillian.co.ao\/pt\/wp-json\/wp\/v2\/pages"}],"about":[{"href":"https:\/\/www.zillian.co.ao\/pt\/wp-json\/wp\/v2\/types\/page"}],"author":[{"embeddable":true,"href":"https:\/\/www.zillian.co.ao\/pt\/wp-json\/wp\/v2\/users\/3"}],"replies":[{"embeddable":true,"href":"https:\/\/www.zillian.co.ao\/pt\/wp-json\/wp\/v2\/comments?post=16518"}],"version-history":[{"count":0,"href":"https:\/\/www.zillian.co.ao\/pt\/wp-json\/wp\/v2\/pages\/16518\/revisions"}],"wp:attachment":[{"href":"https:\/\/www.zillian.co.ao\/pt\/wp-json\/wp\/v2\/media?parent=16518"}],"curies":[{"name":"wp","href":"https:\/\/api.w.org\/{rel}","templated":true}]}}