{"id":16536,"date":"2022-09-12T13:34:40","date_gmt":"2022-09-12T13:34:40","guid":{"rendered":"https:\/\/www.zillian.co.ao\/\/?page_id=16536"},"modified":"2023-06-29T21:10:23","modified_gmt":"2023-06-29T21:10:23","slug":"patrimonio","status":"publish","type":"page","link":"https:\/\/www.zillian.co.ao\/pt\/patrimonio\/","title":{"rendered":"Patrim\u00f3nio"},"content":{"rendered":"\t\t<div data-elementor-type=\"wp-page\" data-elementor-id=\"16536\" class=\"elementor elementor-16536\">\n\t\t\t\t\t\t\t\t\t<section class=\"elementor-section elementor-top-section elementor-element elementor-element-ac983bf elementor-section-stretched elementor-section-boxed elementor-section-height-default elementor-section-height-default jltma-glass-effect-no wpr-particle-no wpr-jarallax-no wpr-parallax-no wpr-sticky-section-no\" data-id=\"ac983bf\" data-element_type=\"section\" data-settings=\"{&quot;background_background&quot;:&quot;classic&quot;,&quot;stretch_section&quot;:&quot;section-stretched&quot;}\">\n\t\t\t\t\t\t\t<div class=\"elementor-background-overlay\"><\/div>\n\t\t\t\t\t\t\t<div class=\"elementor-container elementor-column-gap-default\">\n\t\t\t\t\t<div class=\"elementor-column elementor-col-100 elementor-top-column elementor-element elementor-element-3c7e1cb jltma-glass-effect-no\" data-id=\"3c7e1cb\" data-element_type=\"column\" data-settings=\"{&quot;animation&quot;:&quot;none&quot;,&quot;animation_delay&quot;:200}\">\n\t\t\t<div class=\"elementor-widget-wrap elementor-element-populated\">\n\t\t\t\t\t\t\t\t<div class=\"elementor-element elementor-element-e2c66b4 elementor-widget__width-initial elementor-widget-tablet__width-initial jltma-glass-effect-no elementor-widget elementor-widget-wgl-double-heading\" data-id=\"e2c66b4\" data-element_type=\"widget\" data-widget_type=\"wgl-double-heading.default\">\n\t\t\t\t<div class=\"elementor-widget-container\">\n\t\t\t<div class=\"wgl-double-heading\"><h5 class=\"dblh__title-wrapper\"><span class=\"dblh__title dblh__title-1\">Patrim\u00f3nio<\/span><\/h5><\/div>\t\t<\/div>\n\t\t\t\t<\/div>\n\t\t\t\t<div class=\"elementor-element elementor-element-fc8323d elementor-widget-tablet__width-initial elementor-widget-mobile__width-inherit elementor-hidden-tablet elementor-hidden-mobile jltma-glass-effect-no elementor-widget elementor-widget-text-editor\" data-id=\"fc8323d\" data-element_type=\"widget\" data-widget_type=\"text-editor.default\">\n\t\t\t\t<div class=\"elementor-widget-container\">\n\t\t\t<style>\/*! elementor - v3.14.0 - 26-06-2023 *\/\n.elementor-widget-text-editor.elementor-drop-cap-view-stacked .elementor-drop-cap{background-color:#69727d;color:#fff}.elementor-widget-text-editor.elementor-drop-cap-view-framed .elementor-drop-cap{color:#69727d;border:3px solid;background-color:transparent}.elementor-widget-text-editor:not(.elementor-drop-cap-view-default) .elementor-drop-cap{margin-top:8px}.elementor-widget-text-editor:not(.elementor-drop-cap-view-default) .elementor-drop-cap-letter{width:1em;height:1em}.elementor-widget-text-editor .elementor-drop-cap{float:left;text-align:center;line-height:1;font-size:50px}.elementor-widget-text-editor .elementor-drop-cap-letter{display:inline-block}<\/style>\t\t\t\t<p class=\"p1\"><span style=\"color: #ffffff;\"><a href=\"https:\/\/www.zillian.co.ao\/o_que_fazemos\/\" style=\"color: #ffffff;\">O Que Fazemos<\/a>\u00a0 \u00a0&gt;\u00a0 \u00a0<a href=\"https:\/\/www.zillian.co.ao\/o_que_fazemos\/\" style=\"color: #ffffff;\">Seguro<\/a>\u00a0 &gt;\u00a0 \u00a0<a href=\"https:\/\/www.zillian.co.ao\/o_que_fazemos\/\" style=\"color: #ffffff;\">Por Ramo<\/a>\u00a0 &gt;\u00a0 \u00a0<a href=\"https:\/\/www.zillian.co.ao\/patrimonio\/\" style=\"color: #ffffff;\">Patrim\u00f3nio<\/a><\/span><\/p>\t\t\t\t\t\t<\/div>\n\t\t\t\t<\/div>\n\t\t\t\t\t<\/div>\n\t\t<\/div>\n\t\t\t\t\t\t\t<\/div>\n\t\t<\/section>\n\t\t\t\t<section class=\"elementor-section elementor-top-section elementor-element elementor-element-578b2f0 elementor-section-content-top elementor-section-stretched elementor-section-boxed elementor-section-height-default elementor-section-height-default jltma-glass-effect-no wpr-particle-no wpr-jarallax-no wpr-parallax-no wpr-sticky-section-no\" data-id=\"578b2f0\" data-element_type=\"section\" data-settings=\"{&quot;stretch_section&quot;:&quot;section-stretched&quot;}\">\n\t\t\t\t\t\t<div class=\"elementor-container elementor-column-gap-default\">\n\t\t\t\t\t<div class=\"elementor-column elementor-col-100 elementor-top-column elementor-element elementor-element-286cfe7 jltma-glass-effect-no\" data-id=\"286cfe7\" data-element_type=\"column\">\n\t\t\t<div class=\"elementor-widget-wrap elementor-element-populated\">\n\t\t\t\t\t\t\t\t<div class=\"elementor-element elementor-element-a59dc9b elementor-widget__width-inherit elementor-widget-tablet__width-inherit jltma-glass-effect-no elementor-widget elementor-widget-wgl-double-heading\" data-id=\"a59dc9b\" data-element_type=\"widget\" data-widget_type=\"wgl-double-heading.default\">\n\t\t\t\t<div class=\"elementor-widget-container\">\n\t\t\t<div class=\"wgl-double-heading\"><div class=\"dblh__subtitle\">Patrim\u00f3nio<\/div><h5 class=\"dblh__title-wrapper\"><span class=\"dblh__title dblh__title-1\">Explore as solu\u00e7\u00f5es que oferecemos para o seu neg\u00f3cio<\/span><\/h5><\/div>\t\t<\/div>\n\t\t\t\t<\/div>\n\t\t\t\t<div class=\"elementor-element elementor-element-9b97642 jltma-glass-effect-no elementor-widget elementor-widget-ma-tabs\" data-id=\"9b97642\" data-element_type=\"widget\" data-widget_type=\"ma-tabs.default\">\n\t\t\t\t<div class=\"elementor-widget-container\">\n\t\t\t\n\n\t\t<div id=\"jltma--advance-tabs-9b97642\" class=\"jltma--advance-tab four \" data-tab-effect=\"click\" data-tabs>\n\n\t\t\t\n\t\t\t\t<ul class=\"jltma--advance-tab-nav\">\n\t\t\t\t\t\t\t\t\t\t\t<li class=\"active\" data-tab data-tab-id=\"jltma-tab-9b976420\">\n\t\t\t\t\t\t\t<i aria-hidden=\"true\" class=\"simple-line-icons icon-arrow-right\"><\/i>\t\t\t\t\t\t\t\t\t\t\t\t\t\t\t<span class=\"jltma--tab-title\">\n\t\t\t\t\t\t\t\tAutom\u00f3vel Frota\t\t\t\t\t\t\t<\/span>\n\t\t\t\t\t\t<\/li>\n\t\t\t\t\t\t\t\t\t\t\t<li class=\"\" data-tab data-tab-id=\"jltma-tab-9b976421\">\n\t\t\t\t\t\t\t<i aria-hidden=\"true\" class=\"simple-line-icons icon-arrow-right\"><\/i>\t\t\t\t\t\t\t\t\t\t\t\t\t\t\t<span class=\"jltma--tab-title\">\n\t\t\t\t\t\t\t\tInc\u00eandio \/ Multirriscos\t\t\t\t\t\t\t<\/span>\n\t\t\t\t\t\t<\/li>\n\t\t\t\t\t\t\t\t\t\t\t<li class=\"\" data-tab data-tab-id=\"jltma-tab-9b976422\">\n\t\t\t\t\t\t\t<i aria-hidden=\"true\" class=\"simple-line-icons icon-arrow-right\"><\/i>\t\t\t\t\t\t\t\t\t\t\t\t\t\t\t<span class=\"jltma--tab-title\">\n\t\t\t\t\t\t\t\tM\u00e1quinas Casco\t\t\t\t\t\t\t<\/span>\n\t\t\t\t\t\t<\/li>\n\t\t\t\t\t\t\t\t\t\t\t<li class=\"\" data-tab data-tab-id=\"jltma-tab-9b976423\">\n\t\t\t\t\t\t\t<i aria-hidden=\"true\" class=\"simple-line-icons icon-arrow-right\"><\/i>\t\t\t\t\t\t\t\t\t\t\t\t\t\t\t<span class=\"jltma--tab-title\">\n\t\t\t\t\t\t\t\tAvaria de M\u00e1quinas\t\t\t\t\t\t\t<\/span>\n\t\t\t\t\t\t<\/li>\n\t\t\t\t\t\t\t\t\t<\/ul>\n\n\t\t\t\t\n\t\t\t\t<div class=\"tab-content\">\n\t\t\t\t\t\t\t\t\t\t\t<div id=\"jltma-tab-9b976420\" class=\"jltma--advance-tab-content tab-pane active\">\n\t\t\t\t\t\t\t<p><span style=\"font-size: 14pt; color: #bc0008;\"><strong>Autom\u00f3vel Frota<\/strong><\/span><\/p><p class=\"p1\">O Seguro de Responsabilidade Civil Autom\u00f3vel \u00e9 obrigat\u00f3rio para todos os ve\u00edculos que circulem na via p\u00fablica, de acordo com o <span style=\"color: #bc0109;\"><a href=\"http:\/\/box2508.temp.domains\/~zilliancwp-content\/uploads\/2023\/04\/Decreto_n35-09-RC-Automovel.pdf\" style=\"color: #bc0109;\" target=\"_blank\" rel=\"noopener\">Decreto n.\u00ba 35\/09 de 11 de Agosto<\/a><\/span>. Este seguro cobre os danos patrimoniais e n\u00e3o patrimoniais causados a terceiros, cuja responsabilidade seja imput\u00e1vel ao segurado.<\/p><p>O Seguro Autom\u00f3vel Frota pode ainda cobrir os danos ao pr\u00f3prio ve\u00edculo seguro, incluindo as coberturas de Inc\u00eandio, Raio e Explos\u00e3o, Choque, Colis\u00e3o e Capotamento, Furto ou Roubo, Quebra Isolada de Vidros, Fen\u00f3menos da Natureza, Greves, Tumultos e Altera\u00e7\u00f5es da Ordem P\u00fablica, Actos de Vandalismo, etc.<\/p><p>Algumas ap\u00f3lices oferecem ainda a cobertura de Ocupantes, bem como outras coberturas de assist\u00eancia como, por exemplo, Ve\u00edculo de Substitui\u00e7\u00e3o, Reboque, Protec\u00e7\u00e3o Jur\u00eddica, etc.<\/p><p><strong>Contacte os nossos especialistas para obter cota\u00e7\u00f5es de v\u00e1rias seguradoras e um comparativo completo. <\/strong><\/p><p><a href=\"\/#popmake-17431\"><button class=\"primary-btn primary-btn_success\">Saber mais<\/button><\/a><\/p>\t\t\t\t\t\t<\/div><!-- jltma--advance-tab-content -->\n\t\t\t\t\t\t\t\t\t\t\t<div id=\"jltma-tab-9b976421\" class=\"jltma--advance-tab-content tab-pane \">\n\t\t\t\t\t\t\t<p><span style=\"font-size: 14pt; color: #bc0008;\"><strong>Inc\u00eandio \/ Multirriscos<\/strong><\/span><\/p><p class=\"p1\">O Seguro de Inc\u00eandio tem como objectivo a salvaguarda de Bens Im\u00f3veis como edif\u00edcios e frac\u00e7\u00f5es aut\u00f3nomas, bem como os respectivos conte\u00fados (Mobili\u00e1rio, Equipamentos, Stock, etc.) contra o risco de inc\u00eandio. No caso de im\u00f3veis em Regime de Propriedade Horizontal (sejam eles pr\u00e9dios ou condom\u00ednios fechados), de acordo com o Art\u00ba. 1429 do C\u00f3digo Civil, este \u00e9 um seguro obrigat\u00f3rio.<\/p><p>O Seguro Multirriscos \u00e9 uma vers\u00e3o mais completa do Seguro de Inc\u00eandio pois, para al\u00e9m da cobertura de Inc\u00eandio, inclui outras como Responsabilidade Civil do Senhorio ou do Inquilino, Tempestades, Inunda\u00e7\u00f5es, Danos Por \u00c1gua, Aluimento de Terras, Furto ou Roubo, Riscos El\u00e9ctricos, etc.<\/p><p>O Seguro Multirriscos pode ser contratado numa base de Riscos Nomeados, em que s\u00f3 os riscos especificamente contratados na ap\u00f3lice est\u00e3o cobertos, ou numa base Todos os Riscos, em que todos os danos est\u00e3o cobertos, excepto aqueles que estiverem explicitamente exclu\u00eddos na ap\u00f3lice.<\/p><p><strong>Contacte os nossos especialistas para obter cota\u00e7\u00f5es de v\u00e1rias seguradoras e um comparativo completo. <\/strong><\/p><p><a href=\"\/#popmake-17431\"><button class=\"primary-btn primary-btn_success\">Saber mais<\/button><\/a><\/p>\t\t\t\t\t\t<\/div><!-- jltma--advance-tab-content -->\n\t\t\t\t\t\t\t\t\t\t\t<div id=\"jltma-tab-9b976422\" class=\"jltma--advance-tab-content tab-pane \">\n\t\t\t\t\t\t\t<p><span style=\"font-size: 14pt; color: #bc0008;\"><strong>M\u00e1quinas Casco<\/strong><\/span><\/p><p class=\"p1\">O Seguro de M\u00e1quinas Casco tem como objectivo garantir ao Tomador do Seguro a indemniza\u00e7\u00e3o por perdas e danos materiais de origem externa, verificados nas m\u00e1quinas, equipamentos e instala\u00e7\u00f5es seguros, quer estejam ou n\u00e3o em labora\u00e7\u00e3o, bem como durante as opera\u00e7\u00f5es de montagem ou desmontagem para fins de limpeza, inspec\u00e7\u00e3o, repara\u00e7\u00e3o, manuten\u00e7\u00e3o ou reinstala\u00e7\u00e3o das mesmas.<\/p><p><strong>Contacte os nossos especialistas para obter cota\u00e7\u00f5es de v\u00e1rias seguradoras e um comparativo completo. <\/strong><\/p><p><a href=\"\/#popmake-17431\"><button class=\"primary-btn primary-btn_success\">Saber mais<\/button><\/a><\/p>\t\t\t\t\t\t<\/div><!-- jltma--advance-tab-content -->\n\t\t\t\t\t\t\t\t\t\t\t<div id=\"jltma-tab-9b976423\" class=\"jltma--advance-tab-content tab-pane \">\n\t\t\t\t\t\t\t<p><span style=\"font-size: 14pt; color: #bc0008;\"><strong>Avaria de M\u00e1quinas<\/strong><\/span><\/p><p class=\"p1\">O Seguro de Avaria M\u00e1quinas tem como objectivo garantir ao Segurado a indemniza\u00e7\u00e3o por perdas e danos materiais sofridos pelos bens seguros em consequ\u00eancia de avaria, ocorrida ap\u00f3s a sua instala\u00e7\u00e3o e decorrente do uso, caso tais danos obriguem a uma repara\u00e7\u00e3o ou substitui\u00e7\u00e3o do equipamento.<\/p><p><strong>Contacte os nossos especialistas para obter cota\u00e7\u00f5es de v\u00e1rias seguradoras e um comparativo completo. <\/strong><\/p><p><a href=\"\/#popmake-17431\"><button class=\"primary-btn primary-btn_success\">Saber mais<\/button><\/a><\/p>\t\t\t\t\t\t<\/div><!-- jltma--advance-tab-content -->\n\t\t\t\t\t\t\t\t\t<\/div> <!-- tab-content -->\n\n\n\t\t\t\t\n\t\t<\/div>\n\t\t<\/div>\n\t\t\t\t<\/div>\n\t\t\t\t\t<\/div>\n\t\t<\/div>\n\t\t\t\t\t\t\t<\/div>\n\t\t<\/section>\n\t\t\t\t\t\t\t<\/div>\n\t\t","protected":false},"excerpt":{"rendered":"<p>Patrim\u00f3nio O Que Fazemos\u00a0 \u00a0&gt;\u00a0 \u00a0Seguro\u00a0 &gt;\u00a0 \u00a0Por Ramo\u00a0 &gt;\u00a0 \u00a0Patrim\u00f3nio Patrim\u00f3nio Explore as solu\u00e7\u00f5es que oferecemos para o seu neg\u00f3cio Autom\u00f3vel Frota Inc\u00eandio \/ Multirriscos M\u00e1quinas Casco Avaria de M\u00e1quinas Autom\u00f3vel Frota O Seguro de Responsabilidade Civil Autom\u00f3vel \u00e9 obrigat\u00f3rio para todos os ve\u00edculos que circulem na via p\u00fablica, de acordo com o Decreto n.\u00ba 35\/09 de 11 de Agosto. Este seguro cobre os danos patrimoniais e n\u00e3o patrimoniais causados a terceiros, cuja responsabilidade seja imput\u00e1vel ao segurado. O Seguro Autom\u00f3vel Frota pode ainda cobrir os danos ao pr\u00f3prio ve\u00edculo seguro, incluindo as coberturas de Inc\u00eandio, Raio e Explos\u00e3o, Choque, Colis\u00e3o e Capotamento, Furto ou Roubo, Quebra Isolada de Vidros, Fen\u00f3menos da Natureza, Greves, Tumultos e Altera\u00e7\u00f5es da Ordem P\u00fablica, Actos de Vandalismo, etc. Algumas ap\u00f3lices oferecem ainda a cobertura de Ocupantes, bem como outras coberturas de assist\u00eancia como, por exemplo, Ve\u00edculo de Substitui\u00e7\u00e3o, Reboque, Protec\u00e7\u00e3o Jur\u00eddica, etc. Contacte os nossos especialistas para obter cota\u00e7\u00f5es de v\u00e1rias seguradoras e um comparativo completo. Saber mais Inc\u00eandio \/ Multirriscos O Seguro de Inc\u00eandio tem como objectivo a salvaguarda de Bens Im\u00f3veis como edif\u00edcios e frac\u00e7\u00f5es aut\u00f3nomas, bem como os respectivos conte\u00fados (Mobili\u00e1rio, Equipamentos, Stock, etc.) contra o risco de inc\u00eandio. No caso de im\u00f3veis em Regime de Propriedade Horizontal (sejam eles pr\u00e9dios ou condom\u00ednios fechados), de acordo com o Art\u00ba. 1429 do C\u00f3digo Civil, este \u00e9 um seguro obrigat\u00f3rio. O Seguro Multirriscos \u00e9 uma vers\u00e3o mais completa do Seguro de Inc\u00eandio pois, para al\u00e9m da cobertura de Inc\u00eandio, inclui outras como Responsabilidade Civil do Senhorio ou do Inquilino, Tempestades, Inunda\u00e7\u00f5es, Danos Por \u00c1gua, Aluimento de Terras, Furto ou Roubo, Riscos El\u00e9ctricos, etc. O Seguro Multirriscos pode ser contratado numa base de Riscos Nomeados, em que s\u00f3 os riscos especificamente contratados na ap\u00f3lice est\u00e3o cobertos, ou numa base Todos os Riscos, em que todos os danos est\u00e3o cobertos, excepto aqueles que estiverem explicitamente exclu\u00eddos na ap\u00f3lice. Contacte os nossos especialistas para obter cota\u00e7\u00f5es de v\u00e1rias seguradoras e um comparativo completo. Saber mais M\u00e1quinas Casco O Seguro de M\u00e1quinas Casco tem como objectivo garantir ao Tomador do Seguro a indemniza\u00e7\u00e3o por perdas e danos materiais de origem externa, verificados nas m\u00e1quinas, equipamentos e instala\u00e7\u00f5es seguros, quer estejam ou n\u00e3o em labora\u00e7\u00e3o, bem como durante as opera\u00e7\u00f5es de montagem ou desmontagem para fins de limpeza, inspec\u00e7\u00e3o, repara\u00e7\u00e3o, manuten\u00e7\u00e3o ou reinstala\u00e7\u00e3o das mesmas. Contacte os nossos especialistas para obter cota\u00e7\u00f5es de v\u00e1rias seguradoras e um comparativo completo. Saber mais Avaria de M\u00e1quinas O Seguro de Avaria M\u00e1quinas tem como objectivo garantir ao Segurado a indemniza\u00e7\u00e3o por perdas e danos materiais sofridos pelos bens seguros em consequ\u00eancia de avaria, ocorrida ap\u00f3s a sua instala\u00e7\u00e3o e decorrente do uso, caso tais danos obriguem a uma repara\u00e7\u00e3o ou substitui\u00e7\u00e3o do equipamento. Contacte os nossos especialistas para obter cota\u00e7\u00f5es de v\u00e1rias seguradoras e um comparativo completo. Saber mais<\/p>\n","protected":false},"author":3,"featured_media":0,"parent":0,"menu_order":0,"comment_status":"closed","ping_status":"closed","template":"","meta":{"nf_dc_page":"","om_disable_all_campaigns":false,"loftloader_page_shortcode":"","footnotes":""},"class_list":["post-16536","page","type-page","status-publish","hentry"],"_links":{"self":[{"href":"https:\/\/www.zillian.co.ao\/pt\/wp-json\/wp\/v2\/pages\/16536","targetHints":{"allow":["GET"]}}],"collection":[{"href":"https:\/\/www.zillian.co.ao\/pt\/wp-json\/wp\/v2\/pages"}],"about":[{"href":"https:\/\/www.zillian.co.ao\/pt\/wp-json\/wp\/v2\/types\/page"}],"author":[{"embeddable":true,"href":"https:\/\/www.zillian.co.ao\/pt\/wp-json\/wp\/v2\/users\/3"}],"replies":[{"embeddable":true,"href":"https:\/\/www.zillian.co.ao\/pt\/wp-json\/wp\/v2\/comments?post=16536"}],"version-history":[{"count":0,"href":"https:\/\/www.zillian.co.ao\/pt\/wp-json\/wp\/v2\/pages\/16536\/revisions"}],"wp:attachment":[{"href":"https:\/\/www.zillian.co.ao\/pt\/wp-json\/wp\/v2\/media?parent=16536"}],"curies":[{"name":"wp","href":"https:\/\/api.w.org\/{rel}","templated":true}]}}