{"id":16582,"date":"2022-09-12T14:36:41","date_gmt":"2022-09-12T14:36:41","guid":{"rendered":"https:\/\/www.zillian.co.ao\/\/?page_id=16582"},"modified":"2023-06-29T21:12:22","modified_gmt":"2023-06-29T21:12:22","slug":"financeiras","status":"publish","type":"page","link":"https:\/\/www.zillian.co.ao\/pt\/financeiras\/","title":{"rendered":"Linhas Financeiras"},"content":{"rendered":"\t\t<div data-elementor-type=\"wp-page\" data-elementor-id=\"16582\" class=\"elementor elementor-16582\">\n\t\t\t\t\t\t\t\t\t<section class=\"elementor-section elementor-top-section elementor-element elementor-element-97f1044 elementor-section-stretched elementor-section-boxed elementor-section-height-default elementor-section-height-default jltma-glass-effect-no wpr-particle-no wpr-jarallax-no wpr-parallax-no wpr-sticky-section-no\" data-id=\"97f1044\" data-element_type=\"section\" data-settings=\"{&quot;background_background&quot;:&quot;classic&quot;,&quot;stretch_section&quot;:&quot;section-stretched&quot;}\">\n\t\t\t\t\t\t\t<div class=\"elementor-background-overlay\"><\/div>\n\t\t\t\t\t\t\t<div class=\"elementor-container elementor-column-gap-default\">\n\t\t\t\t\t<div class=\"elementor-column elementor-col-100 elementor-top-column elementor-element elementor-element-84bb0d6 jltma-glass-effect-no\" data-id=\"84bb0d6\" data-element_type=\"column\" data-settings=\"{&quot;animation&quot;:&quot;none&quot;,&quot;animation_delay&quot;:200}\">\n\t\t\t<div class=\"elementor-widget-wrap elementor-element-populated\">\n\t\t\t\t\t\t\t\t<div class=\"elementor-element elementor-element-0dc20ba elementor-widget__width-initial elementor-widget-tablet__width-initial jltma-glass-effect-no elementor-widget elementor-widget-wgl-double-heading\" data-id=\"0dc20ba\" data-element_type=\"widget\" data-widget_type=\"wgl-double-heading.default\">\n\t\t\t\t<div class=\"elementor-widget-container\">\n\t\t\t<div class=\"wgl-double-heading\"><h5 class=\"dblh__title-wrapper\"><span class=\"dblh__title dblh__title-1\">Linhas Financeiras<\/span><\/h5><\/div>\t\t<\/div>\n\t\t\t\t<\/div>\n\t\t\t\t<div class=\"elementor-element elementor-element-d2b8a62 elementor-widget-tablet__width-initial elementor-widget-mobile__width-inherit elementor-hidden-tablet elementor-hidden-mobile jltma-glass-effect-no elementor-widget elementor-widget-text-editor\" data-id=\"d2b8a62\" data-element_type=\"widget\" data-widget_type=\"text-editor.default\">\n\t\t\t\t<div class=\"elementor-widget-container\">\n\t\t\t<style>\/*! elementor - v3.14.0 - 26-06-2023 *\/\n.elementor-widget-text-editor.elementor-drop-cap-view-stacked .elementor-drop-cap{background-color:#69727d;color:#fff}.elementor-widget-text-editor.elementor-drop-cap-view-framed .elementor-drop-cap{color:#69727d;border:3px solid;background-color:transparent}.elementor-widget-text-editor:not(.elementor-drop-cap-view-default) .elementor-drop-cap{margin-top:8px}.elementor-widget-text-editor:not(.elementor-drop-cap-view-default) .elementor-drop-cap-letter{width:1em;height:1em}.elementor-widget-text-editor .elementor-drop-cap{float:left;text-align:center;line-height:1;font-size:50px}.elementor-widget-text-editor .elementor-drop-cap-letter{display:inline-block}<\/style>\t\t\t\t<p class=\"p1\"><span style=\"color: #ffffff;\"><a href=\"https:\/\/www.zillian.co.ao\/o_que_fazemos\/\" style=\"color: #ffffff;\">O Que Fazemos<\/a>\u00a0 \u00a0&gt;\u00a0 \u00a0<a href=\"https:\/\/www.zillian.co.ao\/o_que_fazemos\/\" style=\"color: #ffffff;\">Seguro<\/a>\u00a0 &gt;\u00a0 \u00a0<a href=\"https:\/\/www.zillian.co.ao\/o_que_fazemos\/\" style=\"color: #ffffff;\">Por Ramo<\/a>\u00a0 &gt;\u00a0 <a href=\"https:\/\/www.zillian.co.ao\/financeiras\/\" style=\"color: #ffffff;\">Linhas Financeiras<\/a><\/span><\/p>\t\t\t\t\t\t<\/div>\n\t\t\t\t<\/div>\n\t\t\t\t\t<\/div>\n\t\t<\/div>\n\t\t\t\t\t\t\t<\/div>\n\t\t<\/section>\n\t\t\t\t<section class=\"elementor-section elementor-top-section elementor-element elementor-element-4ed69ac elementor-section-content-top elementor-section-stretched elementor-section-boxed elementor-section-height-default elementor-section-height-default jltma-glass-effect-no wpr-particle-no wpr-jarallax-no wpr-parallax-no wpr-sticky-section-no\" data-id=\"4ed69ac\" data-element_type=\"section\" data-settings=\"{&quot;stretch_section&quot;:&quot;section-stretched&quot;}\">\n\t\t\t\t\t\t<div class=\"elementor-container elementor-column-gap-default\">\n\t\t\t\t\t<div class=\"elementor-column elementor-col-100 elementor-top-column elementor-element elementor-element-9e6d875 jltma-glass-effect-no\" data-id=\"9e6d875\" data-element_type=\"column\">\n\t\t\t<div class=\"elementor-widget-wrap elementor-element-populated\">\n\t\t\t\t\t\t\t\t<div class=\"elementor-element elementor-element-c75dda2 elementor-widget__width-inherit elementor-widget-tablet__width-inherit jltma-glass-effect-no elementor-widget elementor-widget-wgl-double-heading\" data-id=\"c75dda2\" data-element_type=\"widget\" data-widget_type=\"wgl-double-heading.default\">\n\t\t\t\t<div class=\"elementor-widget-container\">\n\t\t\t<div class=\"wgl-double-heading\"><div class=\"dblh__subtitle\">Linhas Financeiras<\/div><h5 class=\"dblh__title-wrapper\"><span class=\"dblh__title dblh__title-1\">Explore as solu\u00e7\u00f5es que oferecemos para o seu neg\u00f3cio<\/span><\/h5><\/div>\t\t<\/div>\n\t\t\t\t<\/div>\n\t\t\t\t<div class=\"elementor-element elementor-element-a5433df jltma-glass-effect-no elementor-widget elementor-widget-ma-tabs\" data-id=\"a5433df\" data-element_type=\"widget\" data-widget_type=\"ma-tabs.default\">\n\t\t\t\t<div class=\"elementor-widget-container\">\n\t\t\t\n\n\t\t<div id=\"jltma--advance-tabs-a5433df\" class=\"jltma--advance-tab four \" data-tab-effect=\"click\" data-tabs>\n\n\t\t\t\n\t\t\t\t<ul class=\"jltma--advance-tab-nav\">\n\t\t\t\t\t\t\t\t\t\t\t<li class=\"active\" data-tab data-tab-id=\"jltma-tab-a5433df0\">\n\t\t\t\t\t\t\t<i aria-hidden=\"true\" class=\"simple-line-icons icon-arrow-right\"><\/i>\t\t\t\t\t\t\t\t\t\t\t\t\t\t\t<span class=\"jltma--tab-title\">\n\t\t\t\t\t\t\t\tSeguro de Cr\u00e9dito\t\t\t\t\t\t\t<\/span>\n\t\t\t\t\t\t<\/li>\n\t\t\t\t\t\t\t\t\t\t\t<li class=\"\" data-tab data-tab-id=\"jltma-tab-a5433df1\">\n\t\t\t\t\t\t\t<i aria-hidden=\"true\" class=\"simple-line-icons icon-arrow-right\"><\/i>\t\t\t\t\t\t\t\t\t\t\t\t\t\t\t<span class=\"jltma--tab-title\">\n\t\t\t\t\t\t\t\tSeguro Cau\u00e7\u00e3o\t\t\t\t\t\t\t<\/span>\n\t\t\t\t\t\t<\/li>\n\t\t\t\t\t\t\t\t\t\t\t<li class=\"\" data-tab data-tab-id=\"jltma-tab-a5433df2\">\n\t\t\t\t\t\t\t<i aria-hidden=\"true\" class=\"simple-line-icons icon-arrow-right\"><\/i>\t\t\t\t\t\t\t\t\t\t\t\t\t\t\t<span class=\"jltma--tab-title\">\n\t\t\t\t\t\t\t\tPerdas de Explora\u00e7\u00e3o\t\t\t\t\t\t\t<\/span>\n\t\t\t\t\t\t<\/li>\n\t\t\t\t\t\t\t\t\t<\/ul>\n\n\t\t\t\t\n\t\t\t\t<div class=\"tab-content\">\n\t\t\t\t\t\t\t\t\t\t\t<div id=\"jltma-tab-a5433df0\" class=\"jltma--advance-tab-content tab-pane active\">\n\t\t\t\t\t\t\t<p><span style=\"font-size: 14pt; color: #bc0008;\"><strong>Seguro de Cr\u00e9dito<\/strong><\/span><\/p><p class=\"p1\"><span>O Seguro de Cr\u00e9dito protege as empresas contra o risco de n\u00e3o-pagamento (ou pagamento fora dos prazos acordados) por parte dos seus clientes, de vendas efectuadas a cr\u00e9dito.<\/span><\/p><p><strong>Contacte os nossos especialistas para obter cota\u00e7\u00f5es de v\u00e1rias seguradoras e um comparativo completo. <\/strong><\/p><p><a href=\"\/#popmake-17431\"><button class=\"primary-btn primary-btn_success\">Saber mais<\/button><\/a><\/p>\t\t\t\t\t\t<\/div><!-- jltma--advance-tab-content -->\n\t\t\t\t\t\t\t\t\t\t\t<div id=\"jltma-tab-a5433df1\" class=\"jltma--advance-tab-content tab-pane \">\n\t\t\t\t\t\t\t<p><span style=\"font-size: 14pt; color: #bc0008;\"><strong>Seguro Cau\u00e7\u00e3o<\/strong><\/span><\/p><p class=\"p1\">O Seguro Cau\u00e7\u00e3o \u00e9 uma alternativa \u00e0 garantia banc\u00e1ria, que garante o cumprimento de determinadas obriga\u00e7\u00f5es contratuais assumidas pelo Tomador do Seguro perante o Benefici\u00e1rio da cau\u00e7\u00e3o (i.e. o Segurado), protegendo assim os interesses deste \u00faltimo.<\/p><p class=\"p1\">No \u00e2mbito da Contrata\u00e7\u00e3o P\u00fablica, por exemplo, \u00e9 comum a exig\u00eancia por parte da entidade p\u00fablica contratante da apresenta\u00e7\u00e3o de Seguro de Cau\u00e7\u00e3o (ou garantia banc\u00e1ria) pela entidade contratada.<\/p><p><strong>Contacte os nossos especialistas para obter cota\u00e7\u00f5es de v\u00e1rias seguradoras e um comparativo completo. <\/strong><\/p><p><a href=\"\/#popmake-17431\"><button class=\"primary-btn primary-btn_success\">Saber mais<\/button><\/a><\/p>\t\t\t\t\t\t<\/div><!-- jltma--advance-tab-content -->\n\t\t\t\t\t\t\t\t\t\t\t<div id=\"jltma-tab-a5433df2\" class=\"jltma--advance-tab-content tab-pane \">\n\t\t\t\t\t\t\t<p><span style=\"font-size: 14pt; color: #bc0008;\"><strong>Perdas de Explora\u00e7\u00e3o<\/strong><\/span><\/p><p>O Seguro de Perdas de Explora\u00e7\u00e3o (tamb\u00e9m conhecido por Seguro de Perda de Lucros ou Seguro de Lucros Cessantes) indemniza o Segurado pelas perdas financeiras sofridas em consequ\u00eancia da paralisa\u00e7\u00e3o ou redu\u00e7\u00e3o da sua actividade, desde que tal paralisa\u00e7\u00e3o ou redu\u00e7\u00e3o seja causada por um sinistro indemniz\u00e1vel ao abrigo de um seguro patrimonial (e.g. inc\u00eandio, inunda\u00e7\u00e3o, avaria de m\u00e1quinas, etc.).<\/p><p>Geralmente, a indemniza\u00e7\u00e3o cobre o valor dos Encargos Permanentes (e.g. rendas, sal\u00e1rios, encargos financeiros, etc.), Encargos Suplementares e Lucro Bruto.<\/p><p><strong>Contacte os nossos especialistas para obter cota\u00e7\u00f5es de v\u00e1rias seguradoras e um comparativo completo. <\/strong><\/p><p><a href=\"\/#popmake-17431\"><button class=\"primary-btn primary-btn_success\">Saber mais<\/button><\/a><\/p>\t\t\t\t\t\t<\/div><!-- jltma--advance-tab-content -->\n\t\t\t\t\t\t\t\t\t<\/div> <!-- tab-content -->\n\n\n\t\t\t\t\n\t\t<\/div>\n\t\t<\/div>\n\t\t\t\t<\/div>\n\t\t\t\t\t<\/div>\n\t\t<\/div>\n\t\t\t\t\t\t\t<\/div>\n\t\t<\/section>\n\t\t\t\t\t\t\t<\/div>\n\t\t","protected":false},"excerpt":{"rendered":"<p>Linhas Financeiras O Que Fazemos\u00a0 \u00a0&gt;\u00a0 \u00a0Seguro\u00a0 &gt;\u00a0 \u00a0Por Ramo\u00a0 &gt;\u00a0 Linhas Financeiras Linhas Financeiras Explore as solu\u00e7\u00f5es que oferecemos para o seu neg\u00f3cio Seguro de Cr\u00e9dito Seguro Cau\u00e7\u00e3o Perdas de Explora\u00e7\u00e3o Seguro de Cr\u00e9dito O Seguro de Cr\u00e9dito protege as empresas contra o risco de n\u00e3o-pagamento (ou pagamento fora dos prazos acordados) por parte dos seus clientes, de vendas efectuadas a cr\u00e9dito. Contacte os nossos especialistas para obter cota\u00e7\u00f5es de v\u00e1rias seguradoras e um comparativo completo. Saber mais Seguro Cau\u00e7\u00e3o O Seguro Cau\u00e7\u00e3o \u00e9 uma alternativa \u00e0 garantia banc\u00e1ria, que garante o cumprimento de determinadas obriga\u00e7\u00f5es contratuais assumidas pelo Tomador do Seguro perante o Benefici\u00e1rio da cau\u00e7\u00e3o (i.e. o Segurado), protegendo assim os interesses deste \u00faltimo. No \u00e2mbito da Contrata\u00e7\u00e3o P\u00fablica, por exemplo, \u00e9 comum a exig\u00eancia por parte da entidade p\u00fablica contratante da apresenta\u00e7\u00e3o de Seguro de Cau\u00e7\u00e3o (ou garantia banc\u00e1ria) pela entidade contratada. Contacte os nossos especialistas para obter cota\u00e7\u00f5es de v\u00e1rias seguradoras e um comparativo completo. Saber mais Perdas de Explora\u00e7\u00e3o O Seguro de Perdas de Explora\u00e7\u00e3o (tamb\u00e9m conhecido por Seguro de Perda de Lucros ou Seguro de Lucros Cessantes) indemniza o Segurado pelas perdas financeiras sofridas em consequ\u00eancia da paralisa\u00e7\u00e3o ou redu\u00e7\u00e3o da sua actividade, desde que tal paralisa\u00e7\u00e3o ou redu\u00e7\u00e3o seja causada por um sinistro indemniz\u00e1vel ao abrigo de um seguro patrimonial (e.g. inc\u00eandio, inunda\u00e7\u00e3o, avaria de m\u00e1quinas, etc.). Geralmente, a indemniza\u00e7\u00e3o cobre o valor dos Encargos Permanentes (e.g. rendas, sal\u00e1rios, encargos financeiros, etc.), Encargos Suplementares e Lucro Bruto. Contacte os nossos especialistas para obter cota\u00e7\u00f5es de v\u00e1rias seguradoras e um comparativo completo. Saber mais<\/p>\n","protected":false},"author":3,"featured_media":0,"parent":0,"menu_order":0,"comment_status":"closed","ping_status":"closed","template":"","meta":{"nf_dc_page":"","om_disable_all_campaigns":false,"loftloader_page_shortcode":"","footnotes":""},"class_list":["post-16582","page","type-page","status-publish","hentry"],"_links":{"self":[{"href":"https:\/\/www.zillian.co.ao\/pt\/wp-json\/wp\/v2\/pages\/16582","targetHints":{"allow":["GET"]}}],"collection":[{"href":"https:\/\/www.zillian.co.ao\/pt\/wp-json\/wp\/v2\/pages"}],"about":[{"href":"https:\/\/www.zillian.co.ao\/pt\/wp-json\/wp\/v2\/types\/page"}],"author":[{"embeddable":true,"href":"https:\/\/www.zillian.co.ao\/pt\/wp-json\/wp\/v2\/users\/3"}],"replies":[{"embeddable":true,"href":"https:\/\/www.zillian.co.ao\/pt\/wp-json\/wp\/v2\/comments?post=16582"}],"version-history":[{"count":0,"href":"https:\/\/www.zillian.co.ao\/pt\/wp-json\/wp\/v2\/pages\/16582\/revisions"}],"wp:attachment":[{"href":"https:\/\/www.zillian.co.ao\/pt\/wp-json\/wp\/v2\/media?parent=16582"}],"curies":[{"name":"wp","href":"https:\/\/api.w.org\/{rel}","templated":true}]}}