{"id":16600,"date":"2022-09-12T14:56:22","date_gmt":"2022-09-12T14:56:22","guid":{"rendered":"https:\/\/www.zillian.co.ao\/\/?page_id=16600"},"modified":"2023-06-29T21:14:21","modified_gmt":"2023-06-29T21:14:21","slug":"vida","status":"publish","type":"page","link":"https:\/\/www.zillian.co.ao\/pt\/vida\/","title":{"rendered":"Vida"},"content":{"rendered":"\t\t<div data-elementor-type=\"wp-page\" data-elementor-id=\"16600\" class=\"elementor elementor-16600\">\n\t\t\t\t\t\t\t\t\t<section class=\"elementor-section elementor-top-section elementor-element elementor-element-9d47e4f elementor-section-stretched elementor-section-boxed elementor-section-height-default elementor-section-height-default jltma-glass-effect-no wpr-particle-no wpr-jarallax-no wpr-parallax-no wpr-sticky-section-no\" data-id=\"9d47e4f\" data-element_type=\"section\" data-settings=\"{&quot;background_background&quot;:&quot;classic&quot;,&quot;stretch_section&quot;:&quot;section-stretched&quot;}\">\n\t\t\t\t\t\t\t<div class=\"elementor-background-overlay\"><\/div>\n\t\t\t\t\t\t\t<div class=\"elementor-container elementor-column-gap-default\">\n\t\t\t\t\t<div class=\"elementor-column elementor-col-100 elementor-top-column elementor-element elementor-element-921753f jltma-glass-effect-no\" data-id=\"921753f\" data-element_type=\"column\" data-settings=\"{&quot;animation&quot;:&quot;none&quot;,&quot;animation_delay&quot;:200}\">\n\t\t\t<div class=\"elementor-widget-wrap elementor-element-populated\">\n\t\t\t\t\t\t\t\t<div class=\"elementor-element elementor-element-fd4d0b3 elementor-widget__width-initial elementor-widget-tablet__width-initial jltma-glass-effect-no elementor-widget elementor-widget-wgl-double-heading\" data-id=\"fd4d0b3\" data-element_type=\"widget\" data-widget_type=\"wgl-double-heading.default\">\n\t\t\t\t<div class=\"elementor-widget-container\">\n\t\t\t<div class=\"wgl-double-heading\"><h5 class=\"dblh__title-wrapper\"><span class=\"dblh__title dblh__title-1\">Vida<\/span><\/h5><\/div>\t\t<\/div>\n\t\t\t\t<\/div>\n\t\t\t\t<div class=\"elementor-element elementor-element-572cbed elementor-widget-tablet__width-initial elementor-widget-mobile__width-inherit elementor-hidden-tablet elementor-hidden-mobile jltma-glass-effect-no elementor-widget elementor-widget-text-editor\" data-id=\"572cbed\" data-element_type=\"widget\" data-widget_type=\"text-editor.default\">\n\t\t\t\t<div class=\"elementor-widget-container\">\n\t\t\t<style>\/*! elementor - v3.14.0 - 26-06-2023 *\/\n.elementor-widget-text-editor.elementor-drop-cap-view-stacked .elementor-drop-cap{background-color:#69727d;color:#fff}.elementor-widget-text-editor.elementor-drop-cap-view-framed .elementor-drop-cap{color:#69727d;border:3px solid;background-color:transparent}.elementor-widget-text-editor:not(.elementor-drop-cap-view-default) .elementor-drop-cap{margin-top:8px}.elementor-widget-text-editor:not(.elementor-drop-cap-view-default) .elementor-drop-cap-letter{width:1em;height:1em}.elementor-widget-text-editor .elementor-drop-cap{float:left;text-align:center;line-height:1;font-size:50px}.elementor-widget-text-editor .elementor-drop-cap-letter{display:inline-block}<\/style>\t\t\t\t<p class=\"p1\"><span style=\"color: #ffffff;\"><a href=\"https:\/\/www.zillian.co.ao\/o_que_fazemos\/\" style=\"color: #ffffff;\">O Que Fazemos<\/a>\u00a0 \u00a0&gt;\u00a0 \u00a0<a href=\"https:\/\/www.zillian.co.ao\/o_que_fazemos\/\" style=\"color: #ffffff;\">Seguro<\/a>\u00a0 &gt;\u00a0 \u00a0<a href=\"https:\/\/www.zillian.co.ao\/o_que_fazemos\/\" style=\"color: #ffffff;\">Por Ramo<\/a>\u00a0 &gt;\u00a0 <a href=\"https:\/\/www.zillian.co.ao\/vida\/\" style=\"color: #ffffff;\">Vida<\/a><\/span><\/p>\t\t\t\t\t\t<\/div>\n\t\t\t\t<\/div>\n\t\t\t\t\t<\/div>\n\t\t<\/div>\n\t\t\t\t\t\t\t<\/div>\n\t\t<\/section>\n\t\t\t\t<section class=\"elementor-section elementor-top-section elementor-element elementor-element-e3e851b elementor-section-content-top elementor-section-stretched elementor-section-boxed elementor-section-height-default elementor-section-height-default jltma-glass-effect-no wpr-particle-no wpr-jarallax-no wpr-parallax-no wpr-sticky-section-no\" data-id=\"e3e851b\" data-element_type=\"section\" data-settings=\"{&quot;stretch_section&quot;:&quot;section-stretched&quot;}\">\n\t\t\t\t\t\t<div class=\"elementor-container elementor-column-gap-default\">\n\t\t\t\t\t<div class=\"elementor-column elementor-col-100 elementor-top-column elementor-element elementor-element-c8d64fd jltma-glass-effect-no\" data-id=\"c8d64fd\" data-element_type=\"column\">\n\t\t\t<div class=\"elementor-widget-wrap elementor-element-populated\">\n\t\t\t\t\t\t\t\t<div class=\"elementor-element elementor-element-2ddeb80 elementor-widget__width-inherit elementor-widget-tablet__width-inherit jltma-glass-effect-no elementor-widget elementor-widget-wgl-double-heading\" data-id=\"2ddeb80\" data-element_type=\"widget\" data-widget_type=\"wgl-double-heading.default\">\n\t\t\t\t<div class=\"elementor-widget-container\">\n\t\t\t<div class=\"wgl-double-heading\"><div class=\"dblh__subtitle\">Vida<\/div><h5 class=\"dblh__title-wrapper\"><span class=\"dblh__title dblh__title-1\">Explore as solu\u00e7\u00f5es que oferecemos para o seu neg\u00f3cio<\/span><\/h5><\/div>\t\t<\/div>\n\t\t\t\t<\/div>\n\t\t\t\t<div class=\"elementor-element elementor-element-cfada25 jltma-glass-effect-no elementor-widget elementor-widget-ma-tabs\" data-id=\"cfada25\" data-element_type=\"widget\" data-widget_type=\"ma-tabs.default\">\n\t\t\t\t<div class=\"elementor-widget-container\">\n\t\t\t\n\n\t\t<div id=\"jltma--advance-tabs-cfada25\" class=\"jltma--advance-tab four \" data-tab-effect=\"click\" data-tabs>\n\n\t\t\t\n\t\t\t\t<ul class=\"jltma--advance-tab-nav\">\n\t\t\t\t\t\t\t\t\t\t\t<li class=\"active\" data-tab data-tab-id=\"jltma-tab-cfada250\">\n\t\t\t\t\t\t\t<i aria-hidden=\"true\" class=\"simple-line-icons icon-arrow-right\"><\/i>\t\t\t\t\t\t\t\t\t\t\t\t\t\t\t<span class=\"jltma--tab-title\">\n\t\t\t\t\t\t\t\tVida Risco\t\t\t\t\t\t\t<\/span>\n\t\t\t\t\t\t<\/li>\n\t\t\t\t\t\t\t\t\t\t\t<li class=\"\" data-tab data-tab-id=\"jltma-tab-cfada251\">\n\t\t\t\t\t\t\t<i aria-hidden=\"true\" class=\"simple-line-icons icon-arrow-right\"><\/i>\t\t\t\t\t\t\t\t\t\t\t\t\t\t\t<span class=\"jltma--tab-title\">\n\t\t\t\t\t\t\t\tVida Capitaliza\u00e7\u00e3o\t\t\t\t\t\t\t<\/span>\n\t\t\t\t\t\t<\/li>\n\t\t\t\t\t\t\t\t\t\t\t<li class=\"\" data-tab data-tab-id=\"jltma-tab-cfada252\">\n\t\t\t\t\t\t\t<i aria-hidden=\"true\" class=\"simple-line-icons icon-arrow-right\"><\/i>\t\t\t\t\t\t\t\t\t\t\t\t\t\t\t<span class=\"jltma--tab-title\">\n\t\t\t\t\t\t\t\tFuneral\t\t\t\t\t\t\t<\/span>\n\t\t\t\t\t\t<\/li>\n\t\t\t\t\t\t\t\t\t\t\t<li class=\"\" data-tab data-tab-id=\"jltma-tab-cfada253\">\n\t\t\t\t\t\t\t<i aria-hidden=\"true\" class=\"simple-line-icons icon-arrow-right\"><\/i>\t\t\t\t\t\t\t\t\t\t\t\t\t\t\t<span class=\"jltma--tab-title\">\n\t\t\t\t\t\t\t\tKey Person\t\t\t\t\t\t\t<\/span>\n\t\t\t\t\t\t<\/li>\n\t\t\t\t\t\t\t\t\t<\/ul>\n\n\t\t\t\t\n\t\t\t\t<div class=\"tab-content\">\n\t\t\t\t\t\t\t\t\t\t\t<div id=\"jltma-tab-cfada250\" class=\"jltma--advance-tab-content tab-pane active\">\n\t\t\t\t\t\t\t<p><span style=\"font-size: 14pt; color: #bc0008;\"><strong>Vida Risco<\/strong><\/span><\/p><p class=\"p1\">O Seguro de Vida Risco garante o pagamento de um determinado capital seguro, em caso de morte ou invalidez da uma pessoa segura.<\/p><p class=\"p1\">Geralmente, as empresas que optam por oferecer este benef\u00edcio aos seus trabalhadores determinam como capital seguro um valor fixo ou um m\u00faltiplo do sal\u00e1rio de cada pessoa segura (e.g. 2 sal\u00e1rios anuais).<\/p><p><strong>Contacte os nossos especialistas para obter cota\u00e7\u00f5es de v\u00e1rias seguradoras e um comparativo completo. <\/strong><\/p><p><a href=\"\/#popmake-17431\"><button class=\"primary-btn primary-btn_success\">Saber mais<\/button><\/a><\/p>\t\t\t\t\t\t<\/div><!-- jltma--advance-tab-content -->\n\t\t\t\t\t\t\t\t\t\t\t<div id=\"jltma-tab-cfada251\" class=\"jltma--advance-tab-content tab-pane \">\n\t\t\t\t\t\t\t<p><span style=\"font-size: 14pt; color: #bc0008;\"><strong>Vida Capitaliza\u00e7\u00e3o<\/strong><\/span><\/p><p class=\"p1\">O Seguro de Vida Capitaliza\u00e7\u00e3o \u00e9 um instrumento de poupan\u00e7a e investimento de longo-prazo que inclui uma componente de Seguro de Vida. Geralmente, este tipo de seguro requer entregas peri\u00f3dicas de capital por parte do Segurado, que s\u00e3o posteriormente aplicadas pela Seguradora em instrumentos financeiros, como fundos de investimento.<\/p><p class=\"p1\">O capital investido e os rendimentos obtidos s\u00e3o pagos \u00e0 pessoa segura ou ao benefici\u00e1rio no final de um per\u00edodo pr\u00e9-determinado, no momento da reforma ou em caso de morte ou invalidez da pessoa segura.<\/p><p><strong>Contacte os nossos especialistas para obter cota\u00e7\u00f5es de v\u00e1rias seguradoras e um comparativo completo. <\/strong><\/p><p><a href=\"\/#popmake-17431\"><button class=\"primary-btn primary-btn_success\">Saber mais<\/button><\/a><\/p>\t\t\t\t\t\t<\/div><!-- jltma--advance-tab-content -->\n\t\t\t\t\t\t\t\t\t\t\t<div id=\"jltma-tab-cfada252\" class=\"jltma--advance-tab-content tab-pane \">\n\t\t\t\t\t\t\t<p><span style=\"font-size: 14pt; color: #bc0008;\"><strong>Funeral<\/strong><\/span><\/p><p class=\"p1\"><span>O Seguro de Funeral cobre as despesas de organiza\u00e7\u00e3o e servi\u00e7o de funeral, bem como outras despesas relacionadas, em caso de morte da pessoa segura. Para aqueles empregadores que oferecem e custeiam o pagamento de despesas de funeral como um benef\u00edcio aos seus trabalhadores, o Seguro de Funeral pode representar uma forma eficaz de transferir esse risco para o mercado segurador.<\/span><\/p><p><strong>Contacte os nossos especialistas para obter cota\u00e7\u00f5es de v\u00e1rias seguradoras e um comparativo completo. <\/strong><\/p><p><a href=\"\/#popmake-17431\"><button class=\"primary-btn primary-btn_success\">Saber mais<\/button><\/a><\/p>\t\t\t\t\t\t<\/div><!-- jltma--advance-tab-content -->\n\t\t\t\t\t\t\t\t\t\t\t<div id=\"jltma-tab-cfada253\" class=\"jltma--advance-tab-content tab-pane \">\n\t\t\t\t\t\t\t<p><span style=\"font-size: 14pt; color: #bc0008;\"><strong>Key Person<\/strong><\/span><\/p><p class=\"p1\"><span>O Seguro Key Person (tamb\u00e9m conhecido por Seguro Key Man) \u00e9 um tipo de seguro de vida geralmente contratado por empresas de pequena dimens\u00e3o que, em caso de morte ou invalidez da pessoa segura, paga um capital seguro pr\u00e9-determinado \u00e0 pr\u00f3pria empresa. Regra geral, a pessoa segura \u00e9 o propriet\u00e1rio da empresa, um gestor de topo ou outro indiv\u00edduo cuja morte ou invalidez represente uma amea\u00e7a significativa \u00e0 sobreviv\u00eancia da empresa.<\/span><\/p><p><strong>Contacte os nossos especialistas para obter cota\u00e7\u00f5es de v\u00e1rias seguradoras e um comparativo completo. <\/strong><\/p><p><a href=\"\/#popmake-17431\"><button class=\"primary-btn primary-btn_success\">Saber mais<\/button><\/a><\/p>\t\t\t\t\t\t<\/div><!-- jltma--advance-tab-content -->\n\t\t\t\t\t\t\t\t\t<\/div> <!-- tab-content -->\n\n\n\t\t\t\t\n\t\t<\/div>\n\t\t<\/div>\n\t\t\t\t<\/div>\n\t\t\t\t\t<\/div>\n\t\t<\/div>\n\t\t\t\t\t\t\t<\/div>\n\t\t<\/section>\n\t\t\t\t\t\t\t<\/div>\n\t\t","protected":false},"excerpt":{"rendered":"<p>Vida O Que Fazemos\u00a0 \u00a0&gt;\u00a0 \u00a0Seguro\u00a0 &gt;\u00a0 \u00a0Por Ramo\u00a0 &gt;\u00a0 Vida Vida Explore as solu\u00e7\u00f5es que oferecemos para o seu neg\u00f3cio Vida Risco Vida Capitaliza\u00e7\u00e3o Funeral Key Person Vida Risco O Seguro de Vida Risco garante o pagamento de um determinado capital seguro, em caso de morte ou invalidez da uma pessoa segura. Geralmente, as empresas que optam por oferecer este benef\u00edcio aos seus trabalhadores determinam como capital seguro um valor fixo ou um m\u00faltiplo do sal\u00e1rio de cada pessoa segura (e.g. 2 sal\u00e1rios anuais). Contacte os nossos especialistas para obter cota\u00e7\u00f5es de v\u00e1rias seguradoras e um comparativo completo. Saber mais Vida Capitaliza\u00e7\u00e3o O Seguro de Vida Capitaliza\u00e7\u00e3o \u00e9 um instrumento de poupan\u00e7a e investimento de longo-prazo que inclui uma componente de Seguro de Vida. Geralmente, este tipo de seguro requer entregas peri\u00f3dicas de capital por parte do Segurado, que s\u00e3o posteriormente aplicadas pela Seguradora em instrumentos financeiros, como fundos de investimento. O capital investido e os rendimentos obtidos s\u00e3o pagos \u00e0 pessoa segura ou ao benefici\u00e1rio no final de um per\u00edodo pr\u00e9-determinado, no momento da reforma ou em caso de morte ou invalidez da pessoa segura. Contacte os nossos especialistas para obter cota\u00e7\u00f5es de v\u00e1rias seguradoras e um comparativo completo. Saber mais Funeral O Seguro de Funeral cobre as despesas de organiza\u00e7\u00e3o e servi\u00e7o de funeral, bem como outras despesas relacionadas, em caso de morte da pessoa segura. Para aqueles empregadores que oferecem e custeiam o pagamento de despesas de funeral como um benef\u00edcio aos seus trabalhadores, o Seguro de Funeral pode representar uma forma eficaz de transferir esse risco para o mercado segurador. Contacte os nossos especialistas para obter cota\u00e7\u00f5es de v\u00e1rias seguradoras e um comparativo completo. Saber mais Key Person O Seguro Key Person (tamb\u00e9m conhecido por Seguro Key Man) \u00e9 um tipo de seguro de vida geralmente contratado por empresas de pequena dimens\u00e3o que, em caso de morte ou invalidez da pessoa segura, paga um capital seguro pr\u00e9-determinado \u00e0 pr\u00f3pria empresa. Regra geral, a pessoa segura \u00e9 o propriet\u00e1rio da empresa, um gestor de topo ou outro indiv\u00edduo cuja morte ou invalidez represente uma amea\u00e7a significativa \u00e0 sobreviv\u00eancia da empresa. Contacte os nossos especialistas para obter cota\u00e7\u00f5es de v\u00e1rias seguradoras e um comparativo completo. Saber mais<\/p>\n","protected":false},"author":3,"featured_media":0,"parent":0,"menu_order":0,"comment_status":"closed","ping_status":"closed","template":"","meta":{"nf_dc_page":"","om_disable_all_campaigns":false,"loftloader_page_shortcode":"","footnotes":""},"class_list":["post-16600","page","type-page","status-publish","hentry"],"_links":{"self":[{"href":"https:\/\/www.zillian.co.ao\/pt\/wp-json\/wp\/v2\/pages\/16600","targetHints":{"allow":["GET"]}}],"collection":[{"href":"https:\/\/www.zillian.co.ao\/pt\/wp-json\/wp\/v2\/pages"}],"about":[{"href":"https:\/\/www.zillian.co.ao\/pt\/wp-json\/wp\/v2\/types\/page"}],"author":[{"embeddable":true,"href":"https:\/\/www.zillian.co.ao\/pt\/wp-json\/wp\/v2\/users\/3"}],"replies":[{"embeddable":true,"href":"https:\/\/www.zillian.co.ao\/pt\/wp-json\/wp\/v2\/comments?post=16600"}],"version-history":[{"count":0,"href":"https:\/\/www.zillian.co.ao\/pt\/wp-json\/wp\/v2\/pages\/16600\/revisions"}],"wp:attachment":[{"href":"https:\/\/www.zillian.co.ao\/pt\/wp-json\/wp\/v2\/media?parent=16600"}],"curies":[{"name":"wp","href":"https:\/\/api.w.org\/{rel}","templated":true}]}}