{"id":16606,"date":"2022-09-12T15:29:50","date_gmt":"2022-09-12T15:29:50","guid":{"rendered":"https:\/\/www.zillian.co.ao\/\/?page_id=16606"},"modified":"2023-06-29T21:20:14","modified_gmt":"2023-06-29T21:20:14","slug":"aviacao","status":"publish","type":"page","link":"https:\/\/www.zillian.co.ao\/pt\/aviacao\/","title":{"rendered":"Avia\u00e7\u00e3o"},"content":{"rendered":"\t\t<div data-elementor-type=\"wp-page\" data-elementor-id=\"16606\" class=\"elementor elementor-16606\">\n\t\t\t\t\t\t\t\t\t<section class=\"elementor-section elementor-top-section elementor-element elementor-element-fc1baaf elementor-section-stretched elementor-section-boxed elementor-section-height-default elementor-section-height-default jltma-glass-effect-no wpr-particle-no wpr-jarallax-no wpr-parallax-no wpr-sticky-section-no\" data-id=\"fc1baaf\" data-element_type=\"section\" data-settings=\"{&quot;background_background&quot;:&quot;classic&quot;,&quot;stretch_section&quot;:&quot;section-stretched&quot;}\">\n\t\t\t\t\t\t\t<div class=\"elementor-background-overlay\"><\/div>\n\t\t\t\t\t\t\t<div class=\"elementor-container elementor-column-gap-default\">\n\t\t\t\t\t<div class=\"elementor-column elementor-col-100 elementor-top-column elementor-element elementor-element-5b595b0 jltma-glass-effect-no\" data-id=\"5b595b0\" data-element_type=\"column\" data-settings=\"{&quot;animation&quot;:&quot;none&quot;,&quot;animation_delay&quot;:200}\">\n\t\t\t<div class=\"elementor-widget-wrap elementor-element-populated\">\n\t\t\t\t\t\t\t\t<div class=\"elementor-element elementor-element-f8cbf25 elementor-widget__width-initial elementor-widget-tablet__width-initial jltma-glass-effect-no elementor-widget elementor-widget-wgl-double-heading\" data-id=\"f8cbf25\" data-element_type=\"widget\" data-widget_type=\"wgl-double-heading.default\">\n\t\t\t\t<div class=\"elementor-widget-container\">\n\t\t\t<div class=\"wgl-double-heading\"><h5 class=\"dblh__title-wrapper\"><span class=\"dblh__title dblh__title-1\">Avia\u00e7\u00e3o<\/span><\/h5><\/div>\t\t<\/div>\n\t\t\t\t<\/div>\n\t\t\t\t<div class=\"elementor-element elementor-element-3af0281 elementor-widget-tablet__width-initial elementor-widget-mobile__width-inherit elementor-hidden-tablet elementor-hidden-mobile jltma-glass-effect-no elementor-widget elementor-widget-text-editor\" data-id=\"3af0281\" data-element_type=\"widget\" data-widget_type=\"text-editor.default\">\n\t\t\t\t<div class=\"elementor-widget-container\">\n\t\t\t<style>\/*! elementor - v3.14.0 - 26-06-2023 *\/\n.elementor-widget-text-editor.elementor-drop-cap-view-stacked .elementor-drop-cap{background-color:#69727d;color:#fff}.elementor-widget-text-editor.elementor-drop-cap-view-framed .elementor-drop-cap{color:#69727d;border:3px solid;background-color:transparent}.elementor-widget-text-editor:not(.elementor-drop-cap-view-default) .elementor-drop-cap{margin-top:8px}.elementor-widget-text-editor:not(.elementor-drop-cap-view-default) .elementor-drop-cap-letter{width:1em;height:1em}.elementor-widget-text-editor .elementor-drop-cap{float:left;text-align:center;line-height:1;font-size:50px}.elementor-widget-text-editor .elementor-drop-cap-letter{display:inline-block}<\/style>\t\t\t\t<p class=\"p1\"><span style=\"color: #ffffff;\"><a href=\"https:\/\/www.zillian.co.ao\/o_que_fazemos\/\" style=\"color: #ffffff;\">O Que Fazemos<\/a>\u00a0 \u00a0&gt;\u00a0 \u00a0<a href=\"https:\/\/www.zillian.co.ao\/o_que_fazemos\/\" style=\"color: #ffffff;\">Seguro<\/a>\u00a0 &gt;\u00a0 \u00a0<a href=\"https:\/\/www.zillian.co.ao\/o_que_fazemos\/\" style=\"color: #ffffff;\">Por Ind\u00fastria<\/a>\u00a0 &gt;\u00a0 \u00a0<a href=\"https:\/\/www.zillian.co.ao\/aviacao\/\" style=\"color: #ffffff;\">Avia\u00e7\u00e3o<\/a><\/span><\/p>\t\t\t\t\t\t<\/div>\n\t\t\t\t<\/div>\n\t\t\t\t\t<\/div>\n\t\t<\/div>\n\t\t\t\t\t\t\t<\/div>\n\t\t<\/section>\n\t\t\t\t<section class=\"elementor-section elementor-top-section elementor-element elementor-element-6fb6595 elementor-section-content-top elementor-section-stretched elementor-section-boxed elementor-section-height-default elementor-section-height-default jltma-glass-effect-no wpr-particle-no wpr-jarallax-no wpr-parallax-no wpr-sticky-section-no\" data-id=\"6fb6595\" data-element_type=\"section\" data-settings=\"{&quot;stretch_section&quot;:&quot;section-stretched&quot;}\">\n\t\t\t\t\t\t<div class=\"elementor-container elementor-column-gap-default\">\n\t\t\t\t\t<div class=\"elementor-column elementor-col-100 elementor-top-column elementor-element elementor-element-10ccb55 jltma-glass-effect-no\" data-id=\"10ccb55\" data-element_type=\"column\">\n\t\t\t<div class=\"elementor-widget-wrap elementor-element-populated\">\n\t\t\t\t\t\t\t\t<div class=\"elementor-element elementor-element-56e2bc5 elementor-widget__width-inherit elementor-widget-tablet__width-inherit jltma-glass-effect-no elementor-widget elementor-widget-wgl-double-heading\" data-id=\"56e2bc5\" data-element_type=\"widget\" data-widget_type=\"wgl-double-heading.default\">\n\t\t\t\t<div class=\"elementor-widget-container\">\n\t\t\t<div class=\"wgl-double-heading\"><div class=\"dblh__subtitle\">Avia\u00e7\u00e3o<\/div><h5 class=\"dblh__title-wrapper\"><span class=\"dblh__title dblh__title-1\">Explore as solu\u00e7\u00f5es que oferecemos para o seu neg\u00f3cio<\/span><\/h5><\/div>\t\t<\/div>\n\t\t\t\t<\/div>\n\t\t\t\t<div class=\"elementor-element elementor-element-a654a1c jltma-glass-effect-no elementor-widget elementor-widget-ma-tabs\" data-id=\"a654a1c\" data-element_type=\"widget\" data-widget_type=\"ma-tabs.default\">\n\t\t\t\t<div class=\"elementor-widget-container\">\n\t\t\t\n\n\t\t<div id=\"jltma--advance-tabs-a654a1c\" class=\"jltma--advance-tab four \" data-tab-effect=\"click\" data-tabs>\n\n\t\t\t\n\t\t\t\t<ul class=\"jltma--advance-tab-nav\">\n\t\t\t\t\t\t\t\t\t\t\t<li class=\"active\" data-tab data-tab-id=\"jltma-tab-a654a1c0\">\n\t\t\t\t\t\t\t<i aria-hidden=\"true\" class=\"simple-line-icons icon-arrow-right\"><\/i>\t\t\t\t\t\t\t\t\t\t\t\t\t\t\t<span class=\"jltma--tab-title\">\n\t\t\t\t\t\t\t\tCasco e Casco Guerra\t\t\t\t\t\t\t<\/span>\n\t\t\t\t\t\t<\/li>\n\t\t\t\t\t\t\t\t\t\t\t<li class=\"\" data-tab data-tab-id=\"jltma-tab-a654a1c1\">\n\t\t\t\t\t\t\t<i aria-hidden=\"true\" class=\"simple-line-icons icon-arrow-right\"><\/i>\t\t\t\t\t\t\t\t\t\t\t\t\t\t\t<span class=\"jltma--tab-title\">\n\t\t\t\t\t\t\t\tResponsabilidade Civil Avia\u00e7\u00e3o\t\t\t\t\t\t\t<\/span>\n\t\t\t\t\t\t<\/li>\n\t\t\t\t\t\t\t\t\t\t\t<li class=\"\" data-tab data-tab-id=\"jltma-tab-a654a1c2\">\n\t\t\t\t\t\t\t<i aria-hidden=\"true\" class=\"simple-line-icons icon-arrow-right\"><\/i>\t\t\t\t\t\t\t\t\t\t\t\t\t\t\t<span class=\"jltma--tab-title\">\n\t\t\t\t\t\t\t\tPerda de Licen\u00e7a de Voo\t\t\t\t\t\t\t<\/span>\n\t\t\t\t\t\t<\/li>\n\t\t\t\t\t\t\t\t\t<\/ul>\n\n\t\t\t\t\n\t\t\t\t<div class=\"tab-content\">\n\t\t\t\t\t\t\t\t\t\t\t<div id=\"jltma-tab-a654a1c0\" class=\"jltma--advance-tab-content tab-pane active\">\n\t\t\t\t\t\t\t<p><span style=\"font-size: 14pt; color: #bc0008;\"><strong>Casco e Casco Guerra<\/strong><\/span><\/p><p class=\"p1\"><span>O Seguro de Casco cobre os danos f\u00edsicos \u00e0 aeronave, quer esta esteja em voo ou em terra, e pode incluir a cobertura de pe\u00e7as sobressalentes.<\/span><\/p><p><span>O Seguro de Casco Guerra cobre os danos \u00e0 aeronave causados na sequ\u00eancia de instabilidades pol\u00edticas, tumultos e guerras.<\/span><\/p><p><strong>Contacte os nossos especialistas para obter cota\u00e7\u00f5es de v\u00e1rias seguradoras e um comparativo completo. <\/strong><\/p><p><a href=\"\/#popmake-17431\"><button class=\"primary-btn primary-btn_success\">Saber mais<\/button><\/a><\/p>\t\t\t\t\t\t<\/div><!-- jltma--advance-tab-content -->\n\t\t\t\t\t\t\t\t\t\t\t<div id=\"jltma-tab-a654a1c1\" class=\"jltma--advance-tab-content tab-pane \">\n\t\t\t\t\t\t\t<p><span style=\"font-size: 14pt; color: #bc0008;\"><strong>Responsabilidade Civil Avia\u00e7\u00e3o<\/strong><\/span><\/p><p class=\"p1\"><span>O Seguro de Responsabilidade Civil Avia\u00e7\u00e3o \u00e9 obrigat\u00f3rio e cobre o propriet\u00e1rio ou operador da aeronave contra indemniza\u00e7\u00f5es por danos causados a pessoas ou bens de terceiros, incluindo danos em passageiros ou sua propriedade durante o embarque, voo e desembarque, e danos materiais a estruturas aeroportu\u00e1rias, outras aeronaves, edif\u00edcios, colheitas, outros bens no solo, etc.<\/span><\/p><p><strong>Contacte os nossos especialistas para obter cota\u00e7\u00f5es de v\u00e1rias seguradoras e um comparativo completo. <\/strong><\/p><p><a href=\"\/#popmake-17431\"><button class=\"primary-btn primary-btn_success\">Saber mais<\/button><\/a><\/p>\t\t\t\t\t\t<\/div><!-- jltma--advance-tab-content -->\n\t\t\t\t\t\t\t\t\t\t\t<div id=\"jltma-tab-a654a1c2\" class=\"jltma--advance-tab-content tab-pane \">\n\t\t\t\t\t\t\t<p><span style=\"font-size: 14pt; color: #bc0008;\"><strong>Perda de Licen\u00e7a de Voo<\/strong><\/span><\/p><p class=\"p1\"><span>O Seguro de Perda de Licen\u00e7a de Voo cobre pilotos e tripula\u00e7\u00e3o em caso de um acidente ou doen\u00e7a ditar a perda da sua licen\u00e7a de voo, pagando normalmente \u00e0 pessoa segura uma quantia pr\u00e9-acordada.<\/span><\/p><p><strong>Contacte os nossos especialistas para obter cota\u00e7\u00f5es de v\u00e1rias seguradoras e um comparativo completo. <\/strong><\/p><p><a href=\"\/#popmake-17431\"><button class=\"primary-btn primary-btn_success\">Saber mais<\/button><\/a><\/p>\t\t\t\t\t\t<\/div><!-- jltma--advance-tab-content -->\n\t\t\t\t\t\t\t\t\t<\/div> <!-- tab-content -->\n\n\n\t\t\t\t\n\t\t<\/div>\n\t\t<\/div>\n\t\t\t\t<\/div>\n\t\t\t\t\t<\/div>\n\t\t<\/div>\n\t\t\t\t\t\t\t<\/div>\n\t\t<\/section>\n\t\t\t\t\t\t\t<\/div>\n\t\t","protected":false},"excerpt":{"rendered":"<p>Avia\u00e7\u00e3o O Que Fazemos\u00a0 \u00a0&gt;\u00a0 \u00a0Seguro\u00a0 &gt;\u00a0 \u00a0Por Ind\u00fastria\u00a0 &gt;\u00a0 \u00a0Avia\u00e7\u00e3o Avia\u00e7\u00e3o Explore as solu\u00e7\u00f5es que oferecemos para o seu neg\u00f3cio Casco e Casco Guerra Responsabilidade Civil Avia\u00e7\u00e3o Perda de Licen\u00e7a de Voo Casco e Casco Guerra O Seguro de Casco cobre os danos f\u00edsicos \u00e0 aeronave, quer esta esteja em voo ou em terra, e pode incluir a cobertura de pe\u00e7as sobressalentes. O Seguro de Casco Guerra cobre os danos \u00e0 aeronave causados na sequ\u00eancia de instabilidades pol\u00edticas, tumultos e guerras. Contacte os nossos especialistas para obter cota\u00e7\u00f5es de v\u00e1rias seguradoras e um comparativo completo. Saber mais Responsabilidade Civil Avia\u00e7\u00e3o O Seguro de Responsabilidade Civil Avia\u00e7\u00e3o \u00e9 obrigat\u00f3rio e cobre o propriet\u00e1rio ou operador da aeronave contra indemniza\u00e7\u00f5es por danos causados a pessoas ou bens de terceiros, incluindo danos em passageiros ou sua propriedade durante o embarque, voo e desembarque, e danos materiais a estruturas aeroportu\u00e1rias, outras aeronaves, edif\u00edcios, colheitas, outros bens no solo, etc. Contacte os nossos especialistas para obter cota\u00e7\u00f5es de v\u00e1rias seguradoras e um comparativo completo. Saber mais Perda de Licen\u00e7a de Voo O Seguro de Perda de Licen\u00e7a de Voo cobre pilotos e tripula\u00e7\u00e3o em caso de um acidente ou doen\u00e7a ditar a perda da sua licen\u00e7a de voo, pagando normalmente \u00e0 pessoa segura uma quantia pr\u00e9-acordada. Contacte os nossos especialistas para obter cota\u00e7\u00f5es de v\u00e1rias seguradoras e um comparativo completo. Saber mais<\/p>\n","protected":false},"author":3,"featured_media":0,"parent":0,"menu_order":0,"comment_status":"closed","ping_status":"closed","template":"","meta":{"nf_dc_page":"","om_disable_all_campaigns":false,"loftloader_page_shortcode":"","footnotes":""},"class_list":["post-16606","page","type-page","status-publish","hentry"],"_links":{"self":[{"href":"https:\/\/www.zillian.co.ao\/pt\/wp-json\/wp\/v2\/pages\/16606","targetHints":{"allow":["GET"]}}],"collection":[{"href":"https:\/\/www.zillian.co.ao\/pt\/wp-json\/wp\/v2\/pages"}],"about":[{"href":"https:\/\/www.zillian.co.ao\/pt\/wp-json\/wp\/v2\/types\/page"}],"author":[{"embeddable":true,"href":"https:\/\/www.zillian.co.ao\/pt\/wp-json\/wp\/v2\/users\/3"}],"replies":[{"embeddable":true,"href":"https:\/\/www.zillian.co.ao\/pt\/wp-json\/wp\/v2\/comments?post=16606"}],"version-history":[{"count":0,"href":"https:\/\/www.zillian.co.ao\/pt\/wp-json\/wp\/v2\/pages\/16606\/revisions"}],"wp:attachment":[{"href":"https:\/\/www.zillian.co.ao\/pt\/wp-json\/wp\/v2\/media?parent=16606"}],"curies":[{"name":"wp","href":"https:\/\/api.w.org\/{rel}","templated":true}]}}