{"id":16634,"date":"2022-09-12T16:11:27","date_gmt":"2022-09-12T16:11:27","guid":{"rendered":"https:\/\/www.zillian.co.ao\/\/?page_id=16634"},"modified":"2023-06-29T21:18:26","modified_gmt":"2023-06-29T21:18:26","slug":"construcao","status":"publish","type":"page","link":"https:\/\/www.zillian.co.ao\/pt\/construcao\/","title":{"rendered":"Constru\u00e7\u00e3o"},"content":{"rendered":"\t\t<div data-elementor-type=\"wp-page\" data-elementor-id=\"16634\" class=\"elementor elementor-16634\">\n\t\t\t\t\t\t\t\t\t<section class=\"elementor-section elementor-top-section elementor-element elementor-element-337e592 elementor-section-stretched elementor-section-boxed elementor-section-height-default elementor-section-height-default jltma-glass-effect-no wpr-particle-no wpr-jarallax-no wpr-parallax-no wpr-sticky-section-no\" data-id=\"337e592\" data-element_type=\"section\" data-settings=\"{&quot;background_background&quot;:&quot;classic&quot;,&quot;stretch_section&quot;:&quot;section-stretched&quot;}\">\n\t\t\t\t\t\t\t<div class=\"elementor-background-overlay\"><\/div>\n\t\t\t\t\t\t\t<div class=\"elementor-container elementor-column-gap-default\">\n\t\t\t\t\t<div class=\"elementor-column elementor-col-100 elementor-top-column elementor-element elementor-element-03b0ecf jltma-glass-effect-no\" data-id=\"03b0ecf\" data-element_type=\"column\" data-settings=\"{&quot;animation&quot;:&quot;none&quot;,&quot;animation_delay&quot;:200}\">\n\t\t\t<div class=\"elementor-widget-wrap elementor-element-populated\">\n\t\t\t\t\t\t\t\t<div class=\"elementor-element elementor-element-b49f180 elementor-widget__width-initial elementor-widget-tablet__width-initial jltma-glass-effect-no elementor-widget elementor-widget-wgl-double-heading\" data-id=\"b49f180\" data-element_type=\"widget\" data-widget_type=\"wgl-double-heading.default\">\n\t\t\t\t<div class=\"elementor-widget-container\">\n\t\t\t<div class=\"wgl-double-heading\"><h5 class=\"dblh__title-wrapper\"><span class=\"dblh__title dblh__title-1\">Constru\u00e7\u00e3o<\/span><\/h5><\/div>\t\t<\/div>\n\t\t\t\t<\/div>\n\t\t\t\t<div class=\"elementor-element elementor-element-6e5e261 elementor-widget-tablet__width-initial elementor-widget-mobile__width-inherit elementor-hidden-tablet elementor-hidden-mobile jltma-glass-effect-no elementor-widget elementor-widget-text-editor\" data-id=\"6e5e261\" data-element_type=\"widget\" data-widget_type=\"text-editor.default\">\n\t\t\t\t<div class=\"elementor-widget-container\">\n\t\t\t<style>\/*! elementor - v3.14.0 - 26-06-2023 *\/\n.elementor-widget-text-editor.elementor-drop-cap-view-stacked .elementor-drop-cap{background-color:#69727d;color:#fff}.elementor-widget-text-editor.elementor-drop-cap-view-framed .elementor-drop-cap{color:#69727d;border:3px solid;background-color:transparent}.elementor-widget-text-editor:not(.elementor-drop-cap-view-default) .elementor-drop-cap{margin-top:8px}.elementor-widget-text-editor:not(.elementor-drop-cap-view-default) .elementor-drop-cap-letter{width:1em;height:1em}.elementor-widget-text-editor .elementor-drop-cap{float:left;text-align:center;line-height:1;font-size:50px}.elementor-widget-text-editor .elementor-drop-cap-letter{display:inline-block}<\/style>\t\t\t\t<p class=\"p1\"><span style=\"color: #ffffff;\"><a href=\"https:\/\/www.zillian.co.ao\/o_que_fazemos\/\" style=\"color: #ffffff;\">O Que Fazemos<\/a>\u00a0 \u00a0&gt;\u00a0 \u00a0<a href=\"https:\/\/www.zillian.co.ao\/o_que_fazemos\/\" style=\"color: #ffffff;\">Seguro<\/a>\u00a0 &gt;\u00a0 \u00a0<a href=\"https:\/\/www.zillian.co.ao\/o_que_fazemos\/\" style=\"color: #ffffff;\">Por Ind\u00fastria<\/a>\u00a0 &gt;\u00a0 \u00a0<a href=\"https:\/\/www.zillian.co.ao\/construcao\/\" style=\"color: #ffffff;\">Constru\u00e7\u00e3o<\/a><\/span><\/p>\t\t\t\t\t\t<\/div>\n\t\t\t\t<\/div>\n\t\t\t\t\t<\/div>\n\t\t<\/div>\n\t\t\t\t\t\t\t<\/div>\n\t\t<\/section>\n\t\t\t\t<section class=\"elementor-section elementor-top-section elementor-element elementor-element-f489fac elementor-section-content-top elementor-section-stretched elementor-section-boxed elementor-section-height-default elementor-section-height-default jltma-glass-effect-no wpr-particle-no wpr-jarallax-no wpr-parallax-no wpr-sticky-section-no\" data-id=\"f489fac\" data-element_type=\"section\" data-settings=\"{&quot;stretch_section&quot;:&quot;section-stretched&quot;}\">\n\t\t\t\t\t\t<div class=\"elementor-container elementor-column-gap-default\">\n\t\t\t\t\t<div class=\"elementor-column elementor-col-100 elementor-top-column elementor-element elementor-element-1c732b9 jltma-glass-effect-no\" data-id=\"1c732b9\" data-element_type=\"column\">\n\t\t\t<div class=\"elementor-widget-wrap elementor-element-populated\">\n\t\t\t\t\t\t\t\t<div class=\"elementor-element elementor-element-64f6991 elementor-widget__width-inherit elementor-widget-tablet__width-inherit jltma-glass-effect-no elementor-widget elementor-widget-wgl-double-heading\" data-id=\"64f6991\" data-element_type=\"widget\" data-widget_type=\"wgl-double-heading.default\">\n\t\t\t\t<div class=\"elementor-widget-container\">\n\t\t\t<div class=\"wgl-double-heading\"><div class=\"dblh__subtitle\">Constru\u00e7\u00e3o<\/div><h5 class=\"dblh__title-wrapper\"><span class=\"dblh__title dblh__title-1\">Explore as solu\u00e7\u00f5es que oferecemos para o seu neg\u00f3cio<\/span><\/h5><\/div>\t\t<\/div>\n\t\t\t\t<\/div>\n\t\t\t\t<div class=\"elementor-element elementor-element-06f74af jltma-glass-effect-no elementor-widget elementor-widget-ma-tabs\" data-id=\"06f74af\" data-element_type=\"widget\" data-widget_type=\"ma-tabs.default\">\n\t\t\t\t<div class=\"elementor-widget-container\">\n\t\t\t\n\n\t\t<div id=\"jltma--advance-tabs-06f74af\" class=\"jltma--advance-tab four \" data-tab-effect=\"click\" data-tabs>\n\n\t\t\t\n\t\t\t\t<ul class=\"jltma--advance-tab-nav\">\n\t\t\t\t\t\t\t\t\t\t\t<li class=\"active\" data-tab data-tab-id=\"jltma-tab-06f74af0\">\n\t\t\t\t\t\t\t<i aria-hidden=\"true\" class=\"simple-line-icons icon-arrow-right\"><\/i>\t\t\t\t\t\t\t\t\t\t\t\t\t\t\t<span class=\"jltma--tab-title\">\n\t\t\t\t\t\t\t\tObras e Montagens\t\t\t\t\t\t\t<\/span>\n\t\t\t\t\t\t<\/li>\n\t\t\t\t\t\t\t\t\t\t\t<li class=\"\" data-tab data-tab-id=\"jltma-tab-06f74af1\">\n\t\t\t\t\t\t\t<i aria-hidden=\"true\" class=\"simple-line-icons icon-arrow-right\"><\/i>\t\t\t\t\t\t\t\t\t\t\t\t\t\t\t<span class=\"jltma--tab-title\">\n\t\t\t\t\t\t\t\tCau\u00e7\u00e3o\t\t\t\t\t\t\t<\/span>\n\t\t\t\t\t\t<\/li>\n\t\t\t\t\t\t\t\t\t\t\t<li class=\"\" data-tab data-tab-id=\"jltma-tab-06f74af2\">\n\t\t\t\t\t\t\t<i aria-hidden=\"true\" class=\"simple-line-icons icon-arrow-right\"><\/i>\t\t\t\t\t\t\t\t\t\t\t\t\t\t\t<span class=\"jltma--tab-title\">\n\t\t\t\t\t\t\t\tDecenal\t\t\t\t\t\t\t<\/span>\n\t\t\t\t\t\t<\/li>\n\t\t\t\t\t\t\t\t\t<\/ul>\n\n\t\t\t\t\n\t\t\t\t<div class=\"tab-content\">\n\t\t\t\t\t\t\t\t\t\t\t<div id=\"jltma-tab-06f74af0\" class=\"jltma--advance-tab-content tab-pane active\">\n\t\t\t\t\t\t\t<p><span style=\"font-size: 14pt; color: #bc0008;\"><strong>Obras e Montagens<\/strong><\/span><\/p><p class=\"p1\"><span>O Seguro de Obras e Montagens (Constru\u00e7\u00f5es\/Montagens) tem como objectivo cobrir os danos materiais que possam ocorrer durante o per\u00edodo de execu\u00e7\u00e3o de uma obra (Sec\u00e7\u00e3o I: Danos Materiais), os danos causados a terceiros (Sec\u00e7\u00e3o II \u2013 Responsabilidade Civil), e os danos a m\u00e1quinas e equipamentos utilizados no \u00e2mbito do projecto (Sec\u00e7\u00e3o III: Meios Auxiliares de Constru\u00e7\u00e3o\/Montagem).<\/span><\/p><p><strong>Contacte os nossos especialistas para obter cota\u00e7\u00f5es de v\u00e1rias seguradoras e um comparativo completo. <\/strong><\/p><p><a href=\"\/#popmake-17431\"><button class=\"primary-btn primary-btn_success\">Saber mais<\/button><\/a><\/p>\t\t\t\t\t\t<\/div><!-- jltma--advance-tab-content -->\n\t\t\t\t\t\t\t\t\t\t\t<div id=\"jltma-tab-06f74af1\" class=\"jltma--advance-tab-content tab-pane \">\n\t\t\t\t\t\t\t<p><span style=\"font-size: 14pt; color: #bc0008;\"><strong>Cau\u00e7\u00e3o<\/strong><\/span><\/p><p class=\"p1\"><span>O Seguro Cau\u00e7\u00e3o \u00e9 uma alternativa \u00e0 garantia banc\u00e1ria, que garante o cumprimento de determinadas obriga\u00e7\u00f5es contratuais assumidas pelo Tomador do Seguro perante o Benefici\u00e1rio da cau\u00e7\u00e3o (i.e. o Segurado), protegendo assim os interesses deste \u00faltimo. <br \/>No \u00e2mbito da Contrata\u00e7\u00e3o P\u00fablica, por exemplo, \u00e9 comum a exig\u00eancia por parte da entidade p\u00fablica contratante da apresenta\u00e7\u00e3o de Seguro de Cau\u00e7\u00e3o (ou garantia banc\u00e1ria) pela entidade contratada.<br \/><\/span><\/p><p><strong>Contacte os nossos especialistas para obter cota\u00e7\u00f5es de v\u00e1rias seguradoras e um comparativo completo. <\/strong><\/p><p><a href=\"\/#popmake-17431\"><button class=\"primary-btn primary-btn_success\">Saber mais<\/button><\/a><\/p>\t\t\t\t\t\t<\/div><!-- jltma--advance-tab-content -->\n\t\t\t\t\t\t\t\t\t\t\t<div id=\"jltma-tab-06f74af2\" class=\"jltma--advance-tab-content tab-pane \">\n\t\t\t\t\t\t\t<p><span style=\"font-size: 14pt; color: #bc0008;\"><strong>Decenal<\/strong><\/span><\/p><p class=\"p1\"><span>O Seguro Decenal tem como objectivo garantir, por um per\u00edodo de 10 (dez) anos a contar da data acordada (normalmente, a data de entrega de uma obra), os danos materiais causados no edif\u00edcio ou estrutura segura, por v\u00edcios ou defeitos que tenham origem durante o per\u00edodo de constru\u00e7\u00e3o, e que afectem as funda\u00e7\u00f5es, os pilares, as vigas, as lajes, as paredes, ou outros elementos estruturais, e que comprometam a resist\u00eancia mec\u00e2nica ou a estabilidade do edif\u00edcio ou estrutura.<\/span><\/p><p><strong>Contacte os nossos especialistas para obter cota\u00e7\u00f5es de v\u00e1rias seguradoras e um comparativo completo. <\/strong><\/p><p><a href=\"\/#popmake-17431\"><button class=\"primary-btn primary-btn_success\">Saber mais<\/button><\/a><\/p>\t\t\t\t\t\t<\/div><!-- jltma--advance-tab-content -->\n\t\t\t\t\t\t\t\t\t<\/div> <!-- tab-content -->\n\n\n\t\t\t\t\n\t\t<\/div>\n\t\t<\/div>\n\t\t\t\t<\/div>\n\t\t\t\t\t<\/div>\n\t\t<\/div>\n\t\t\t\t\t\t\t<\/div>\n\t\t<\/section>\n\t\t\t\t\t\t\t<\/div>\n\t\t","protected":false},"excerpt":{"rendered":"<p>Constru\u00e7\u00e3o O Que Fazemos\u00a0 \u00a0&gt;\u00a0 \u00a0Seguro\u00a0 &gt;\u00a0 \u00a0Por Ind\u00fastria\u00a0 &gt;\u00a0 \u00a0Constru\u00e7\u00e3o Constru\u00e7\u00e3o Explore as solu\u00e7\u00f5es que oferecemos para o seu neg\u00f3cio Obras e Montagens Cau\u00e7\u00e3o Decenal Obras e Montagens O Seguro de Obras e Montagens (Constru\u00e7\u00f5es\/Montagens) tem como objectivo cobrir os danos materiais que possam ocorrer durante o per\u00edodo de execu\u00e7\u00e3o de uma obra (Sec\u00e7\u00e3o I: Danos Materiais), os danos causados a terceiros (Sec\u00e7\u00e3o II \u2013 Responsabilidade Civil), e os danos a m\u00e1quinas e equipamentos utilizados no \u00e2mbito do projecto (Sec\u00e7\u00e3o III: Meios Auxiliares de Constru\u00e7\u00e3o\/Montagem). Contacte os nossos especialistas para obter cota\u00e7\u00f5es de v\u00e1rias seguradoras e um comparativo completo. Saber mais Cau\u00e7\u00e3o O Seguro Cau\u00e7\u00e3o \u00e9 uma alternativa \u00e0 garantia banc\u00e1ria, que garante o cumprimento de determinadas obriga\u00e7\u00f5es contratuais assumidas pelo Tomador do Seguro perante o Benefici\u00e1rio da cau\u00e7\u00e3o (i.e. o Segurado), protegendo assim os interesses deste \u00faltimo. No \u00e2mbito da Contrata\u00e7\u00e3o P\u00fablica, por exemplo, \u00e9 comum a exig\u00eancia por parte da entidade p\u00fablica contratante da apresenta\u00e7\u00e3o de Seguro de Cau\u00e7\u00e3o (ou garantia banc\u00e1ria) pela entidade contratada. Contacte os nossos especialistas para obter cota\u00e7\u00f5es de v\u00e1rias seguradoras e um comparativo completo. Saber mais Decenal O Seguro Decenal tem como objectivo garantir, por um per\u00edodo de 10 (dez) anos a contar da data acordada (normalmente, a data de entrega de uma obra), os danos materiais causados no edif\u00edcio ou estrutura segura, por v\u00edcios ou defeitos que tenham origem durante o per\u00edodo de constru\u00e7\u00e3o, e que afectem as funda\u00e7\u00f5es, os pilares, as vigas, as lajes, as paredes, ou outros elementos estruturais, e que comprometam a resist\u00eancia mec\u00e2nica ou a estabilidade do edif\u00edcio ou estrutura. Contacte os nossos especialistas para obter cota\u00e7\u00f5es de v\u00e1rias seguradoras e um comparativo completo. Saber mais<\/p>\n","protected":false},"author":3,"featured_media":0,"parent":0,"menu_order":0,"comment_status":"closed","ping_status":"closed","template":"","meta":{"nf_dc_page":"","om_disable_all_campaigns":false,"loftloader_page_shortcode":"","footnotes":""},"class_list":["post-16634","page","type-page","status-publish","hentry"],"_links":{"self":[{"href":"https:\/\/www.zillian.co.ao\/pt\/wp-json\/wp\/v2\/pages\/16634","targetHints":{"allow":["GET"]}}],"collection":[{"href":"https:\/\/www.zillian.co.ao\/pt\/wp-json\/wp\/v2\/pages"}],"about":[{"href":"https:\/\/www.zillian.co.ao\/pt\/wp-json\/wp\/v2\/types\/page"}],"author":[{"embeddable":true,"href":"https:\/\/www.zillian.co.ao\/pt\/wp-json\/wp\/v2\/users\/3"}],"replies":[{"embeddable":true,"href":"https:\/\/www.zillian.co.ao\/pt\/wp-json\/wp\/v2\/comments?post=16634"}],"version-history":[{"count":0,"href":"https:\/\/www.zillian.co.ao\/pt\/wp-json\/wp\/v2\/pages\/16634\/revisions"}],"wp:attachment":[{"href":"https:\/\/www.zillian.co.ao\/pt\/wp-json\/wp\/v2\/media?parent=16634"}],"curies":[{"name":"wp","href":"https:\/\/api.w.org\/{rel}","templated":true}]}}