{"id":16662,"date":"2022-09-12T16:27:51","date_gmt":"2022-09-12T16:27:51","guid":{"rendered":"https:\/\/www.zillian.co.ao\/\/?page_id=16662"},"modified":"2023-06-29T21:15:20","modified_gmt":"2023-06-29T21:15:20","slug":"transportes_logistica","status":"publish","type":"page","link":"https:\/\/www.zillian.co.ao\/pt\/transportes_logistica\/","title":{"rendered":"Transportes e Log\u00edstica"},"content":{"rendered":"\t\t<div data-elementor-type=\"wp-page\" data-elementor-id=\"16662\" class=\"elementor elementor-16662\">\n\t\t\t\t\t\t\t\t\t<section class=\"elementor-section elementor-top-section elementor-element elementor-element-96ddf0a elementor-section-stretched elementor-section-boxed elementor-section-height-default elementor-section-height-default jltma-glass-effect-no wpr-particle-no wpr-jarallax-no wpr-parallax-no wpr-sticky-section-no\" data-id=\"96ddf0a\" data-element_type=\"section\" data-settings=\"{&quot;background_background&quot;:&quot;classic&quot;,&quot;stretch_section&quot;:&quot;section-stretched&quot;}\">\n\t\t\t\t\t\t\t<div class=\"elementor-background-overlay\"><\/div>\n\t\t\t\t\t\t\t<div class=\"elementor-container elementor-column-gap-default\">\n\t\t\t\t\t<div class=\"elementor-column elementor-col-100 elementor-top-column elementor-element elementor-element-debba0f jltma-glass-effect-no elementor-invisible\" data-id=\"debba0f\" data-element_type=\"column\" data-settings=\"{&quot;animation&quot;:&quot;fadeIn&quot;,&quot;animation_delay&quot;:200}\">\n\t\t\t<div class=\"elementor-widget-wrap elementor-element-populated\">\n\t\t\t\t\t\t\t\t<div class=\"elementor-element elementor-element-3249271 elementor-widget__width-initial elementor-widget-tablet__width-initial jltma-glass-effect-no elementor-widget elementor-widget-wgl-double-heading\" data-id=\"3249271\" data-element_type=\"widget\" data-widget_type=\"wgl-double-heading.default\">\n\t\t\t\t<div class=\"elementor-widget-container\">\n\t\t\t<div class=\"wgl-double-heading\"><h5 class=\"dblh__title-wrapper\"><span class=\"dblh__title dblh__title-1\">Transportes e Log\u00edstica<\/span><\/h5><\/div>\t\t<\/div>\n\t\t\t\t<\/div>\n\t\t\t\t<div class=\"elementor-element elementor-element-a45d138 elementor-widget-tablet__width-initial elementor-widget-mobile__width-inherit elementor-hidden-tablet elementor-hidden-mobile jltma-glass-effect-no elementor-widget elementor-widget-text-editor\" data-id=\"a45d138\" data-element_type=\"widget\" data-widget_type=\"text-editor.default\">\n\t\t\t\t<div class=\"elementor-widget-container\">\n\t\t\t<style>\/*! elementor - v3.14.0 - 26-06-2023 *\/\n.elementor-widget-text-editor.elementor-drop-cap-view-stacked .elementor-drop-cap{background-color:#69727d;color:#fff}.elementor-widget-text-editor.elementor-drop-cap-view-framed .elementor-drop-cap{color:#69727d;border:3px solid;background-color:transparent}.elementor-widget-text-editor:not(.elementor-drop-cap-view-default) .elementor-drop-cap{margin-top:8px}.elementor-widget-text-editor:not(.elementor-drop-cap-view-default) .elementor-drop-cap-letter{width:1em;height:1em}.elementor-widget-text-editor .elementor-drop-cap{float:left;text-align:center;line-height:1;font-size:50px}.elementor-widget-text-editor .elementor-drop-cap-letter{display:inline-block}<\/style>\t\t\t\t<p class=\"p1\"><span style=\"color: #ffffff;\"><a href=\"https:\/\/www.zillian.co.ao\/o_que_fazemos\/\" style=\"color: #ffffff;\">O Que Fazemos<\/a>\u00a0 \u00a0&gt;\u00a0 \u00a0<a href=\"https:\/\/www.zillian.co.ao\/o_que_fazemos\/\" style=\"color: #ffffff;\">Seguro<\/a>\u00a0 &gt;\u00a0 \u00a0<a href=\"https:\/\/www.zillian.co.ao\/o_que_fazemos\/\" style=\"color: #ffffff;\">Por Ind\u00fastria<\/a>\u00a0 &gt;\u00a0 \u00a0<a href=\"https:\/\/www.zillian.co.ao\/transportes_logistica\/\" style=\"color: #ffffff;\">Transportes e Log\u00edstica<\/a><\/span><\/p>\t\t\t\t\t\t<\/div>\n\t\t\t\t<\/div>\n\t\t\t\t\t<\/div>\n\t\t<\/div>\n\t\t\t\t\t\t\t<\/div>\n\t\t<\/section>\n\t\t\t\t<section class=\"elementor-section elementor-top-section elementor-element elementor-element-5856c43 elementor-section-content-top elementor-section-stretched elementor-section-boxed elementor-section-height-default elementor-section-height-default jltma-glass-effect-no wpr-particle-no wpr-jarallax-no wpr-parallax-no wpr-sticky-section-no\" data-id=\"5856c43\" data-element_type=\"section\" data-settings=\"{&quot;stretch_section&quot;:&quot;section-stretched&quot;}\">\n\t\t\t\t\t\t<div class=\"elementor-container elementor-column-gap-default\">\n\t\t\t\t\t<div class=\"elementor-column elementor-col-100 elementor-top-column elementor-element elementor-element-107ea04 jltma-glass-effect-no\" data-id=\"107ea04\" data-element_type=\"column\">\n\t\t\t<div class=\"elementor-widget-wrap elementor-element-populated\">\n\t\t\t\t\t\t\t\t<div class=\"elementor-element elementor-element-e3caa15 elementor-widget__width-inherit elementor-widget-tablet__width-inherit jltma-glass-effect-no elementor-widget elementor-widget-wgl-double-heading\" data-id=\"e3caa15\" data-element_type=\"widget\" data-widget_type=\"wgl-double-heading.default\">\n\t\t\t\t<div class=\"elementor-widget-container\">\n\t\t\t<div class=\"wgl-double-heading\"><div class=\"dblh__subtitle\">Transportes e Log\u00edstica<\/div><h5 class=\"dblh__title-wrapper\"><span class=\"dblh__title dblh__title-1\">Explore as solu\u00e7\u00f5es que oferecemos para o seu neg\u00f3cio<\/span><\/h5><\/div>\t\t<\/div>\n\t\t\t\t<\/div>\n\t\t\t\t<div class=\"elementor-element elementor-element-1c89f9d jltma-glass-effect-no elementor-widget elementor-widget-ma-tabs\" data-id=\"1c89f9d\" data-element_type=\"widget\" data-widget_type=\"ma-tabs.default\">\n\t\t\t\t<div class=\"elementor-widget-container\">\n\t\t\t\n\n\t\t<div id=\"jltma--advance-tabs-1c89f9d\" class=\"jltma--advance-tab four \" data-tab-effect=\"click\" data-tabs>\n\n\t\t\t\n\t\t\t\t<ul class=\"jltma--advance-tab-nav\">\n\t\t\t\t\t\t\t\t\t\t\t<li class=\"active\" data-tab data-tab-id=\"jltma-tab-1c89f9d0\">\n\t\t\t\t\t\t\t<i aria-hidden=\"true\" class=\"simple-line-icons icon-arrow-right\"><\/i>\t\t\t\t\t\t\t\t\t\t\t\t\t\t\t<span class=\"jltma--tab-title\">\n\t\t\t\t\t\t\t\tTransporte de Mercadorias\t\t\t\t\t\t\t<\/span>\n\t\t\t\t\t\t<\/li>\n\t\t\t\t\t\t\t\t\t\t\t<li class=\"\" data-tab data-tab-id=\"jltma-tab-1c89f9d1\">\n\t\t\t\t\t\t\t<i aria-hidden=\"true\" class=\"simple-line-icons icon-arrow-right\"><\/i>\t\t\t\t\t\t\t\t\t\t\t\t\t\t\t<span class=\"jltma--tab-title\">\n\t\t\t\t\t\t\t\tTransporte de Valores\t\t\t\t\t\t\t<\/span>\n\t\t\t\t\t\t<\/li>\n\t\t\t\t\t\t\t\t\t\t\t<li class=\"\" data-tab data-tab-id=\"jltma-tab-1c89f9d2\">\n\t\t\t\t\t\t\t<i aria-hidden=\"true\" class=\"simple-line-icons icon-arrow-right\"><\/i>\t\t\t\t\t\t\t\t\t\t\t\t\t\t\t<span class=\"jltma--tab-title\">\n\t\t\t\t\t\t\t\tStock Flutuante\t\t\t\t\t\t\t<\/span>\n\t\t\t\t\t\t<\/li>\n\t\t\t\t\t\t\t\t\t<\/ul>\n\n\t\t\t\t\n\t\t\t\t<div class=\"tab-content\">\n\t\t\t\t\t\t\t\t\t\t\t<div id=\"jltma-tab-1c89f9d0\" class=\"jltma--advance-tab-content tab-pane active\">\n\t\t\t\t\t\t\t<p><span style=\"font-size: 14pt; color: #bc0008;\"><strong>Transporte de Mercadorias<\/strong><\/span><\/p><p class=\"p1\"><span>O Seguro de Mercadorias Transportadas tem como objectivo cobrir os riscos decorrentes do transporte de mercadorias, quer o mesmo se fa\u00e7a por via mar\u00edtima, a\u00e9rea ou terrestre. Este seguro garante ao Segurado o ressarcimento das perdas ou danos patrimoniais sofridos pelos bens seguros durante o seu transporte. Adicionalmente poder\u00e3o ser garantidos os riscos de carga e descarga, bem como furto ou roubo.<\/span><\/p><p><strong>Contacte os nossos especialistas para obter cota\u00e7\u00f5es de v\u00e1rias seguradoras e um comparativo completo. <\/strong><\/p><p><a href=\"\/#popmake-17431\"><button class=\"primary-btn primary-btn_success\">Saber mais<\/button><\/a><\/p>\t\t\t\t\t\t<\/div><!-- jltma--advance-tab-content -->\n\t\t\t\t\t\t\t\t\t\t\t<div id=\"jltma-tab-1c89f9d1\" class=\"jltma--advance-tab-content tab-pane \">\n\t\t\t\t\t\t\t<p><span style=\"font-size: 14pt; color: #bc0008;\"><strong>Transporte de Valores<\/strong><\/span><\/p><p class=\"p1\">O Seguro de Transporte de Valores tem como objectivo cobrir as perdas ou danos de valores estim\u00e1veis em dinheiro (dinheiro em numer\u00e1rio, nacional ou estrangeiro, cheques, valores selados, vales postais, ac\u00e7\u00f5es e obriga\u00e7\u00f5es), quando transportados de um local para outro.<\/p><p><strong>Contacte os nossos especialistas para obter cota\u00e7\u00f5es de v\u00e1rias seguradoras e um comparativo completo. <\/strong><\/p><p><a href=\"\/#popmake-17431\"><button class=\"primary-btn primary-btn_success\">Saber mais<\/button><\/a><\/p>\t\t\t\t\t\t<\/div><!-- jltma--advance-tab-content -->\n\t\t\t\t\t\t\t\t\t\t\t<div id=\"jltma-tab-1c89f9d2\" class=\"jltma--advance-tab-content tab-pane \">\n\t\t\t\t\t\t\t<p><span style=\"font-size: 14pt; color: #bc0008;\"><strong>Stock Flutuante<\/strong><\/span><\/p><p class=\"p1\">O Seguro de Stock Flutuante tem como objectivo cobrir os riscos de todos os transportes efectuados pela empresa em que o valor das mercadorias transportadas sejam vari\u00e1veis; havendo para o efeito a necessidade de registo em manifesto de transporte ou notas de transporte para controle e gest\u00e3o da seguradora.<\/p><p><strong>Contacte os nossos especialistas para obter cota\u00e7\u00f5es de v\u00e1rias seguradoras e um comparativo completo. <\/strong><\/p><p><a href=\"\/#popmake-17431\"><button class=\"primary-btn primary-btn_success\">Saber mais<\/button><\/a><\/p>\t\t\t\t\t\t<\/div><!-- jltma--advance-tab-content -->\n\t\t\t\t\t\t\t\t\t<\/div> <!-- tab-content -->\n\n\n\t\t\t\t\n\t\t<\/div>\n\t\t<\/div>\n\t\t\t\t<\/div>\n\t\t\t\t\t<\/div>\n\t\t<\/div>\n\t\t\t\t\t\t\t<\/div>\n\t\t<\/section>\n\t\t\t\t\t\t\t<\/div>\n\t\t","protected":false},"excerpt":{"rendered":"<p>Transportes e Log\u00edstica O Que Fazemos\u00a0 \u00a0&gt;\u00a0 \u00a0Seguro\u00a0 &gt;\u00a0 \u00a0Por Ind\u00fastria\u00a0 &gt;\u00a0 \u00a0Transportes e Log\u00edstica Transportes e Log\u00edstica Explore as solu\u00e7\u00f5es que oferecemos para o seu neg\u00f3cio Transporte de Mercadorias Transporte de Valores Stock Flutuante Transporte de Mercadorias O Seguro de Mercadorias Transportadas tem como objectivo cobrir os riscos decorrentes do transporte de mercadorias, quer o mesmo se fa\u00e7a por via mar\u00edtima, a\u00e9rea ou terrestre. Este seguro garante ao Segurado o ressarcimento das perdas ou danos patrimoniais sofridos pelos bens seguros durante o seu transporte. Adicionalmente poder\u00e3o ser garantidos os riscos de carga e descarga, bem como furto ou roubo. Contacte os nossos especialistas para obter cota\u00e7\u00f5es de v\u00e1rias seguradoras e um comparativo completo. Saber mais Transporte de Valores O Seguro de Transporte de Valores tem como objectivo cobrir as perdas ou danos de valores estim\u00e1veis em dinheiro (dinheiro em numer\u00e1rio, nacional ou estrangeiro, cheques, valores selados, vales postais, ac\u00e7\u00f5es e obriga\u00e7\u00f5es), quando transportados de um local para outro. Contacte os nossos especialistas para obter cota\u00e7\u00f5es de v\u00e1rias seguradoras e um comparativo completo. Saber mais Stock Flutuante O Seguro de Stock Flutuante tem como objectivo cobrir os riscos de todos os transportes efectuados pela empresa em que o valor das mercadorias transportadas sejam vari\u00e1veis; havendo para o efeito a necessidade de registo em manifesto de transporte ou notas de transporte para controle e gest\u00e3o da seguradora. Contacte os nossos especialistas para obter cota\u00e7\u00f5es de v\u00e1rias seguradoras e um comparativo completo. Saber mais<\/p>\n","protected":false},"author":3,"featured_media":0,"parent":0,"menu_order":0,"comment_status":"closed","ping_status":"closed","template":"","meta":{"nf_dc_page":"","om_disable_all_campaigns":false,"loftloader_page_shortcode":"","footnotes":""},"class_list":["post-16662","page","type-page","status-publish","hentry"],"_links":{"self":[{"href":"https:\/\/www.zillian.co.ao\/pt\/wp-json\/wp\/v2\/pages\/16662","targetHints":{"allow":["GET"]}}],"collection":[{"href":"https:\/\/www.zillian.co.ao\/pt\/wp-json\/wp\/v2\/pages"}],"about":[{"href":"https:\/\/www.zillian.co.ao\/pt\/wp-json\/wp\/v2\/types\/page"}],"author":[{"embeddable":true,"href":"https:\/\/www.zillian.co.ao\/pt\/wp-json\/wp\/v2\/users\/3"}],"replies":[{"embeddable":true,"href":"https:\/\/www.zillian.co.ao\/pt\/wp-json\/wp\/v2\/comments?post=16662"}],"version-history":[{"count":0,"href":"https:\/\/www.zillian.co.ao\/pt\/wp-json\/wp\/v2\/pages\/16662\/revisions"}],"wp:attachment":[{"href":"https:\/\/www.zillian.co.ao\/pt\/wp-json\/wp\/v2\/media?parent=16662"}],"curies":[{"name":"wp","href":"https:\/\/api.w.org\/{rel}","templated":true}]}}