{"id":20475,"date":"2023-04-28T15:05:01","date_gmt":"2023-04-28T15:05:01","guid":{"rendered":"https:\/\/www.zillian.co.ao\/\/?page_id=20475"},"modified":"2023-06-29T22:47:27","modified_gmt":"2023-06-29T22:47:27","slug":"portal-self-service","status":"publish","type":"page","link":"https:\/\/www.zillian.co.ao\/pt\/portal-self-service\/","title":{"rendered":"Portal Self-Service"},"content":{"rendered":"\t\t<div data-elementor-type=\"wp-page\" data-elementor-id=\"20475\" class=\"elementor elementor-20475\">\n\t\t\t\t\t\t\t\t\t<section class=\"elementor-section elementor-top-section elementor-element elementor-element-f7ce239 elementor-section-stretched elementor-section-boxed elementor-section-height-default elementor-section-height-default jltma-glass-effect-no wpr-particle-no wpr-jarallax-no wpr-parallax-no wpr-sticky-section-no\" data-id=\"f7ce239\" data-element_type=\"section\" data-settings=\"{&quot;background_background&quot;:&quot;classic&quot;,&quot;stretch_section&quot;:&quot;section-stretched&quot;}\">\n\t\t\t\t\t\t\t<div class=\"elementor-background-overlay\"><\/div>\n\t\t\t\t\t\t\t<div class=\"elementor-container elementor-column-gap-default\">\n\t\t\t\t\t<div class=\"elementor-column elementor-col-100 elementor-top-column elementor-element elementor-element-c66a143 jltma-glass-effect-no\" data-id=\"c66a143\" data-element_type=\"column\" data-settings=\"{&quot;animation&quot;:&quot;none&quot;,&quot;animation_delay&quot;:200}\">\n\t\t\t<div class=\"elementor-widget-wrap elementor-element-populated\">\n\t\t\t\t\t\t\t\t<div class=\"elementor-element elementor-element-63fa912 elementor-widget__width-inherit elementor-widget-tablet__width-initial jltma-glass-effect-no elementor-widget elementor-widget-wgl-double-heading\" data-id=\"63fa912\" data-element_type=\"widget\" data-widget_type=\"wgl-double-heading.default\">\n\t\t\t\t<div class=\"elementor-widget-container\">\n\t\t\t<div class=\"wgl-double-heading\"><h5 class=\"dblh__title-wrapper\"><span class=\"dblh__title dblh__title-1\">Como Fazemos<\/span><\/h5><\/div>\t\t<\/div>\n\t\t\t\t<\/div>\n\t\t\t\t\t<\/div>\n\t\t<\/div>\n\t\t\t\t\t\t\t<\/div>\n\t\t<\/section>\n\t\t\t\t<section class=\"elementor-section elementor-top-section elementor-element elementor-element-a6ba229 elementor-section-content-middle elementor-section-stretched elementor-reverse-mobile elementor-section-boxed elementor-section-height-default elementor-section-height-default jltma-glass-effect-no wpr-particle-no wpr-jarallax-no wpr-parallax-no wpr-sticky-section-no\" data-id=\"a6ba229\" data-element_type=\"section\" data-settings=\"{&quot;stretch_section&quot;:&quot;section-stretched&quot;}\">\n\t\t\t\t\t\t<div class=\"elementor-container elementor-column-gap-default\">\n\t\t\t\t\t<div class=\"elementor-column elementor-col-50 elementor-top-column elementor-element elementor-element-7ebf0ac jltma-glass-effect-no\" data-id=\"7ebf0ac\" data-element_type=\"column\" data-settings=\"{&quot;background_background&quot;:&quot;classic&quot;}\">\n\t\t\t<div class=\"elementor-widget-wrap elementor-element-populated\">\n\t\t\t\t\t\t\t\t<div class=\"elementor-element elementor-element-935ffec jltma-glass-effect-no elementor-widget elementor-widget-image\" data-id=\"935ffec\" data-element_type=\"widget\" data-widget_type=\"image.default\">\n\t\t\t\t<div class=\"elementor-widget-container\">\n\t\t\t<style>\/*! elementor - v3.14.0 - 26-06-2023 *\/\n.elementor-widget-image{text-align:center}.elementor-widget-image a{display:inline-block}.elementor-widget-image a img[src$=\".svg\"]{width:48px}.elementor-widget-image img{vertical-align:middle;display:inline-block}<\/style>\t\t\t\t\t\t\t\t\t\t\t\t<img decoding=\"async\" loading=\"lazy\" width=\"800\" height=\"1105\" src=\"https:\/\/www.zillian.co.ao\/wp-content\/uploads\/2022\/10\/new_screen.jpg\" class=\"attachment-full size-full wp-image-17446\" alt=\"\" srcset=\"https:\/\/www.zillian.co.ao\/wp-content\/uploads\/2022\/10\/new_screen.jpg 800w, https:\/\/www.zillian.co.ao\/wp-content\/uploads\/2022\/10\/new_screen-217x300.jpg 217w, https:\/\/www.zillian.co.ao\/wp-content\/uploads\/2022\/10\/new_screen-741x1024.jpg 741w, https:\/\/www.zillian.co.ao\/wp-content\/uploads\/2022\/10\/new_screen-768x1061.jpg 768w\" sizes=\"auto, (max-width: 800px) 100vw, 800px\" \/>\t\t\t\t\t\t\t\t\t\t\t\t\t\t\t<\/div>\n\t\t\t\t<\/div>\n\t\t\t\t\t<\/div>\n\t\t<\/div>\n\t\t\t\t<div class=\"elementor-column elementor-col-50 elementor-top-column elementor-element elementor-element-53e3ac3 jltma-glass-effect-no\" data-id=\"53e3ac3\" data-element_type=\"column\" data-settings=\"{&quot;background_background&quot;:&quot;classic&quot;}\">\n\t\t\t<div class=\"elementor-widget-wrap elementor-element-populated\">\n\t\t\t\t\t\t\t\t<div class=\"elementor-element elementor-element-bac14e9 elementor-widget__width-inherit elementor-widget-tablet__width-inherit jltma-glass-effect-no elementor-widget elementor-widget-wgl-double-heading\" data-id=\"bac14e9\" data-element_type=\"widget\" data-widget_type=\"wgl-double-heading.default\">\n\t\t\t\t<div class=\"elementor-widget-container\">\n\t\t\t<div class=\"wgl-double-heading\"><div class=\"dblh__subtitle\">Como Fazemos<\/div><h5 class=\"dblh__title-wrapper\"><span class=\"dblh__title dblh__title-1\">Portal Self-Service<\/span><\/h5><\/div>\t\t<\/div>\n\t\t\t\t<\/div>\n\t\t\t\t<div class=\"elementor-element elementor-element-fa7d9c2 elementor-widget-tablet__width-initial elementor-widget-mobile__width-inherit jltma-glass-effect-no elementor-widget elementor-widget-text-editor\" data-id=\"fa7d9c2\" data-element_type=\"widget\" data-widget_type=\"text-editor.default\">\n\t\t\t\t<div class=\"elementor-widget-container\">\n\t\t\t<style>\/*! elementor - v3.14.0 - 26-06-2023 *\/\n.elementor-widget-text-editor.elementor-drop-cap-view-stacked .elementor-drop-cap{background-color:#69727d;color:#fff}.elementor-widget-text-editor.elementor-drop-cap-view-framed .elementor-drop-cap{color:#69727d;border:3px solid;background-color:transparent}.elementor-widget-text-editor:not(.elementor-drop-cap-view-default) .elementor-drop-cap{margin-top:8px}.elementor-widget-text-editor:not(.elementor-drop-cap-view-default) .elementor-drop-cap-letter{width:1em;height:1em}.elementor-widget-text-editor .elementor-drop-cap{float:left;text-align:center;line-height:1;font-size:50px}.elementor-widget-text-editor .elementor-drop-cap-letter{display:inline-block}<\/style>\t\t\t\t<p class=\"p1\">Por vezes, o <strong>acesso imediato a um documento ou informa\u00e7\u00e3o<\/strong> pode ser cr\u00edtico. A falta de um certificado de seguro, por exemplo, pode significar a perda de um contrato importante ou a aplica\u00e7\u00e3o de uma multa por uma autoridade competente.<br \/>Por esse motivo, colocamos \u00e0 disposi\u00e7\u00e3o dos nossos clientes o <strong>Portal Self-Service<\/strong>. Esta ferramenta permite \u00e0s equipas dos nossos clientes, atrav\u00e9s de um <strong>browser<\/strong> ou de uma <strong>app m\u00f3vel<\/strong>, aceder de forma independente e 24\/7 a diversas informa\u00e7\u00f5es e documenta\u00e7\u00e3o.<\/p><ul><li><span style=\"text-decoration: underline;\">Documenta\u00e7\u00e3o de Ap\u00f3lices<\/span>: certificados, condi\u00e7\u00f5es particulares, recibos, etc.<\/li><li><span style=\"text-decoration: underline;\">Informa\u00e7\u00e3o de ap\u00f3lices<\/span>: listagens de ap\u00f3lices em vigor, coberturas, pr\u00e9mios, franquias, objectos seguros, etc.<\/li><li><span style=\"text-decoration: underline;\">Pagamentos<\/span>: listagens de pr\u00e9mios em d\u00edvida,\u00a0submiss\u00e3o de comprovativos de pagamento, etc.<\/li><li><span style=\"text-decoration: underline;\">Sinistros<\/span>: consulta de processos e estados, Recibos de indemniza\u00e7\u00e3o, etc.<\/li><\/ul>\t\t\t\t\t\t<\/div>\n\t\t\t\t<\/div>\n\t\t\t\t<section class=\"elementor-section elementor-inner-section elementor-element elementor-element-79b9dcd elementor-section-full_width elementor-section-height-default elementor-section-height-default jltma-glass-effect-no wpr-particle-no wpr-jarallax-no wpr-parallax-no wpr-sticky-section-no\" data-id=\"79b9dcd\" data-element_type=\"section\">\n\t\t\t\t\t\t<div class=\"elementor-container elementor-column-gap-default\">\n\t\t\t\t\t<div class=\"elementor-column elementor-col-50 elementor-inner-column elementor-element elementor-element-9b8a063 jltma-glass-effect-no\" data-id=\"9b8a063\" data-element_type=\"column\">\n\t\t\t<div class=\"elementor-widget-wrap elementor-element-populated\">\n\t\t\t\t\t\t\t\t<div class=\"elementor-element elementor-element-8a93fed a-tabletcenter a-mobileleft jltma-glass-effect-no elementor-widget elementor-widget-wgl-button\" data-id=\"8a93fed\" data-element_type=\"widget\" data-widget_type=\"wgl-button.default\">\n\t\t\t\t<div class=\"elementor-widget-container\">\n\t\t\t<a  class=\"wgl-button btn-size-sm\" role=\"button\" href=\"\/#popmake-17431\"><div class=\"button__content \"><span class=\"button__text\">SAIBA MAIS<\/span><\/div><\/a>\t\t<\/div>\n\t\t\t\t<\/div>\n\t\t\t\t\t<\/div>\n\t\t<\/div>\n\t\t\t\t<div class=\"elementor-column elementor-col-50 elementor-inner-column elementor-element elementor-element-3746144 jltma-glass-effect-no\" data-id=\"3746144\" data-element_type=\"column\">\n\t\t\t<div class=\"elementor-widget-wrap elementor-element-populated\">\n\t\t\t\t\t\t\t\t<div class=\"elementor-element elementor-element-1e87d94 a-tabletcenter a-mobileleft elementor-widget-icon-box wgl-icon-box jltma-glass-effect-no elementor-widget elementor-widget-wgl-button\" data-id=\"1e87d94\" data-element_type=\"widget\" data-widget_type=\"wgl-button.default\">\n\t\t\t\t<div class=\"elementor-widget-container\">\n\t\t\t<a  class=\"wgl-button btn-size-sm\" role=\"button\" href=\"https:\/\/portal.zillian.co.ao\/\" target=\"_blank\"><div class=\"button__content align-icon-left\"><div class=\"media-wrapper icon-wrapper\"><span class=\"wgl-icon\" ><i class=\"icon elementor-icon far fa-user\" aria-hidden=\"true\"><\/i><\/span><\/div><span class=\"button__text\">Portal Self-Service<\/span><\/div><\/a>\t\t<\/div>\n\t\t\t\t<\/div>\n\t\t\t\t\t<\/div>\n\t\t<\/div>\n\t\t\t\t\t\t\t<\/div>\n\t\t<\/section>\n\t\t\t\t\t<\/div>\n\t\t<\/div>\n\t\t\t\t\t\t\t<\/div>\n\t\t<\/section>\n\t\t\t\t<section class=\"elementor-section elementor-top-section elementor-element elementor-element-3803724 elementor-reverse-tablet elementor-reverse-mobile elementor-section-stretched elementor-section-boxed elementor-section-height-default elementor-section-height-default jltma-glass-effect-no wpr-particle-no wpr-jarallax-no wpr-parallax-no wpr-sticky-section-no\" data-id=\"3803724\" data-element_type=\"section\" data-settings=\"{&quot;background_background&quot;:&quot;classic&quot;,&quot;stretch_section&quot;:&quot;section-stretched&quot;}\">\n\t\t\t\t\t\t\t<div class=\"elementor-background-overlay\"><\/div>\n\t\t\t\t\t\t\t<div class=\"elementor-container elementor-column-gap-default\">\n\t\t\t\t\t<div class=\"elementor-column elementor-col-100 elementor-top-column elementor-element elementor-element-b9d8b53 jltma-glass-effect-no\" data-id=\"b9d8b53\" data-element_type=\"column\">\n\t\t\t<div class=\"elementor-widget-wrap elementor-element-populated\">\n\t\t\t\t\t\t\t\t<div class=\"elementor-element elementor-element-0865dd1 elementor-widget__width-inherit elementor-widget-tablet__width-initial jltma-glass-effect-no elementor-widget elementor-widget-wgl-double-heading\" data-id=\"0865dd1\" data-element_type=\"widget\" data-widget_type=\"wgl-double-heading.default\">\n\t\t\t\t<div class=\"elementor-widget-container\">\n\t\t\t<div class=\"wgl-double-heading\"><div class=\"dblh__subtitle\">Como Fazemos<\/div><h5 class=\"dblh__title-wrapper\"><span class=\"dblh__title dblh__title-1\">Aplica\u00e7\u00e3o Zillian<\/span><\/h5><\/div>\t\t<\/div>\n\t\t\t\t<\/div>\n\t\t\t\t<div class=\"elementor-element elementor-element-6493c5a elementor-widget__width-inherit jltma-glass-effect-no elementor-widget elementor-widget-text-editor\" data-id=\"6493c5a\" data-element_type=\"widget\" data-widget_type=\"text-editor.default\">\n\t\t\t\t<div class=\"elementor-widget-container\">\n\t\t\t\t\t\t\t<p class=\"p1\">Se j\u00e1 \u00e9 nosso cliente, fa\u00e7a o download da nossa App<\/p>\t\t\t\t\t\t<\/div>\n\t\t\t\t<\/div>\n\t\t\t\t<section class=\"elementor-section elementor-inner-section elementor-element elementor-element-6599efc elementor-section-boxed elementor-section-height-default elementor-section-height-default jltma-glass-effect-no wpr-particle-no wpr-jarallax-no wpr-parallax-no wpr-sticky-section-no\" data-id=\"6599efc\" data-element_type=\"section\">\n\t\t\t\t\t\t<div class=\"elementor-container elementor-column-gap-default\">\n\t\t\t\t\t<div class=\"elementor-column elementor-col-100 elementor-inner-column elementor-element elementor-element-b50ff7b jltma-glass-effect-no\" data-id=\"b50ff7b\" data-element_type=\"column\">\n\t\t\t<div class=\"elementor-widget-wrap elementor-element-populated\">\n\t\t\t\t\t\t\t\t<div class=\"elementor-element elementor-element-30907ec jltma-glass-effect-no elementor-widget elementor-widget-image\" data-id=\"30907ec\" data-element_type=\"widget\" data-widget_type=\"image.default\">\n\t\t\t\t<div class=\"elementor-widget-container\">\n\t\t\t\t\t\t\t\t\t\t\t\t\t\t\t\t<a href=\"https:\/\/play.google.com\/store\/apps\/details?id=gisapp.myzillian&#038;pli=1\" target=\"_blank\">\n\t\t\t\t\t\t\t<img decoding=\"async\" loading=\"lazy\" width=\"2540\" height=\"736\" src=\"https:\/\/www.zillian.co.ao\/wp-content\/uploads\/2023\/05\/Google_Play_Store_badge_EN.svg.png\" class=\"attachment-full size-full wp-image-20840\" alt=\"\" srcset=\"https:\/\/www.zillian.co.ao\/wp-content\/uploads\/2023\/05\/Google_Play_Store_badge_EN.svg.png 2540w, https:\/\/www.zillian.co.ao\/wp-content\/uploads\/2023\/05\/Google_Play_Store_badge_EN.svg-300x87.png 300w, https:\/\/www.zillian.co.ao\/wp-content\/uploads\/2023\/05\/Google_Play_Store_badge_EN.svg-1024x297.png 1024w, https:\/\/www.zillian.co.ao\/wp-content\/uploads\/2023\/05\/Google_Play_Store_badge_EN.svg-768x223.png 768w, https:\/\/www.zillian.co.ao\/wp-content\/uploads\/2023\/05\/Google_Play_Store_badge_EN.svg-1536x445.png 1536w, https:\/\/www.zillian.co.ao\/wp-content\/uploads\/2023\/05\/Google_Play_Store_badge_EN.svg-2048x593.png 2048w, https:\/\/www.zillian.co.ao\/wp-content\/uploads\/2023\/05\/Google_Play_Store_badge_EN.svg-18x5.png 18w\" sizes=\"auto, (max-width: 2540px) 100vw, 2540px\" \/>\t\t\t\t\t\t\t\t<\/a>\n\t\t\t\t\t\t\t\t\t\t\t\t\t\t\t<\/div>\n\t\t\t\t<\/div>\n\t\t\t\t<div class=\"elementor-element elementor-element-5f5a42e jltma-glass-effect-no elementor-widget elementor-widget-image\" data-id=\"5f5a42e\" data-element_type=\"widget\" data-widget_type=\"image.default\">\n\t\t\t\t<div class=\"elementor-widget-container\">\n\t\t\t\t\t\t\t\t\t\t\t\t\t\t\t\t<a href=\"https:\/\/apps.apple.com\/pt\/app\/myzillian\/id6448471059?l=pt\" target=\"_blank\">\n\t\t\t\t\t\t\t<img decoding=\"async\" loading=\"lazy\" width=\"1024\" height=\"354\" src=\"https:\/\/www.zillian.co.ao\/wp-content\/uploads\/2021\/07\/itunes-app-store-logo-1024x354-1.webp\" class=\"attachment-full size-full wp-image-20829\" alt=\"\" srcset=\"https:\/\/www.zillian.co.ao\/wp-content\/uploads\/2021\/07\/itunes-app-store-logo-1024x354-1.webp 1024w, https:\/\/www.zillian.co.ao\/wp-content\/uploads\/2021\/07\/itunes-app-store-logo-1024x354-1-300x104.webp 300w, https:\/\/www.zillian.co.ao\/wp-content\/uploads\/2021\/07\/itunes-app-store-logo-1024x354-1-768x266.webp 768w, https:\/\/www.zillian.co.ao\/wp-content\/uploads\/2021\/07\/itunes-app-store-logo-1024x354-1-18x6.webp 18w\" sizes=\"auto, (max-width: 1024px) 100vw, 1024px\" \/>\t\t\t\t\t\t\t\t<\/a>\n\t\t\t\t\t\t\t\t\t\t\t\t\t\t\t<\/div>\n\t\t\t\t<\/div>\n\t\t\t\t\t<\/div>\n\t\t<\/div>\n\t\t\t\t\t\t\t<\/div>\n\t\t<\/section>\n\t\t\t\t\t<\/div>\n\t\t<\/div>\n\t\t\t\t\t\t\t<\/div>\n\t\t<\/section>\n\t\t\t\t\t\t\t<\/div>\n\t\t","protected":false},"excerpt":{"rendered":"<p>Como Fazemos Como Fazemos Portal Self-Service Por vezes, o acesso imediato a um documento ou informa\u00e7\u00e3o pode ser cr\u00edtico. A falta de um certificado de seguro, por exemplo, pode significar a perda de um contrato importante ou a aplica\u00e7\u00e3o de uma multa por uma autoridade competente.Por esse motivo, colocamos \u00e0 disposi\u00e7\u00e3o dos nossos clientes o Portal Self-Service. Esta ferramenta permite \u00e0s equipas dos nossos clientes, atrav\u00e9s de um browser ou de uma app m\u00f3vel, aceder de forma independente e 24\/7 a diversas informa\u00e7\u00f5es e documenta\u00e7\u00e3o. Documenta\u00e7\u00e3o de Ap\u00f3lices: certificados, condi\u00e7\u00f5es particulares, recibos, etc. Informa\u00e7\u00e3o de ap\u00f3lices: listagens de ap\u00f3lices em vigor, coberturas, pr\u00e9mios, franquias, objectos seguros, etc. Pagamentos: listagens de pr\u00e9mios em d\u00edvida,\u00a0submiss\u00e3o de comprovativos de pagamento, etc. Sinistros: consulta de processos e estados, Recibos de indemniza\u00e7\u00e3o, etc. SAIBA MAIS Portal Self-Service Como Fazemos Aplica\u00e7\u00e3o Zillian Se j\u00e1 \u00e9 nosso cliente, fa\u00e7a o download da nossa App<\/p>\n","protected":false},"author":3,"featured_media":0,"parent":0,"menu_order":0,"comment_status":"closed","ping_status":"closed","template":"","meta":{"nf_dc_page":"","om_disable_all_campaigns":false,"loftloader_page_shortcode":"","footnotes":""},"class_list":["post-20475","page","type-page","status-publish","hentry"],"_links":{"self":[{"href":"https:\/\/www.zillian.co.ao\/pt\/wp-json\/wp\/v2\/pages\/20475","targetHints":{"allow":["GET"]}}],"collection":[{"href":"https:\/\/www.zillian.co.ao\/pt\/wp-json\/wp\/v2\/pages"}],"about":[{"href":"https:\/\/www.zillian.co.ao\/pt\/wp-json\/wp\/v2\/types\/page"}],"author":[{"embeddable":true,"href":"https:\/\/www.zillian.co.ao\/pt\/wp-json\/wp\/v2\/users\/3"}],"replies":[{"embeddable":true,"href":"https:\/\/www.zillian.co.ao\/pt\/wp-json\/wp\/v2\/comments?post=20475"}],"version-history":[{"count":0,"href":"https:\/\/www.zillian.co.ao\/pt\/wp-json\/wp\/v2\/pages\/20475\/revisions"}],"wp:attachment":[{"href":"https:\/\/www.zillian.co.ao\/pt\/wp-json\/wp\/v2\/media?parent=20475"}],"curies":[{"name":"wp","href":"https:\/\/api.w.org\/{rel}","templated":true}]}}