{"id":20488,"date":"2023-04-28T15:13:16","date_gmt":"2023-04-28T15:13:16","guid":{"rendered":"https:\/\/www.zillian.co.ao\/\/?page_id=20488"},"modified":"2023-04-28T15:16:31","modified_gmt":"2023-04-28T15:16:31","slug":"a-nossa-historia","status":"publish","type":"page","link":"https:\/\/www.zillian.co.ao\/pt\/a-nossa-historia\/","title":{"rendered":"A Nossa Hist\u00f3ria"},"content":{"rendered":"\t\t<div data-elementor-type=\"wp-page\" data-elementor-id=\"20488\" class=\"elementor elementor-20488\">\n\t\t\t\t\t\t\t\t\t<section class=\"elementor-section elementor-top-section elementor-element elementor-element-9ad39a8 elementor-section-stretched elementor-section-boxed elementor-section-height-default elementor-section-height-default jltma-glass-effect-no wpr-particle-no wpr-jarallax-no wpr-parallax-no wpr-sticky-section-no\" data-id=\"9ad39a8\" data-element_type=\"section\" data-settings=\"{&quot;background_background&quot;:&quot;classic&quot;,&quot;stretch_section&quot;:&quot;section-stretched&quot;}\">\n\t\t\t\t\t\t\t<div class=\"elementor-background-overlay\"><\/div>\n\t\t\t\t\t\t\t<div class=\"elementor-container elementor-column-gap-default\">\n\t\t\t\t\t<div class=\"elementor-column elementor-col-100 elementor-top-column elementor-element elementor-element-5291402 jltma-glass-effect-no\" data-id=\"5291402\" data-element_type=\"column\" data-settings=\"{&quot;animation&quot;:&quot;none&quot;,&quot;animation_delay&quot;:200}\">\n\t\t\t<div class=\"elementor-widget-wrap elementor-element-populated\">\n\t\t\t\t\t\t\t\t<div class=\"elementor-element elementor-element-3a129ba elementor-widget__width-inherit elementor-widget-tablet__width-initial jltma-glass-effect-no elementor-widget elementor-widget-wgl-double-heading\" data-id=\"3a129ba\" data-element_type=\"widget\" data-widget_type=\"wgl-double-heading.default\">\n\t\t\t\t<div class=\"elementor-widget-container\">\n\t\t\t<div class=\"wgl-double-heading\"><h5 class=\"dblh__title-wrapper\"><span class=\"dblh__title dblh__title-1\">Quem Somos<\/span><\/h5><\/div>\t\t<\/div>\n\t\t\t\t<\/div>\n\t\t\t\t\t<\/div>\n\t\t<\/div>\n\t\t\t\t\t\t\t<\/div>\n\t\t<\/section>\n\t\t\t\t<section class=\"elementor-section elementor-top-section elementor-element elementor-element-7a64ee5 elementor-section-stretched elementor-section-boxed elementor-section-height-default elementor-section-height-default jltma-glass-effect-no wpr-particle-no wpr-jarallax-no wpr-parallax-no wpr-sticky-section-no\" data-id=\"7a64ee5\" data-element_type=\"section\" data-settings=\"{&quot;stretch_section&quot;:&quot;section-stretched&quot;}\">\n\t\t\t\t\t\t<div class=\"elementor-container elementor-column-gap-default\">\n\t\t\t\t\t<div class=\"elementor-column elementor-col-50 elementor-top-column elementor-element elementor-element-4a895e7 jltma-glass-effect-no\" data-id=\"4a895e7\" data-element_type=\"column\" data-settings=\"{&quot;animation&quot;:&quot;none&quot;,&quot;background_background&quot;:&quot;classic&quot;}\">\n\t\t\t<div class=\"elementor-widget-wrap elementor-element-populated\">\n\t\t\t\t\t\t\t\t<div class=\"elementor-element elementor-element-7c4fce9 elementor-widget__width-inherit elementor-widget-tablet__width-inherit jltma-glass-effect-no elementor-widget elementor-widget-wgl-double-heading\" data-id=\"7c4fce9\" data-element_type=\"widget\" data-widget_type=\"wgl-double-heading.default\">\n\t\t\t\t<div class=\"elementor-widget-container\">\n\t\t\t<div class=\"wgl-double-heading\"><div class=\"dblh__subtitle\">Quem Somos<\/div><h5 class=\"dblh__title-wrapper\"><span class=\"dblh__title dblh__title-1\">A Nossa Hist\u00f3ria<\/span><\/h5><\/div>\t\t<\/div>\n\t\t\t\t<\/div>\n\t\t\t\t<div class=\"elementor-element elementor-element-c586480 elementor-widget-tablet__width-initial elementor-widget-mobile__width-inherit jltma-glass-effect-no elementor-widget elementor-widget-text-editor\" data-id=\"c586480\" data-element_type=\"widget\" data-widget_type=\"text-editor.default\">\n\t\t\t\t<div class=\"elementor-widget-container\">\n\t\t\t<style>\/*! elementor - v3.14.0 - 26-06-2023 *\/\n.elementor-widget-text-editor.elementor-drop-cap-view-stacked .elementor-drop-cap{background-color:#69727d;color:#fff}.elementor-widget-text-editor.elementor-drop-cap-view-framed .elementor-drop-cap{color:#69727d;border:3px solid;background-color:transparent}.elementor-widget-text-editor:not(.elementor-drop-cap-view-default) .elementor-drop-cap{margin-top:8px}.elementor-widget-text-editor:not(.elementor-drop-cap-view-default) .elementor-drop-cap-letter{width:1em;height:1em}.elementor-widget-text-editor .elementor-drop-cap{float:left;text-align:center;line-height:1;font-size:50px}.elementor-widget-text-editor .elementor-drop-cap-letter{display:inline-block}<\/style>\t\t\t\t<p class=\"p1\">A Zillian \u00e9 um corretor de seguros e resseguros que aconselha e protege empresas e fam\u00edlias, entregando solu\u00e7\u00f5es inovadoras de transfer\u00eancia e gest\u00e3o de risco. Somos o Correspondente da Rede Global Aon em Angola, o que nos d\u00e1 acesso a uma rede de mais de 50.000 colegas em 120 pa\u00edses e aos principais mercados internacionais de seguro e resseguro.<\/p><p class=\"p1\">A nossa hist\u00f3ria teve in\u00edcio em 2004, quando a Aon iniciou as suas opera\u00e7\u00f5es em Angola, pouco depois da liberaliza\u00e7\u00e3o do mercado de seguros. Em 2021, na sequ\u00eancia de uma opera\u00e7\u00e3o de <i>management buyout<\/i> (MBO), a equipa de gest\u00e3o da ent\u00e3o Aon Angola adquiriu a participa\u00e7\u00e3o societ\u00e1ria da Aon na empresa, que se tornou no correspondente exclusivo da Aon em Angola.<\/p>\t\t\t\t\t\t<\/div>\n\t\t\t\t<\/div>\n\t\t\t\t<div class=\"elementor-element elementor-element-017ba2e jltma-glass-effect-no elementor-widget elementor-widget-spacer\" data-id=\"017ba2e\" data-element_type=\"widget\" data-widget_type=\"spacer.default\">\n\t\t\t\t<div class=\"elementor-widget-container\">\n\t\t\t<style>\/*! elementor - v3.14.0 - 26-06-2023 *\/\n.elementor-column .elementor-spacer-inner{height:var(--spacer-size)}.e-con{--container-widget-width:100%}.e-con-inner>.elementor-widget-spacer,.e-con>.elementor-widget-spacer{width:var(--container-widget-width,var(--spacer-size));--align-self:var(--container-widget-align-self,initial);--flex-shrink:0}.e-con-inner>.elementor-widget-spacer>.elementor-widget-container,.e-con-inner>.elementor-widget-spacer>.elementor-widget-container>.elementor-spacer,.e-con>.elementor-widget-spacer>.elementor-widget-container,.e-con>.elementor-widget-spacer>.elementor-widget-container>.elementor-spacer{height:100%}.e-con-inner>.elementor-widget-spacer>.elementor-widget-container>.elementor-spacer>.elementor-spacer-inner,.e-con>.elementor-widget-spacer>.elementor-widget-container>.elementor-spacer>.elementor-spacer-inner{height:var(--container-widget-height,var(--spacer-size))}<\/style>\t\t<div class=\"elementor-spacer\">\n\t\t\t<div class=\"elementor-spacer-inner\"><\/div>\n\t\t<\/div>\n\t\t\t\t<\/div>\n\t\t\t\t<\/div>\n\t\t\t\t<div class=\"elementor-element elementor-element-c127294 jltma-glass-effect-no elementor-widget elementor-widget-video\" data-id=\"c127294\" data-element_type=\"widget\" data-settings=\"{&quot;youtube_url&quot;:&quot;https:\\\/\\\/www.youtube.com\\\/watch?v=FXmMqz6Pq7Q&quot;,&quot;video_type&quot;:&quot;youtube&quot;,&quot;controls&quot;:&quot;yes&quot;}\" data-widget_type=\"video.default\">\n\t\t\t\t<div class=\"elementor-widget-container\">\n\t\t\t<style>\/*! elementor - v3.14.0 - 26-06-2023 *\/\n.elementor-widget-video .elementor-widget-container{overflow:hidden;transform:translateZ(0)}.elementor-widget-video .elementor-wrapper{aspect-ratio:var(--video-aspect-ratio)}.elementor-widget-video .elementor-wrapper iframe,.elementor-widget-video .elementor-wrapper video{height:100%;width:100%;display:flex;border:none;background-color:#000}@supports not (aspect-ratio:1\/1){.elementor-widget-video .elementor-wrapper{position:relative;overflow:hidden;height:0;padding-bottom:calc(100% \/ var(--video-aspect-ratio))}.elementor-widget-video .elementor-wrapper iframe,.elementor-widget-video .elementor-wrapper video{position:absolute;top:0;right:0;bottom:0;left:0}}.elementor-widget-video .elementor-open-inline .elementor-custom-embed-image-overlay{position:absolute;top:0;left:0;width:100%;height:100%;background-size:cover;background-position:50%}.elementor-widget-video .elementor-custom-embed-image-overlay{cursor:pointer;text-align:center}.elementor-widget-video .elementor-custom-embed-image-overlay:hover .elementor-custom-embed-play i{opacity:1}.elementor-widget-video .elementor-custom-embed-image-overlay img{display:block;width:100%}.elementor-widget-video .e-hosted-video .elementor-video{-o-object-fit:cover;object-fit:cover}.e-con-inner>.elementor-widget-video,.e-con>.elementor-widget-video{width:var(--container-widget-width);--flex-grow:var(--container-widget-flex-grow)}<\/style>\t\t<div class=\"elementor-wrapper elementor-open-inline\">\n\t\t\t<div class=\"elementor-video\"><\/div>\t\t<\/div>\n\t\t\t\t<\/div>\n\t\t\t\t<\/div>\n\t\t\t\t<div class=\"elementor-element elementor-element-606b078 jltma-glass-effect-no elementor-widget elementor-widget-spacer\" data-id=\"606b078\" data-element_type=\"widget\" data-widget_type=\"spacer.default\">\n\t\t\t\t<div class=\"elementor-widget-container\">\n\t\t\t\t\t<div class=\"elementor-spacer\">\n\t\t\t<div class=\"elementor-spacer-inner\"><\/div>\n\t\t<\/div>\n\t\t\t\t<\/div>\n\t\t\t\t<\/div>\n\t\t\t\t\t<\/div>\n\t\t<\/div>\n\t\t\t\t<div class=\"elementor-column elementor-col-50 elementor-top-column elementor-element elementor-element-28f93b4 jltma-glass-effect-no\" data-id=\"28f93b4\" data-element_type=\"column\" data-settings=\"{&quot;animation&quot;:&quot;none&quot;}\">\n\t\t\t<div class=\"elementor-widget-wrap elementor-element-populated\">\n\t\t\t\t\t\t\t\t<section class=\"elementor-section elementor-inner-section elementor-element elementor-element-706a3cf elementor-section-boxed elementor-section-height-default elementor-section-height-default jltma-glass-effect-no wpr-particle-no wpr-jarallax-no wpr-parallax-no wpr-sticky-section-no\" data-id=\"706a3cf\" data-element_type=\"section\">\n\t\t\t\t\t\t<div class=\"elementor-container elementor-column-gap-no\">\n\t\t\t\t\t<div class=\"elementor-column elementor-col-100 elementor-inner-column elementor-element elementor-element-9c8e519 animated-fast jltma-glass-effect-no elementor-invisible\" data-id=\"9c8e519\" data-element_type=\"column\" data-settings=\"{&quot;animation&quot;:&quot;fadeInUp&quot;}\">\n\t\t\t<div class=\"elementor-widget-wrap elementor-element-populated\">\n\t\t\t\t\t\t\t\t<div class=\"elementor-element elementor-element-932c58f animation_lifting elementor-widget-icon-box wgl-icon-box elementor-view-default layout-left aleft jltma-glass-effect-no elementor-widget elementor-widget-wgl-info-box\" data-id=\"932c58f\" data-element_type=\"widget\" data-widget_type=\"wgl-info-box.default\">\n\t\t\t\t<div class=\"elementor-widget-container\">\n\t\t\t<div class=\"wgl-infobox\"><div class=\"infobox__container wgl-layout-left\"><div class=\"media-wrapper icon-wrapper\"><span class=\"wgl-icon\" ><i class=\"icon elementor-icon flaticon flaticon-right-chevron\" aria-hidden=\"true\"><\/i><\/span><\/div><div class=\"content__wrapper\"><div class=\"infobox__titles\"><div class=\"titles__subtitle\">2004<\/div><h3 class=\"titles__title\"><span class=\"title__text\">Funda\u00e7\u00e3o<\/span><\/h3><\/div><div class=\"infobox__content\"><p class=\"p1\"><span class=\"s1\">In\u00edcio da nossa opera\u00e7\u00e3o em Angola com a designa\u00e7\u00e3o <b>Aon Angola<\/b>, uma subsidi\u00e1ria da<span class=\"Apple-converted-space\">\u00a0<\/span><\/span><span class=\"s1\">Aon plc., firma l\u00edder mundial na corretagem de seguro, resseguro e consultoria de recursos humanos.<\/span><\/p><\/div><\/div><\/div><\/div>\t\t<\/div>\n\t\t\t\t<\/div>\n\t\t\t\t\t<\/div>\n\t\t<\/div>\n\t\t\t\t\t\t\t<\/div>\n\t\t<\/section>\n\t\t\t\t<section class=\"elementor-section elementor-inner-section elementor-element elementor-element-f5f86df elementor-section-boxed elementor-section-height-default elementor-section-height-default jltma-glass-effect-no wpr-particle-no wpr-jarallax-no wpr-parallax-no wpr-sticky-section-no\" data-id=\"f5f86df\" data-element_type=\"section\">\n\t\t\t\t\t\t<div class=\"elementor-container elementor-column-gap-no\">\n\t\t\t\t\t<div class=\"elementor-column elementor-col-100 elementor-inner-column elementor-element elementor-element-4a1b7c5 animated-fast jltma-glass-effect-no elementor-invisible\" data-id=\"4a1b7c5\" data-element_type=\"column\" data-settings=\"{&quot;animation&quot;:&quot;fadeInUp&quot;,&quot;animation_delay&quot;:200}\">\n\t\t\t<div class=\"elementor-widget-wrap elementor-element-populated\">\n\t\t\t\t\t\t\t\t<div class=\"elementor-element elementor-element-294beb2 animation_lifting elementor-widget-icon-box wgl-icon-box elementor-view-default layout-left aleft jltma-glass-effect-no elementor-widget elementor-widget-wgl-info-box\" data-id=\"294beb2\" data-element_type=\"widget\" data-widget_type=\"wgl-info-box.default\">\n\t\t\t\t<div class=\"elementor-widget-container\">\n\t\t\t<div class=\"wgl-infobox\"><div class=\"infobox__container wgl-layout-left\"><div class=\"media-wrapper icon-wrapper\"><span class=\"wgl-icon\" ><i class=\"icon elementor-icon flaticon flaticon-right-chevron\" aria-hidden=\"true\"><\/i><\/span><\/div><div class=\"content__wrapper\"><div class=\"infobox__titles\"><div class=\"titles__subtitle\">2012<\/div><h3 class=\"titles__title\"><span class=\"title__text\">Divis\u00e3o de Sa\u00fade<\/span><\/h3><\/div><div class=\"infobox__content\"><p class=\"p1\"><span class=\"s1\">Cria\u00e7\u00e3o da Divis\u00e3o de Sa\u00fade, um departamento interno especializado no <b>desenho e gest\u00e3o de planos e seguros de sa\u00fade<\/b>.<\/span><\/p><\/div><\/div><\/div><\/div>\t\t<\/div>\n\t\t\t\t<\/div>\n\t\t\t\t\t<\/div>\n\t\t<\/div>\n\t\t\t\t\t\t\t<\/div>\n\t\t<\/section>\n\t\t\t\t<section class=\"elementor-section elementor-inner-section elementor-element elementor-element-8d1044d elementor-section-boxed elementor-section-height-default elementor-section-height-default jltma-glass-effect-no wpr-particle-no wpr-jarallax-no wpr-parallax-no wpr-sticky-section-no\" data-id=\"8d1044d\" data-element_type=\"section\">\n\t\t\t\t\t\t<div class=\"elementor-container elementor-column-gap-no\">\n\t\t\t\t\t<div class=\"elementor-column elementor-col-100 elementor-inner-column elementor-element elementor-element-26b6053 animated-fast jltma-glass-effect-no elementor-invisible\" data-id=\"26b6053\" data-element_type=\"column\" data-settings=\"{&quot;animation&quot;:&quot;fadeInUp&quot;,&quot;animation_delay&quot;:200}\">\n\t\t\t<div class=\"elementor-widget-wrap elementor-element-populated\">\n\t\t\t\t\t\t\t\t<div class=\"elementor-element elementor-element-e53fc44 animation_lifting elementor-widget-icon-box wgl-icon-box elementor-view-default layout-left aleft jltma-glass-effect-no elementor-widget elementor-widget-wgl-info-box\" data-id=\"e53fc44\" data-element_type=\"widget\" data-widget_type=\"wgl-info-box.default\">\n\t\t\t\t<div class=\"elementor-widget-container\">\n\t\t\t<div class=\"wgl-infobox\"><div class=\"infobox__container wgl-layout-left\"><div class=\"media-wrapper icon-wrapper\"><span class=\"wgl-icon\" ><i class=\"icon elementor-icon flaticon flaticon-right-chevron\" aria-hidden=\"true\"><\/i><\/span><\/div><div class=\"content__wrapper\"><div class=\"infobox__titles\"><div class=\"titles__subtitle\">2016<\/div><h3 class=\"titles__title\"><span class=\"title__text\">Divis\u00e3o de Resseguro<\/span><\/h3><\/div><div class=\"infobox__content\"><p class=\"p1\"><span class=\"s1\">Cria\u00e7\u00e3o da Divis\u00e3o de Resseguro, com o objectivo de fazer face a uma necessidade crescente de especializa\u00e7\u00e3o das nossas equipas nesta \u00e1rea. In\u00edcio da coloca\u00e7\u00e3o no <b>mercado de Londres <\/b>de importantes riscos operacionais do <b>sector petrol\u00edfero<\/b>.<\/span><\/p><\/div><\/div><\/div><\/div>\t\t<\/div>\n\t\t\t\t<\/div>\n\t\t\t\t\t<\/div>\n\t\t<\/div>\n\t\t\t\t\t\t\t<\/div>\n\t\t<\/section>\n\t\t\t\t<section class=\"elementor-section elementor-inner-section elementor-element elementor-element-49e4d16 elementor-section-boxed elementor-section-height-default elementor-section-height-default jltma-glass-effect-no wpr-particle-no wpr-jarallax-no wpr-parallax-no wpr-sticky-section-no\" data-id=\"49e4d16\" data-element_type=\"section\">\n\t\t\t\t\t\t<div class=\"elementor-container elementor-column-gap-no\">\n\t\t\t\t\t<div class=\"elementor-column elementor-col-100 elementor-inner-column elementor-element elementor-element-c9eb0b3 animated-fast jltma-glass-effect-no elementor-invisible\" data-id=\"c9eb0b3\" data-element_type=\"column\" data-settings=\"{&quot;animation&quot;:&quot;fadeInUp&quot;,&quot;animation_delay&quot;:200}\">\n\t\t\t<div class=\"elementor-widget-wrap elementor-element-populated\">\n\t\t\t\t\t\t\t\t<div class=\"elementor-element elementor-element-0361f90 animation_lifting elementor-widget-icon-box wgl-icon-box elementor-view-default layout-left aleft jltma-glass-effect-no elementor-widget elementor-widget-wgl-info-box\" data-id=\"0361f90\" data-element_type=\"widget\" data-widget_type=\"wgl-info-box.default\">\n\t\t\t\t<div class=\"elementor-widget-container\">\n\t\t\t<div class=\"wgl-infobox\"><div class=\"infobox__container wgl-layout-left\"><div class=\"media-wrapper icon-wrapper\"><span class=\"wgl-icon\" ><i class=\"icon elementor-icon flaticon flaticon-right-chevron\" aria-hidden=\"true\"><\/i><\/span><\/div><div class=\"content__wrapper\"><div class=\"infobox__titles\"><div class=\"titles__subtitle\">2021<\/div><h3 class=\"titles__title\"><span class=\"title__text\">Management Buy-Out<\/span><\/h3><\/div><div class=\"infobox__content\"><p class=\"p1\"><span class=\"s1\">Na sequ\u00eancia da decis\u00e3o estrat\u00e9gica por parte da Aon, de converter a maioria das suas opera\u00e7\u00f5es na \u00c1frica Subsaariana em correspondentes Aon, deu-se uma opera\u00e7\u00e3o de <i>management buy-out<\/i>, que resultou na mudan\u00e7a do nosso nome para <b>Zillian Angola<\/b> e na transi\u00e7\u00e3o para o estatuto de <b>correspondente exclusivo da Rede Global Aon em Angola<\/b>.<\/span><\/p><\/div><\/div><\/div><\/div>\t\t<\/div>\n\t\t\t\t<\/div>\n\t\t\t\t\t<\/div>\n\t\t<\/div>\n\t\t\t\t\t\t\t<\/div>\n\t\t<\/section>\n\t\t\t\t\t<\/div>\n\t\t<\/div>\n\t\t\t\t\t\t\t<\/div>\n\t\t<\/section>\n\t\t\t\t\t\t\t<\/div>\n\t\t","protected":false},"excerpt":{"rendered":"<p>Quem Somos Quem Somos A Nossa Hist\u00f3ria A Zillian \u00e9 um corretor de seguros e resseguros que aconselha e protege empresas e fam\u00edlias, entregando solu\u00e7\u00f5es inovadoras de transfer\u00eancia e gest\u00e3o de risco. Somos o Correspondente da Rede Global Aon em Angola, o que nos d\u00e1 acesso a uma rede de mais de 50.000 colegas em 120 pa\u00edses e aos principais mercados internacionais de seguro e resseguro. A nossa hist\u00f3ria teve in\u00edcio em 2004, quando a Aon iniciou as suas opera\u00e7\u00f5es em Angola, pouco depois da liberaliza\u00e7\u00e3o do mercado de seguros. Em 2021, na sequ\u00eancia de uma opera\u00e7\u00e3o de management buyout (MBO), a equipa de gest\u00e3o da ent\u00e3o Aon Angola adquiriu a participa\u00e7\u00e3o societ\u00e1ria da Aon na empresa, que se tornou no correspondente exclusivo da Aon em Angola. 2004 Funda\u00e7\u00e3o In\u00edcio da nossa opera\u00e7\u00e3o em Angola com a designa\u00e7\u00e3o Aon Angola, uma subsidi\u00e1ria da\u00a0Aon plc., firma l\u00edder mundial na corretagem de seguro, resseguro e consultoria de recursos humanos. 2012 Divis\u00e3o de Sa\u00fade Cria\u00e7\u00e3o da Divis\u00e3o de Sa\u00fade, um departamento interno especializado no desenho e gest\u00e3o de planos e seguros de sa\u00fade. 2016 Divis\u00e3o de Resseguro Cria\u00e7\u00e3o da Divis\u00e3o de Resseguro, com o objectivo de fazer face a uma necessidade crescente de especializa\u00e7\u00e3o das nossas equipas nesta \u00e1rea. In\u00edcio da coloca\u00e7\u00e3o no mercado de Londres de importantes riscos operacionais do sector petrol\u00edfero. 2021 Management Buy-Out Na sequ\u00eancia da decis\u00e3o estrat\u00e9gica por parte da Aon, de converter a maioria das suas opera\u00e7\u00f5es na \u00c1frica Subsaariana em correspondentes Aon, deu-se uma opera\u00e7\u00e3o de management buy-out, que resultou na mudan\u00e7a do nosso nome para Zillian Angola e na transi\u00e7\u00e3o para o estatuto de correspondente exclusivo da Rede Global Aon em Angola.<\/p>\n","protected":false},"author":3,"featured_media":0,"parent":0,"menu_order":0,"comment_status":"closed","ping_status":"closed","template":"","meta":{"nf_dc_page":"","om_disable_all_campaigns":false,"loftloader_page_shortcode":"","footnotes":""},"class_list":["post-20488","page","type-page","status-publish","hentry"],"_links":{"self":[{"href":"https:\/\/www.zillian.co.ao\/pt\/wp-json\/wp\/v2\/pages\/20488","targetHints":{"allow":["GET"]}}],"collection":[{"href":"https:\/\/www.zillian.co.ao\/pt\/wp-json\/wp\/v2\/pages"}],"about":[{"href":"https:\/\/www.zillian.co.ao\/pt\/wp-json\/wp\/v2\/types\/page"}],"author":[{"embeddable":true,"href":"https:\/\/www.zillian.co.ao\/pt\/wp-json\/wp\/v2\/users\/3"}],"replies":[{"embeddable":true,"href":"https:\/\/www.zillian.co.ao\/pt\/wp-json\/wp\/v2\/comments?post=20488"}],"version-history":[{"count":0,"href":"https:\/\/www.zillian.co.ao\/pt\/wp-json\/wp\/v2\/pages\/20488\/revisions"}],"wp:attachment":[{"href":"https:\/\/www.zillian.co.ao\/pt\/wp-json\/wp\/v2\/media?parent=20488"}],"curies":[{"name":"wp","href":"https:\/\/api.w.org\/{rel}","templated":true}]}}