{"id":20501,"date":"2023-04-28T15:20:31","date_gmt":"2023-04-28T15:20:31","guid":{"rendered":"https:\/\/www.zillian.co.ao\/\/?page_id=20501"},"modified":"2023-07-11T14:19:11","modified_gmt":"2023-07-11T14:19:11","slug":"os-nossos-valores","status":"publish","type":"page","link":"https:\/\/www.zillian.co.ao\/pt\/os-nossos-valores\/","title":{"rendered":"Os nossos Valores"},"content":{"rendered":"\t\t<div data-elementor-type=\"wp-page\" data-elementor-id=\"20501\" class=\"elementor elementor-20501\">\n\t\t\t\t\t\t\t\t\t<section class=\"elementor-section elementor-top-section elementor-element elementor-element-9ad39a8 elementor-section-stretched elementor-section-boxed elementor-section-height-default elementor-section-height-default jltma-glass-effect-no wpr-particle-no wpr-jarallax-no wpr-parallax-no wpr-sticky-section-no\" data-id=\"9ad39a8\" data-element_type=\"section\" data-settings=\"{&quot;background_background&quot;:&quot;classic&quot;,&quot;stretch_section&quot;:&quot;section-stretched&quot;}\">\n\t\t\t\t\t\t\t<div class=\"elementor-background-overlay\"><\/div>\n\t\t\t\t\t\t\t<div class=\"elementor-container elementor-column-gap-default\">\n\t\t\t\t\t<div class=\"elementor-column elementor-col-100 elementor-top-column elementor-element elementor-element-5291402 jltma-glass-effect-no\" data-id=\"5291402\" data-element_type=\"column\" data-settings=\"{&quot;animation&quot;:&quot;none&quot;,&quot;animation_delay&quot;:200}\">\n\t\t\t<div class=\"elementor-widget-wrap elementor-element-populated\">\n\t\t\t\t\t\t\t\t<div class=\"elementor-element elementor-element-3a129ba elementor-widget__width-inherit elementor-widget-tablet__width-initial jltma-glass-effect-no elementor-widget elementor-widget-wgl-double-heading\" data-id=\"3a129ba\" data-element_type=\"widget\" data-widget_type=\"wgl-double-heading.default\">\n\t\t\t\t<div class=\"elementor-widget-container\">\n\t\t\t<div class=\"wgl-double-heading\"><h5 class=\"dblh__title-wrapper\"><span class=\"dblh__title dblh__title-1\">Quem Somos<\/span><\/h5><\/div>\t\t<\/div>\n\t\t\t\t<\/div>\n\t\t\t\t\t<\/div>\n\t\t<\/div>\n\t\t\t\t\t\t\t<\/div>\n\t\t<\/section>\n\t\t\t\t<section class=\"elementor-section elementor-top-section elementor-element elementor-element-8812a99 elementor-section-stretched elementor-section-boxed elementor-section-height-default elementor-section-height-default jltma-glass-effect-no wpr-particle-no wpr-jarallax-no wpr-parallax-no wpr-sticky-section-no\" data-id=\"8812a99\" data-element_type=\"section\" data-settings=\"{&quot;stretch_section&quot;:&quot;section-stretched&quot;}\">\n\t\t\t\t\t\t<div class=\"elementor-container elementor-column-gap-default\">\n\t\t\t\t\t<div class=\"elementor-column elementor-col-100 elementor-top-column elementor-element elementor-element-478fa9d jltma-glass-effect-no\" data-id=\"478fa9d\" data-element_type=\"column\">\n\t\t\t<div class=\"elementor-widget-wrap elementor-element-populated\">\n\t\t\t\t\t\t\t\t<div class=\"elementor-element elementor-element-1f4bd9a elementor-widget__width-inherit elementor-widget-tablet__width-inherit jltma-glass-effect-no elementor-widget elementor-widget-wgl-double-heading\" data-id=\"1f4bd9a\" data-element_type=\"widget\" data-widget_type=\"wgl-double-heading.default\">\n\t\t\t\t<div class=\"elementor-widget-container\">\n\t\t\t<div class=\"wgl-double-heading\"><div class=\"dblh__subtitle\">Quem Somos<\/div><h5 class=\"dblh__title-wrapper\"><span class=\"dblh__title dblh__title-1\">Os Nossos Valores <\/span><\/h5><\/div>\t\t<\/div>\n\t\t\t\t<\/div>\n\t\t\t\t<div class=\"elementor-element elementor-element-e23ebd7 elementor-widget-tablet__width-initial elementor-widget-mobile__width-inherit jltma-glass-effect-no elementor-widget elementor-widget-text-editor\" data-id=\"e23ebd7\" data-element_type=\"widget\" data-widget_type=\"text-editor.default\">\n\t\t\t\t<div class=\"elementor-widget-container\">\n\t\t\t<style>\/*! elementor - v3.14.0 - 26-06-2023 *\/\n.elementor-widget-text-editor.elementor-drop-cap-view-stacked .elementor-drop-cap{background-color:#69727d;color:#fff}.elementor-widget-text-editor.elementor-drop-cap-view-framed .elementor-drop-cap{color:#69727d;border:3px solid;background-color:transparent}.elementor-widget-text-editor:not(.elementor-drop-cap-view-default) .elementor-drop-cap{margin-top:8px}.elementor-widget-text-editor:not(.elementor-drop-cap-view-default) .elementor-drop-cap-letter{width:1em;height:1em}.elementor-widget-text-editor .elementor-drop-cap{float:left;text-align:center;line-height:1;font-size:50px}.elementor-widget-text-editor .elementor-drop-cap-letter{display:inline-block}<\/style>\t\t\t\t<p class=\"p1\">No trabalho como na vida, a nossa conduta deve guiar-se por um conjunto de valores s\u00f3lidos e inegoci\u00e1veis.<br \/>Estes s\u00e3o os valores que nos caracterizam e que transmitimos todos os dias \u00e0s nossas equipas.<\/p>\t\t\t\t\t\t<\/div>\n\t\t\t\t<\/div>\n\t\t\t\t\t<\/div>\n\t\t<\/div>\n\t\t\t\t\t\t\t<\/div>\n\t\t<\/section>\n\t\t\t\t<section class=\"elementor-section elementor-top-section elementor-element elementor-element-2defe6f elementor-section-stretched elementor-section-boxed elementor-section-height-default elementor-section-height-default jltma-glass-effect-no wpr-particle-no wpr-jarallax-no wpr-parallax-no wpr-sticky-section-no\" data-id=\"2defe6f\" data-element_type=\"section\" data-settings=\"{&quot;stretch_section&quot;:&quot;section-stretched&quot;}\">\n\t\t\t\t\t\t<div class=\"elementor-container elementor-column-gap-default\">\n\t\t\t\t\t<div class=\"elementor-column elementor-col-33 elementor-top-column elementor-element elementor-element-240ac15 jltma-glass-effect-no\" data-id=\"240ac15\" data-element_type=\"column\">\n\t\t\t<div class=\"elementor-widget-wrap elementor-element-populated\">\n\t\t\t\t\t\t\t\t<div class=\"elementor-element elementor-element-a77a8e3 layout-top elementor-widget-icon-box wgl-icon-box elementor-view-default aleft jltma-glass-effect-no elementor-widget elementor-widget-wgl-info-box\" data-id=\"a77a8e3\" data-element_type=\"widget\" data-widget_type=\"wgl-info-box.default\">\n\t\t\t\t<div class=\"elementor-widget-container\">\n\t\t\t<div class=\"wgl-infobox\"><div class=\"infobox__container wgl-layout-top\"><div class=\"media-wrapper icon-wrapper\"><span class=\"wgl-icon\" ><i class=\"icon elementor-icon simple-line-icons icon-clock\" aria-hidden=\"true\"><\/i><\/span><\/div><div class=\"content__wrapper\"><div class=\"infobox__titles\"><h3 class=\"titles__title\"><span class=\"title__text\">Dedica\u00e7\u00e3o<\/span><\/h3><\/div><div class=\"infobox__content\"><p class=\"p1\">Lutamos at\u00e9 ao fim pela protec\u00e7\u00e3o dos nossos clientes.<br \/><br \/><\/p><\/div><\/div><\/div><\/div>\t\t<\/div>\n\t\t\t\t<\/div>\n\t\t\t\t\t<\/div>\n\t\t<\/div>\n\t\t\t\t<div class=\"elementor-column elementor-col-33 elementor-top-column elementor-element elementor-element-17cf9e5 jltma-glass-effect-no\" data-id=\"17cf9e5\" data-element_type=\"column\">\n\t\t\t<div class=\"elementor-widget-wrap elementor-element-populated\">\n\t\t\t\t\t\t\t\t<div class=\"elementor-element elementor-element-b199a9b layout-top elementor-widget-icon-box wgl-icon-box elementor-view-default aleft jltma-glass-effect-no elementor-widget elementor-widget-wgl-info-box\" data-id=\"b199a9b\" data-element_type=\"widget\" data-widget_type=\"wgl-info-box.default\">\n\t\t\t\t<div class=\"elementor-widget-container\">\n\t\t\t<div class=\"wgl-infobox\"><div class=\"infobox__container wgl-layout-top\"><div class=\"media-wrapper icon-wrapper\"><span class=\"wgl-icon\" ><i class=\"icon elementor-icon flaticon flaticon-handshake\" aria-hidden=\"true\"><\/i><\/span><\/div><div class=\"content__wrapper\"><div class=\"infobox__titles\"><h3 class=\"titles__title\"><span class=\"title__text\">Comprometimento<\/span><\/h3><\/div><div class=\"infobox__content\"><p class=\"p1\">Cumprimos sempre o que prometemos e nunca prometemos o que n\u00e3o podemos cumprir.<\/p><\/div><\/div><\/div><\/div>\t\t<\/div>\n\t\t\t\t<\/div>\n\t\t\t\t\t<\/div>\n\t\t<\/div>\n\t\t\t\t<div class=\"elementor-column elementor-col-33 elementor-top-column elementor-element elementor-element-508705d jltma-glass-effect-no\" data-id=\"508705d\" data-element_type=\"column\">\n\t\t\t<div class=\"elementor-widget-wrap elementor-element-populated\">\n\t\t\t\t\t\t\t\t<div class=\"elementor-element elementor-element-be336f6 layout-top elementor-widget-icon-box wgl-icon-box elementor-view-default aleft jltma-glass-effect-no elementor-widget elementor-widget-wgl-info-box\" data-id=\"be336f6\" data-element_type=\"widget\" data-widget_type=\"wgl-info-box.default\">\n\t\t\t\t<div class=\"elementor-widget-container\">\n\t\t\t<div class=\"wgl-infobox\"><div class=\"infobox__container wgl-layout-top\"><div class=\"media-wrapper icon-wrapper\"><span class=\"wgl-icon\" ><i class=\"icon elementor-icon elementor-icons eicon-check-circle\" aria-hidden=\"true\"><\/i><\/span><\/div><div class=\"content__wrapper\"><div class=\"infobox__titles\"><h3 class=\"titles__title\"><span class=\"title__text\">Honestidade<\/span><\/h3><\/div><div class=\"infobox__content\"><p class=\"p1\">Dizemos a verdade sem omiss\u00e3o e assumimos as responsabilidades dos nossos actos.<\/p><\/div><\/div><\/div><\/div>\t\t<\/div>\n\t\t\t\t<\/div>\n\t\t\t\t\t<\/div>\n\t\t<\/div>\n\t\t\t\t\t\t\t<\/div>\n\t\t<\/section>\n\t\t\t\t<section class=\"elementor-section elementor-top-section elementor-element elementor-element-d0bee41 elementor-section-stretched elementor-section-boxed elementor-section-height-default elementor-section-height-default jltma-glass-effect-no wpr-particle-no wpr-jarallax-no wpr-parallax-no wpr-sticky-section-no\" data-id=\"d0bee41\" data-element_type=\"section\" data-settings=\"{&quot;stretch_section&quot;:&quot;section-stretched&quot;}\">\n\t\t\t\t\t\t<div class=\"elementor-container elementor-column-gap-default\">\n\t\t\t\t\t<div class=\"elementor-column elementor-col-33 elementor-top-column elementor-element elementor-element-a223504 jltma-glass-effect-no\" data-id=\"a223504\" data-element_type=\"column\">\n\t\t\t<div class=\"elementor-widget-wrap elementor-element-populated\">\n\t\t\t\t\t\t\t\t<div class=\"elementor-element elementor-element-13ac5c0 layout-top elementor-widget-icon-box wgl-icon-box elementor-view-default aleft jltma-glass-effect-no elementor-widget elementor-widget-wgl-info-box\" data-id=\"13ac5c0\" data-element_type=\"widget\" data-widget_type=\"wgl-info-box.default\">\n\t\t\t\t<div class=\"elementor-widget-container\">\n\t\t\t<div class=\"wgl-infobox\"><div class=\"infobox__container wgl-layout-top\"><div class=\"media-wrapper icon-wrapper\"><span class=\"wgl-icon\" ><i class=\"icon elementor-icon flaticon flaticon-bar-chart\" aria-hidden=\"true\"><\/i><\/span><\/div><div class=\"content__wrapper\"><div class=\"infobox__titles\"><h3 class=\"titles__title\"><span class=\"title__text\">Exig\u00eancia<\/span><\/h3><\/div><div class=\"infobox__content\"><p class=\"p1\">Somos exigentes e valorizamos primeiramente os resultados.<br \/><br \/><\/p><\/div><\/div><\/div><\/div>\t\t<\/div>\n\t\t\t\t<\/div>\n\t\t\t\t\t<\/div>\n\t\t<\/div>\n\t\t\t\t<div class=\"elementor-column elementor-col-33 elementor-top-column elementor-element elementor-element-e6e5b28 jltma-glass-effect-no\" data-id=\"e6e5b28\" data-element_type=\"column\">\n\t\t\t<div class=\"elementor-widget-wrap elementor-element-populated\">\n\t\t\t\t\t\t\t\t<div class=\"elementor-element elementor-element-8fed726 layout-top elementor-widget-icon-box wgl-icon-box elementor-view-default aleft jltma-glass-effect-no elementor-widget elementor-widget-wgl-info-box\" data-id=\"8fed726\" data-element_type=\"widget\" data-widget_type=\"wgl-info-box.default\">\n\t\t\t\t<div class=\"elementor-widget-container\">\n\t\t\t<div class=\"wgl-infobox\"><div class=\"infobox__container wgl-layout-top\"><div class=\"media-wrapper icon-wrapper\"><span class=\"wgl-icon\" ><i class=\"icon elementor-icon simple-line-icons icon-key\" aria-hidden=\"true\"><\/i><\/span><\/div><div class=\"content__wrapper\"><div class=\"infobox__titles\"><h3 class=\"titles__title\"><span class=\"title__text\">Justi\u00e7a<\/span><\/h3><\/div><div class=\"infobox__content\"><p class=\"p1\">Avaliamos desempenhos e condutas com justi\u00e7a e imparcialidade.<br \/><br \/><\/p><\/div><\/div><\/div><\/div>\t\t<\/div>\n\t\t\t\t<\/div>\n\t\t\t\t\t<\/div>\n\t\t<\/div>\n\t\t\t\t<div class=\"elementor-column elementor-col-33 elementor-top-column elementor-element elementor-element-3029ebc jltma-glass-effect-no\" data-id=\"3029ebc\" data-element_type=\"column\">\n\t\t\t<div class=\"elementor-widget-wrap elementor-element-populated\">\n\t\t\t\t\t\t\t\t<div class=\"elementor-element elementor-element-5ad5d59 layout-top elementor-widget-icon-box wgl-icon-box elementor-view-default aleft jltma-glass-effect-no elementor-widget elementor-widget-wgl-info-box\" data-id=\"5ad5d59\" data-element_type=\"widget\" data-widget_type=\"wgl-info-box.default\">\n\t\t\t\t<div class=\"elementor-widget-container\">\n\t\t\t<div class=\"wgl-infobox\"><div class=\"infobox__container wgl-layout-top\"><div class=\"media-wrapper icon-wrapper\"><span class=\"wgl-icon\" ><i class=\"icon elementor-icon elementor-icons eicon-share\" aria-hidden=\"true\"><\/i><\/span><\/div><div class=\"content__wrapper\"><div class=\"infobox__titles\"><h3 class=\"titles__title\"><span class=\"title__text\">Partilha<\/span><\/h3><\/div><div class=\"infobox__content\"><p class=\"p1\">Partilhamos conhecimento e experi\u00eancia com colegas e clientes, de forma a crescermos e prosperarmos juntos.<\/p><\/div><\/div><\/div><\/div>\t\t<\/div>\n\t\t\t\t<\/div>\n\t\t\t\t\t<\/div>\n\t\t<\/div>\n\t\t\t\t\t\t\t<\/div>\n\t\t<\/section>\n\t\t\t\t<section class=\"elementor-section elementor-top-section elementor-element elementor-element-5c75fa7 elementor-section-stretched elementor-section-boxed elementor-section-height-default elementor-section-height-default jltma-glass-effect-no wpr-particle-no wpr-jarallax-no wpr-parallax-no wpr-sticky-section-no\" data-id=\"5c75fa7\" data-element_type=\"section\" data-settings=\"{&quot;stretch_section&quot;:&quot;section-stretched&quot;}\">\n\t\t\t\t\t\t<div class=\"elementor-container elementor-column-gap-default\">\n\t\t\t\t\t<div class=\"elementor-column elementor-col-33 elementor-top-column elementor-element elementor-element-bab6f15 jltma-glass-effect-no\" data-id=\"bab6f15\" data-element_type=\"column\">\n\t\t\t<div class=\"elementor-widget-wrap elementor-element-populated\">\n\t\t\t\t\t\t\t\t<div class=\"elementor-element elementor-element-c920294 layout-top elementor-widget-icon-box wgl-icon-box elementor-view-default aleft jltma-glass-effect-no elementor-widget elementor-widget-wgl-info-box\" data-id=\"c920294\" data-element_type=\"widget\" data-widget_type=\"wgl-info-box.default\">\n\t\t\t\t<div class=\"elementor-widget-container\">\n\t\t\t<div class=\"wgl-infobox\"><div class=\"infobox__container wgl-layout-top\"><div class=\"media-wrapper icon-wrapper\"><span class=\"wgl-icon\" ><i class=\"icon elementor-icon lnr lnr-highlight\" aria-hidden=\"true\"><\/i><\/span><\/div><div class=\"content__wrapper\"><div class=\"infobox__titles\"><h3 class=\"titles__title\"><span class=\"title__text\">Rigor<\/span><\/h3><\/div><div class=\"infobox__content\"><p class=\"p1\">Somos rigorosos na an\u00e1lise, concep\u00e7\u00e3o e entrega do nosso trabalho.<br \/><br \/><\/p><\/div><\/div><\/div><\/div>\t\t<\/div>\n\t\t\t\t<\/div>\n\t\t\t\t\t<\/div>\n\t\t<\/div>\n\t\t\t\t<div class=\"elementor-column elementor-col-33 elementor-top-column elementor-element elementor-element-bbfbb54 jltma-glass-effect-no\" data-id=\"bbfbb54\" data-element_type=\"column\">\n\t\t\t<div class=\"elementor-widget-wrap elementor-element-populated\">\n\t\t\t\t\t\t\t\t<div class=\"elementor-element elementor-element-193c79f layout-top elementor-widget-icon-box wgl-icon-box elementor-view-default aleft jltma-glass-effect-no elementor-widget elementor-widget-wgl-info-box\" data-id=\"193c79f\" data-element_type=\"widget\" data-widget_type=\"wgl-info-box.default\">\n\t\t\t\t<div class=\"elementor-widget-container\">\n\t\t\t<div class=\"wgl-infobox\"><div class=\"infobox__container wgl-layout-top\"><div class=\"media-wrapper icon-wrapper\"><span class=\"wgl-icon\" ><i class=\"icon elementor-icon lnr lnr-book\" aria-hidden=\"true\"><\/i><\/span><\/div><div class=\"content__wrapper\"><div class=\"infobox__titles\"><h3 class=\"titles__title\"><span class=\"title__text\">Conhecimento<\/span><\/h3><\/div><div class=\"infobox__content\"><p class=\"p1\">Somos conhecedores do nosso neg\u00f3cio e do neg\u00f3cio dos nossos clientes.<br \/><br \/><\/p><\/div><\/div><\/div><\/div>\t\t<\/div>\n\t\t\t\t<\/div>\n\t\t\t\t\t<\/div>\n\t\t<\/div>\n\t\t\t\t<div class=\"elementor-column elementor-col-33 elementor-top-column elementor-element elementor-element-b9238df jltma-glass-effect-no\" data-id=\"b9238df\" data-element_type=\"column\">\n\t\t\t<div class=\"elementor-widget-wrap elementor-element-populated\">\n\t\t\t\t\t\t\t\t<div class=\"elementor-element elementor-element-5961dbd layout-top elementor-widget-icon-box wgl-icon-box elementor-view-default aleft jltma-glass-effect-no elementor-widget elementor-widget-wgl-info-box\" data-id=\"5961dbd\" data-element_type=\"widget\" data-widget_type=\"wgl-info-box.default\">\n\t\t\t\t<div class=\"elementor-widget-container\">\n\t\t\t<div class=\"wgl-infobox\"><div class=\"infobox__container wgl-layout-top\"><div class=\"media-wrapper icon-wrapper\"><span class=\"wgl-icon\" ><i class=\"icon elementor-icon simple-line-icons icon-bulb\" aria-hidden=\"true\"><\/i><\/span><\/div><div class=\"content__wrapper\"><div class=\"infobox__titles\"><h3 class=\"titles__title\"><span class=\"title__text\">Inova\u00e7\u00e3o<\/span><\/h3><\/div><div class=\"infobox__content\"><p class=\"p1\">Procuramos abordagens diferentes e melhores solu\u00e7\u00f5es para os desafios do dia-a-dia.<\/p><\/div><\/div><\/div><\/div>\t\t<\/div>\n\t\t\t\t<\/div>\n\t\t\t\t\t<\/div>\n\t\t<\/div>\n\t\t\t\t\t\t\t<\/div>\n\t\t<\/section>\n\t\t\t\t<section class=\"elementor-section elementor-top-section elementor-element elementor-element-620479b elementor-section-stretched elementor-section-boxed elementor-section-height-default elementor-section-height-default jltma-glass-effect-no wpr-particle-no wpr-jarallax-no wpr-parallax-no wpr-sticky-section-no\" data-id=\"620479b\" data-element_type=\"section\" data-settings=\"{&quot;stretch_section&quot;:&quot;section-stretched&quot;}\">\n\t\t\t\t\t\t\t<div class=\"elementor-background-overlay\"><\/div>\n\t\t\t\t\t\t\t<div class=\"elementor-container elementor-column-gap-default\">\n\t\t\t\t\t<div class=\"elementor-column elementor-col-100 elementor-top-column elementor-element elementor-element-cd768c8 jltma-glass-effect-no\" data-id=\"cd768c8\" data-element_type=\"column\" data-settings=\"{&quot;animation&quot;:&quot;none&quot;}\">\n\t\t\t<div class=\"elementor-widget-wrap elementor-element-populated\">\n\t\t\t\t\t\t\t\t<div class=\"elementor-element elementor-element-a0e21e1 acenter jltma-glass-effect-no elementor-widget elementor-widget-wgl-testimonials\" data-id=\"a0e21e1\" data-element_type=\"widget\" data-widget_type=\"wgl-testimonials.default\">\n\t\t\t\t<div class=\"elementor-widget-container\">\n\t\t\t<div class=\"wgl-testimonials type-bottom_block\"><div class=\"testimonial__wrapper grid-col-1\"><div class=\"testimonial__item elementor-repeater-item-ed3dcf4\"><div class=\"item__content\"><div class=\"item__quote\"><span class=\"quote__title\"> <\/span><p class=\"p1\">Os nossos valores n\u00e3o s\u00e3o para n\u00f3s meros conceitos abstractos que pretendemos um dia atingir, mas sim a cristaliza\u00e7\u00e3o daquilo que j\u00e1 somos e continuaremos a ser.<\/p><\/div><div class=\"item__meta\"><\/div><\/div><div class=\"item__author\"><div class=\"author__meta\"><h4 class=\"author__name\">Tiago D\u00e1 Mesquita<\/h4><span class=\"author__position\">Director Geral<\/span><\/div><\/div><\/div><\/div><\/div>\t\t<\/div>\n\t\t\t\t<\/div>\n\t\t\t\t\t<\/div>\n\t\t<\/div>\n\t\t\t\t\t\t\t<\/div>\n\t\t<\/section>\n\t\t\t\t\t\t\t<\/div>\n\t\t","protected":false},"excerpt":{"rendered":"<p>Quem Somos Quem Somos Os Nossos Valores No trabalho como na vida, a nossa conduta deve guiar-se por um conjunto de valores s\u00f3lidos e inegoci\u00e1veis.Estes s\u00e3o os valores que nos caracterizam e que transmitimos todos os dias \u00e0s nossas equipas. Dedica\u00e7\u00e3o Lutamos at\u00e9 ao fim pela protec\u00e7\u00e3o dos nossos clientes. Comprometimento Cumprimos sempre o que prometemos e nunca prometemos o que n\u00e3o podemos cumprir. Honestidade Dizemos a verdade sem omiss\u00e3o e assumimos as responsabilidades dos nossos actos. Exig\u00eancia Somos exigentes e valorizamos primeiramente os resultados. Justi\u00e7a Avaliamos desempenhos e condutas com justi\u00e7a e imparcialidade. Partilha Partilhamos conhecimento e experi\u00eancia com colegas e clientes, de forma a crescermos e prosperarmos juntos. Rigor Somos rigorosos na an\u00e1lise, concep\u00e7\u00e3o e entrega do nosso trabalho. Conhecimento Somos conhecedores do nosso neg\u00f3cio e do neg\u00f3cio dos nossos clientes. Inova\u00e7\u00e3o Procuramos abordagens diferentes e melhores solu\u00e7\u00f5es para os desafios do dia-a-dia. Os nossos valores n\u00e3o s\u00e3o para n\u00f3s meros conceitos abstractos que pretendemos um dia atingir, mas sim a cristaliza\u00e7\u00e3o daquilo que j\u00e1 somos e continuaremos a ser. Tiago D\u00e1 Mesquita Director Geral<\/p>\n","protected":false},"author":3,"featured_media":0,"parent":0,"menu_order":0,"comment_status":"closed","ping_status":"closed","template":"","meta":{"nf_dc_page":"","om_disable_all_campaigns":false,"loftloader_page_shortcode":"","footnotes":""},"class_list":["post-20501","page","type-page","status-publish","hentry"],"_links":{"self":[{"href":"https:\/\/www.zillian.co.ao\/pt\/wp-json\/wp\/v2\/pages\/20501","targetHints":{"allow":["GET"]}}],"collection":[{"href":"https:\/\/www.zillian.co.ao\/pt\/wp-json\/wp\/v2\/pages"}],"about":[{"href":"https:\/\/www.zillian.co.ao\/pt\/wp-json\/wp\/v2\/types\/page"}],"author":[{"embeddable":true,"href":"https:\/\/www.zillian.co.ao\/pt\/wp-json\/wp\/v2\/users\/3"}],"replies":[{"embeddable":true,"href":"https:\/\/www.zillian.co.ao\/pt\/wp-json\/wp\/v2\/comments?post=20501"}],"version-history":[{"count":0,"href":"https:\/\/www.zillian.co.ao\/pt\/wp-json\/wp\/v2\/pages\/20501\/revisions"}],"wp:attachment":[{"href":"https:\/\/www.zillian.co.ao\/pt\/wp-json\/wp\/v2\/media?parent=20501"}],"curies":[{"name":"wp","href":"https:\/\/api.w.org\/{rel}","templated":true}]}}