{"id":20506,"date":"2023-04-28T15:23:28","date_gmt":"2023-04-28T15:23:28","guid":{"rendered":"https:\/\/www.zillian.co.ao\/\/?page_id=20506"},"modified":"2023-07-11T14:17:13","modified_gmt":"2023-07-11T14:17:13","slug":"equipa","status":"publish","type":"page","link":"https:\/\/www.zillian.co.ao\/pt\/equipa\/","title":{"rendered":"Equipa"},"content":{"rendered":"\t\t<div data-elementor-type=\"wp-page\" data-elementor-id=\"20506\" class=\"elementor elementor-20506\">\n\t\t\t\t\t\t\t\t\t<section class=\"elementor-section elementor-top-section elementor-element elementor-element-9ad39a8 elementor-section-stretched elementor-section-boxed elementor-section-height-default elementor-section-height-default jltma-glass-effect-no wpr-particle-no wpr-jarallax-no wpr-parallax-no wpr-sticky-section-no\" data-id=\"9ad39a8\" data-element_type=\"section\" data-settings=\"{&quot;background_background&quot;:&quot;classic&quot;,&quot;stretch_section&quot;:&quot;section-stretched&quot;}\">\n\t\t\t\t\t\t\t<div class=\"elementor-background-overlay\"><\/div>\n\t\t\t\t\t\t\t<div class=\"elementor-container elementor-column-gap-default\">\n\t\t\t\t\t<div class=\"elementor-column elementor-col-100 elementor-top-column elementor-element elementor-element-5291402 jltma-glass-effect-no\" data-id=\"5291402\" data-element_type=\"column\" data-settings=\"{&quot;animation&quot;:&quot;none&quot;,&quot;animation_delay&quot;:200}\">\n\t\t\t<div class=\"elementor-widget-wrap elementor-element-populated\">\n\t\t\t\t\t\t\t\t<div class=\"elementor-element elementor-element-3a129ba elementor-widget__width-inherit elementor-widget-tablet__width-initial jltma-glass-effect-no elementor-widget elementor-widget-wgl-double-heading\" data-id=\"3a129ba\" data-element_type=\"widget\" data-widget_type=\"wgl-double-heading.default\">\n\t\t\t\t<div class=\"elementor-widget-container\">\n\t\t\t<div class=\"wgl-double-heading\"><h5 class=\"dblh__title-wrapper\"><span class=\"dblh__title dblh__title-1\">Quem Somos<\/span><\/h5><\/div>\t\t<\/div>\n\t\t\t\t<\/div>\n\t\t\t\t\t<\/div>\n\t\t<\/div>\n\t\t\t\t\t\t\t<\/div>\n\t\t<\/section>\n\t\t\t\t<section class=\"elementor-section elementor-top-section elementor-element elementor-element-bf74846 elementor-section-stretched elementor-section-boxed elementor-section-height-default elementor-section-height-default jltma-glass-effect-no wpr-particle-no wpr-jarallax-no wpr-parallax-no wpr-sticky-section-no\" data-id=\"bf74846\" data-element_type=\"section\" data-settings=\"{&quot;stretch_section&quot;:&quot;section-stretched&quot;}\">\n\t\t\t\t\t\t<div class=\"elementor-container elementor-column-gap-default\">\n\t\t\t\t\t<div class=\"elementor-column elementor-col-100 elementor-top-column elementor-element elementor-element-1fb349a jltma-glass-effect-no\" data-id=\"1fb349a\" data-element_type=\"column\">\n\t\t\t<div class=\"elementor-widget-wrap elementor-element-populated\">\n\t\t\t\t\t\t\t\t<div class=\"elementor-element elementor-element-0fa5615 elementor-widget__width-inherit elementor-widget-tablet__width-inherit jltma-glass-effect-no elementor-widget elementor-widget-wgl-double-heading\" data-id=\"0fa5615\" data-element_type=\"widget\" data-widget_type=\"wgl-double-heading.default\">\n\t\t\t\t<div class=\"elementor-widget-container\">\n\t\t\t<div class=\"wgl-double-heading\"><div class=\"dblh__subtitle\">Equipa<\/div><h5 class=\"dblh__title-wrapper\"><span class=\"dblh__title dblh__title-1\">A Nossa Equipa<\/span><\/h5><\/div>\t\t<\/div>\n\t\t\t\t<\/div>\n\t\t\t\t\t<\/div>\n\t\t<\/div>\n\t\t\t\t\t\t\t<\/div>\n\t\t<\/section>\n\t\t\t\t<section class=\"elementor-section elementor-top-section elementor-element elementor-element-5560ed8 elementor-section-stretched elementor-section-boxed elementor-section-height-default elementor-section-height-default jltma-glass-effect-no wpr-particle-no wpr-jarallax-no wpr-parallax-no wpr-sticky-section-no\" data-id=\"5560ed8\" data-element_type=\"section\" data-settings=\"{&quot;stretch_section&quot;:&quot;section-stretched&quot;}\">\n\t\t\t\t\t\t<div class=\"elementor-container elementor-column-gap-default\">\n\t\t\t\t\t<div class=\"elementor-column elementor-col-100 elementor-top-column elementor-element elementor-element-96c613b jltma-glass-effect-no\" data-id=\"96c613b\" data-element_type=\"column\">\n\t\t\t<div class=\"elementor-widget-wrap elementor-element-populated\">\n\t\t\t\t\t\t\t\t<div class=\"elementor-element elementor-element-bb2ba6e socials-official-idle socials-official-hover jltma-glass-effect-no elementor-widget elementor-widget-wgl-team\" data-id=\"bb2ba6e\" data-element_type=\"widget\" data-widget_type=\"wgl-team.default\">\n\t\t\t\t<div class=\"elementor-widget-container\">\n\t\t\t<section class=\"wgl_module_team\"><div class=\"team__members grid-col--4 carousel\"><div class=\"wgl-carousel_wrapper\"><div class=\"wgl-carousel wgl-carousel_swiper swiper-container pagination_square \" data-swiper='{\"animationDuration\":\"\",\"infinite\":true,\"variableWidth\":false,\"autoplay\":false,\"autoplaySpeed\":null,\"autoplayPause\":false,\"autoplayReverse\":false,\"watchOverflow\":true,\"arrows\":true,\"dots\":true,\"adaptiveHeight\":false,\"responsive\":[{\"breakpoint\":1600,\"slidesToShow\":\"4\",\"slidesToScroll\":1},{\"breakpoint\":1201,\"slidesToShow\":\"4\",\"slidesToScroll\":1},{\"breakpoint\":768,\"slidesToShow\":\"2\",\"slidesToScroll\":1},{\"breakpoint\":280,\"slidesToShow\":\"1\",\"slidesToScroll\":1}]}' data-item-carousel='wgl_carousel_69ea31a862497'><div class=\"swiper-wrapper\"><article class=\"team__member swiper-slide\"><div class=\"member__wrapper\"><div class=\"member__media\"><a href=\"https:\/\/www.zillian.co.ao\/pt\/team\/tiago_mesquita\/\" class=\"member__thumbnail\"><img decoding=\"async\" loading=\"lazy\" src=\"https:\/\/www.zillian.co.ao\/wp-content\/uploads\/2022\/09\/tm-1-600x600.jpg\" class=\"thumbnail__featured\" alt=\"\"><\/a><\/div><div class=\"member__info-wrapper\"><div class=\"member__socials\"><span class=\"social__icon flaticon-share\"><\/span><\/div><div class=\"member__info\"><h2 class=\"member__name\"><a href=\"https:\/\/www.zillian.co.ao\/pt\/team\/tiago_mesquita\/\">Tiago D\u00e1 Mesquita<\/a><\/h2><div class=\"info__highlighted\">Director Geral<\/div><\/div><\/div><\/div><\/article><article class=\"team__member swiper-slide\"><div class=\"member__wrapper\"><div class=\"member__media\"><a href=\"https:\/\/www.zillian.co.ao\/pt\/team\/antonio_leite\/\" class=\"member__thumbnail\"><img decoding=\"async\" loading=\"lazy\" src=\"https:\/\/www.zillian.co.ao\/wp-content\/uploads\/2022\/09\/antonio-leite-600x600.jpg\" class=\"thumbnail__featured\" alt=\"\"><\/a><\/div><div class=\"member__info-wrapper\"><div class=\"member__socials\"><span class=\"social__icon flaticon-share\"><\/span><\/div><div class=\"member__info\"><h2 class=\"member__name\"><a href=\"https:\/\/www.zillian.co.ao\/pt\/team\/antonio_leite\/\">Ant\u00f3nio Leite<\/a><\/h2><div class=\"info__highlighted\">Director Executivo - Direc\u00e7\u00e3o de Clientes e Mercados<\/div><\/div><\/div><\/div><\/article><article class=\"team__member swiper-slide\"><div class=\"member__wrapper\"><div class=\"member__media\"><a href=\"https:\/\/www.zillian.co.ao\/pt\/team\/rufino_gomes\/\" class=\"member__thumbnail\"><img decoding=\"async\" loading=\"lazy\" src=\"https:\/\/www.zillian.co.ao\/wp-content\/uploads\/2022\/09\/rg-600x600.jpg\" class=\"thumbnail__featured\" alt=\"\"><\/a><\/div><div class=\"member__info-wrapper\"><div class=\"member__socials\"><span class=\"social__icon flaticon-share\"><\/span><\/div><div class=\"member__info\"><h2 class=\"member__name\"><a href=\"https:\/\/www.zillian.co.ao\/pt\/team\/rufino_gomes\/\">Rufino Gomes<\/a><\/h2><div class=\"info__highlighted\">Coordenador de Desenvolvimento de Neg\u00f3cios<\/div><\/div><\/div><\/div><\/article><article class=\"team__member swiper-slide\"><div class=\"member__wrapper\"><div class=\"member__media\"><a href=\"https:\/\/www.zillian.co.ao\/pt\/team\/anabela_rombo\/\" class=\"member__thumbnail\"><img decoding=\"async\" loading=\"lazy\" src=\"https:\/\/www.zillian.co.ao\/wp-content\/uploads\/2022\/09\/ar-600x600.jpg\" class=\"thumbnail__featured\" alt=\"\"><\/a><\/div><div class=\"member__info-wrapper\"><div class=\"member__socials\"><span class=\"social__icon flaticon-share\"><\/span><\/div><div class=\"member__info\"><h2 class=\"member__name\"><a href=\"https:\/\/www.zillian.co.ao\/pt\/team\/anabela_rombo\/\">Anabela Rombo<\/a><\/h2><div class=\"info__highlighted\">Coordenadora Comercial \u2013 Clientes Locais<\/div><\/div><\/div><\/div><\/article><article class=\"team__member swiper-slide\"><div class=\"member__wrapper\"><div class=\"member__media\"><a href=\"https:\/\/www.zillian.co.ao\/pt\/team\/braulia_carlos\/\" class=\"member__thumbnail\"><img decoding=\"async\" loading=\"lazy\" src=\"https:\/\/www.zillian.co.ao\/wp-content\/uploads\/2022\/09\/bc-600x600.jpg\" class=\"thumbnail__featured\" alt=\"\"><\/a><\/div><div class=\"member__info-wrapper\"><div class=\"member__socials\"><span class=\"social__icon flaticon-share\"><\/span><\/div><div class=\"member__info\"><h2 class=\"member__name\"><a href=\"https:\/\/www.zillian.co.ao\/pt\/team\/braulia_carlos\/\">Br\u00e1ulia Carlos<\/a><\/h2><div class=\"info__highlighted\">Directora Executiva - Direc\u00e7\u00e3o de Crescimento e Integra\u00e7\u00e3o<\/div><\/div><\/div><\/div><\/article><article class=\"team__member swiper-slide\"><div class=\"member__wrapper\"><div class=\"member__media\"><a href=\"https:\/\/www.zillian.co.ao\/pt\/team\/ivanilson_pestana\/\" class=\"member__thumbnail\"><img decoding=\"async\" loading=\"lazy\" src=\"https:\/\/www.zillian.co.ao\/wp-content\/uploads\/2022\/09\/ivanilson-pestana-600x600.jpg\" class=\"thumbnail__featured\" alt=\"\"><\/a><\/div><div class=\"member__info-wrapper\"><div class=\"member__socials\"><span class=\"social__icon flaticon-share\"><\/span><\/div><div class=\"member__info\"><h2 class=\"member__name\"><a href=\"https:\/\/www.zillian.co.ao\/pt\/team\/ivanilson_pestana\/\">Ivanilson Pestana<\/a><\/h2><div class=\"info__highlighted\">Coordenador Comercial \u2013 Clientes Internacionais<\/div><\/div><\/div><\/div><\/article><article class=\"team__member swiper-slide\"><div class=\"member__wrapper\"><div class=\"member__media\"><a href=\"https:\/\/www.zillian.co.ao\/pt\/team\/branca_da_mesquita\/\" class=\"member__thumbnail\"><img decoding=\"async\" loading=\"lazy\" src=\"https:\/\/www.zillian.co.ao\/wp-content\/uploads\/2023\/11\/branca-da-mesquita-600x600.jpg\" class=\"thumbnail__featured\" alt=\"\"><\/a><\/div><div class=\"member__info-wrapper\"><div class=\"member__socials\"><span class=\"social__icon flaticon-share\"><\/span><\/div><div class=\"member__info\"><h2 class=\"member__name\"><a href=\"https:\/\/www.zillian.co.ao\/pt\/team\/branca_da_mesquita\/\">Branca D\u00e1 Mesquita<\/a><\/h2><div class=\"info__highlighted\">Directora Executiva - Direc\u00e7\u00e3o de Administra\u00e7\u00e3o e Finan\u00e7as<\/div><\/div><\/div><\/div><\/article><\/div><ul class=\"swiper-pagination\" role=\"tablist\" data-carousel=\"wgl_carousel_69ea31a862497\"><\/ul><\/div><button class=\"elementor-swiper-button elementor-swiper-button-prev\" data-carousel=\"wgl_carousel_69ea31a862497\"><\/button><button class=\"elementor-swiper-button elementor-swiper-button-next\" data-carousel=\"wgl_carousel_69ea31a862497\"><\/button><\/div><\/div><\/section>\t\t<\/div>\n\t\t\t\t<\/div>\n\t\t\t\t\t<\/div>\n\t\t<\/div>\n\t\t\t\t\t\t\t<\/div>\n\t\t<\/section>\n\t\t\t\t\t\t\t<\/div>\n\t\t","protected":false},"excerpt":{"rendered":"<p>Quem Somos Equipa A Nossa Equipa Tiago D\u00e1 Mesquita Director Geral Ant\u00f3nio Leite Director T\u00e9cnico e de Sinistros Rufino Gomes Coordenador de Opera\u00e7\u00f5es Anabela Rombo Coordenadora Comercial \u2013 Clientes Locais Br\u00e1ulia Carlos Coordenadora de Resseguro Sebasti\u00e3o Carlos Coordenador Comercial \u2013 Clientes Internacionais Valdemir Fortes Coordenador de Contabilidade<\/p>\n","protected":false},"author":3,"featured_media":0,"parent":0,"menu_order":0,"comment_status":"closed","ping_status":"closed","template":"","meta":{"nf_dc_page":"","om_disable_all_campaigns":false,"loftloader_page_shortcode":"","footnotes":""},"class_list":["post-20506","page","type-page","status-publish","hentry"],"_links":{"self":[{"href":"https:\/\/www.zillian.co.ao\/pt\/wp-json\/wp\/v2\/pages\/20506","targetHints":{"allow":["GET"]}}],"collection":[{"href":"https:\/\/www.zillian.co.ao\/pt\/wp-json\/wp\/v2\/pages"}],"about":[{"href":"https:\/\/www.zillian.co.ao\/pt\/wp-json\/wp\/v2\/types\/page"}],"author":[{"embeddable":true,"href":"https:\/\/www.zillian.co.ao\/pt\/wp-json\/wp\/v2\/users\/3"}],"replies":[{"embeddable":true,"href":"https:\/\/www.zillian.co.ao\/pt\/wp-json\/wp\/v2\/comments?post=20506"}],"version-history":[{"count":0,"href":"https:\/\/www.zillian.co.ao\/pt\/wp-json\/wp\/v2\/pages\/20506\/revisions"}],"wp:attachment":[{"href":"https:\/\/www.zillian.co.ao\/pt\/wp-json\/wp\/v2\/media?parent=20506"}],"curies":[{"name":"wp","href":"https:\/\/api.w.org\/{rel}","templated":true}]}}